{"id":337,"date":"2021-01-18T12:38:27","date_gmt":"2021-01-18T11:38:27","guid":{"rendered":"https:\/\/lab.fortuno.hr\/tetra\/?page_id=337"},"modified":"2021-01-19T10:19:19","modified_gmt":"2021-01-19T09:19:19","slug":"o-nama","status":"publish","type":"page","link":"https:\/\/lab.fortuno.hr\/tetra\/o-nama\/","title":{"rendered":"O nama"},"content":{"rendered":"<p>[vc_row][vc_column][vc_column_text]Tetra nekretnine d.o.o. je specijalizirana tvrtka koja pru\u017ea sve vrste usluga vezanih za promet nekretnina. Sjedi\u0161te tvrtke je u Vinkovcima, ali tvrtka radi na podru\u010dju cijele Republike Hrvatske odnosno gdje god se otvori dobra poslovna prilika.<\/p>\n<p>Ukoliko ste odlu\u010dili kupiti, prodati ili iznajmiti stambeni ili poslovni prostor, gra\u0111evinsko ili poljoprivredno zemlji\u0161te, obratite nam se s povjerenjem. Tetra nekretnine d.o.o. sposobna je pru\u017eiti kompletnu uslugu kupoprodaje nekretnina u Hrvatskoj bilo da ste prodavatelj ili kupac nekretnine. Krunoslava Baumschabel Bani\u0107 koja vodi poslovanje univerzitetski je specijalist ekonomije i posjeduje \u0161iroko znanje o prometu nekretninama uklju\u010divo savjetovanje u vezi financiranja i vo\u0111enja projekata kao dugogodi\u0161nji vrhunski bankarski stru\u010dnjak. Tetra nekretnine d.o.o. pravno prati renomirani odvjetni\u010dki ured specijaliziran za gra\u0111ansko-pravne poslove i trgova\u010dko pravo.<\/p>\n<p>Za sve upite na raspolaganju smo u sjedi\u0161tu tvrtke u Vinkovcima u Gunduli\u0107evoj 10. radnim danom 9-14 sati ili nas mo\u017eete kontaktirati telefonski na broju 098\/981 21 31 ili mailom, te dogovoriti savjetovanje u vremenu koje je prilago\u0111eno va\u0161im mogu\u0107nostima.[\/vc_column_text][\/vc_column][\/vc_row]<\/p>\n","protected":false},"excerpt":{"rendered":"<p>[vc_row][vc_column][vc_column_text]Tetra nekretnine d.o.o. je specijalizirana tvrtka koja pru\u017ea sve vrste usluga vezanih za promet nekretnina. Sjedi\u0161te tvrtke je u Vinkovcima, ali tvrtka radi na podru\u010dju cijele Republike Hrvatske odnosno gdje god se otvori dobra poslovna prilika. Ukoliko ste odlu\u010dili kupiti, prodati ili iznajmiti stambeni ili poslovni prostor, gra\u0111evinsko ili poljoprivredno zemlji\u0161te, obratite nam se s [&hellip;]<\/p>\n","protected":false},"author":1,"featured_media":0,"parent":0,"menu_order":0,"comment_status":"closed","ping_status":"closed","template":"","meta":[],"_links":{"self":[{"href":"https:\/\/lab.fortuno.hr\/tetra\/wp-json\/wp\/v2\/pages\/337"}],"collection":[{"href":"https:\/\/lab.fortuno.hr\/tetra\/wp-json\/wp\/v2\/pages"}],"about":[{"href":"https:\/\/lab.fortuno.hr\/tetra\/wp-json\/wp\/v2\/types\/page"}],"author":[{"embeddable":true,"href":"https:\/\/lab.fortuno.hr\/tetra\/wp-json\/wp\/v2\/users\/1"}],"replies":[{"embeddable":true,"href":"https:\/\/lab.fortuno.hr\/tetra\/wp-json\/wp\/v2\/comments?post=337"}],"version-history":[{"count":5,"href":"https:\/\/lab.fortuno.hr\/tetra\/wp-json\/wp\/v2\/pages\/337\/revisions"}],"predecessor-version":[{"id":366,"href":"https:\/\/lab.fortuno.hr\/tetra\/wp-json\/wp\/v2\/pages\/337\/revisions\/366"}],"wp:attachment":[{"href":"https:\/\/lab.fortuno.hr\/tetra\/wp-json\/wp\/v2\/media?parent=337"}],"curies":[{"name":"wp","href":"https:\/\/api.w.org\/{rel}","templated":true}]}}