{"id":193,"date":"2017-07-09T13:16:42","date_gmt":"2017-07-09T11:16:42","guid":{"rendered":"http:\/\/localhost\/themes\/wordpress\/findeo\/?page_id=10"},"modified":"2021-01-18T13:06:10","modified_gmt":"2021-01-18T12:06:10","slug":"naslovna","status":"publish","type":"page","link":"https:\/\/lab.fortuno.hr\/tetra\/","title":{"rendered":"Naslovna"},"content":{"rendered":"<p>[vc_row css=&#8221;.vc_custom_1502810943016{margin-top: 15px !important;margin-bottom: 90px !important;}&#8221;][vc_column css=&#8221;.vc_custom_1499936238058{margin-top: 35px !important;}&#8221;]<h3 style=\"font-weight:normal;text-align:left;\" class=\"headline margin-top-15 margin-bottom-20     \">Novo na tr\u017ei\u0161tu<\/h3>        <div class=\"carousel\">\r\n\t\t                <div class=\"carousel-item\">\r\n\t               <!-- Listing Item -->\r\n<div class=\"listing-item\" \r\n\tdata-title=\"Vinkovci Slavija, visoka prizemnica\"\r\n\tdata-friendly-address=\"Slavija\" \r\n\tdata-address=\"Slavija\" \r\n\tdata-price=\"65.000&euro;&lt;i class=&quot;price_per_scale&quot;&gt;406&euro; \/ m\u00b2<\/i>\"\r\n\tdata-image=\"https:\/\/lab.fortuno.hr\/tetra\/wp-content\/uploads\/2021\/04\/IMG_20200312_123738-520x397.jpg\" \r\n\tdata-longitude=\"45.310132891992104\" \r\n\tdata-latitude=\"18.80208941163585\">\r\n\r\n\t<a href=\"https:\/\/lab.fortuno.hr\/tetra\/nekretnina\/vinkovci-slavija-visoka-prizemnica-2\/\" class=\"listing-img-container\">\r\n\t\t<div class=\"listing-badges\">\r\n\t\t\t<span class=\"featured\">Istaknuto<\/span>\t\t\t\t\t<\/div>\r\n\r\n\t\t<div class=\"listing-img-content\">\r\n\t\t\t<span class=\"listing-price\">65.000&euro; <i class=\"price_per_scale\"> 406&euro; \/ m\u00b2 <\/i><\/span>\r\n\t\t\t\t\t\t\t\t<span class=\"compare-button with-tip \"  data-post_id=\"434\" \r\n\t\t\t\t\t\tdata-nonce=\"841e8bbb7d\" \r\n\t\t\t\t\t\tdata-tip-content=\"Dodaj u usporedbu\"  \r\n\t\t\t\t\t\tdata-tip-adding-content=\"Adding To Compare &lt;i class=&quot;fa fa-circle-o-notch fa-spin fa-fw&quot;&gt;&lt;\/i&gt;\" \r\n\t\t\t\t\t\tdata-tip-added-content=\"Dodano za usporedbu!\"><\/span>\r\n\t\t\t\t\t\t<\/div>\r\n\t\r\n\t\t<div class=\"listing-carousel\"><div><img src=\"https:\/\/lab.fortuno.hr\/tetra\/wp-content\/uploads\/2021\/04\/IMG_20200312_124433-520x397.jpg\" alt=\"\"><\/div><div><img src=\"https:\/\/lab.fortuno.hr\/tetra\/wp-content\/uploads\/2021\/04\/IMG_20200312_124416-520x397.jpg\" alt=\"\"><\/div><div><img src=\"https:\/\/lab.fortuno.hr\/tetra\/wp-content\/uploads\/2021\/04\/IMG_20200312_124401-520x397.jpg\" alt=\"\"><\/div><\/div>\r\n\t<\/a>\r\n\t\r\n\t<div class=\"listing-content\">\r\n\r\n\t\t<div class=\"listing-title\">\r\n\t\t\t<h4><a href=\"https:\/\/lab.fortuno.hr\/tetra\/nekretnina\/vinkovci-slavija-visoka-prizemnica-2\/\">Vinkovci Slavija, visoka prizemnica<\/a><\/h4>\r\n\t\t\t<a class=\"listing-address\" href=\"https:\/\/lab.fortuno.hr\/tetra\/nekretnina\/vinkovci-slavija-visoka-prizemnica-2\/#location\"><i class=\"fa fa-map-marker\"><\/i>Slavija<\/a>\t\t\t\r\n\t\t\t<a href=\"https:\/\/lab.fortuno.hr\/tetra\/nekretnina\/vinkovci-slavija-visoka-prizemnica-2\/\" class=\"details button border\">Detalji<\/a>\r\n\t\t<\/div>\r\n\t\t<!-- Main Details -->\r\n<ul class=\"listing-details\">\r\n<li class=\"main-detail-_area\"><span>160<\/span> m\u00b2 <\/li><li class=\"main-detail-_rooms\">Soba <span>6<\/span><\/li><\/ul>\t\t\r\n\t\t\r\n\t<\/div>\r\n\r\n<\/div>\r\n<!-- Listing Item \/ End -->\t\t        <\/div>\r\n\t\t         <\/div>\r\n\t\t[\/vc_column][\/vc_row][vc_row full_width=&#8221;stretch_row&#8221; el_class=&#8221;fullwidth&#8221; css=&#8221;.vc_custom_1499936268709{margin-top: 25px !important;}&#8221;][vc_column]<h3 style=\"font-weight:normal;text-align:center;\" class=\"headline margin-top-15 margin-bottom-35 headline-box    \">U potrazi ste za?<\/h3>[vc_row_inner][vc_column_inner width=&#8221;1\/4&#8243;]\t\t<div class=\"icon-box-1\">\r\n\t\t\t<div class=\"icon-container\">\r\n\t\t\t\t<i class=\"im im-icon-Office\"><\/i>\r\n\t\t\t\t\t\t\t\t\t<div class=\"icon-links\">\r\n\t\t\t\t\t\t<a href=\"https:\/\/lab.fortuno.hr\/tetra\/properties\/?realteo_order=featured&#038;_property_type=stan\" title=\"Pretra\u017ei\">Pretra\u017ei<\/a>\t\t\t\t\t\t\t\t\t\t\t<\/div>\r\n\t\t\t\t\t\t\t<\/div>\r\n\r\n\t\t\t<h3>Stan<\/h3>\r\n\t\t\t<p>Aliquam dictum elit vitae mauris facilisis, at dictum urna dignissim donec vel lectus vel felis.<\/p>\r\n\t\t<\/div>\r\n\r\n\t    [\/vc_column_inner][vc_column_inner width=&#8221;1\/4&#8243;]\t\t<div class=\"icon-box-1\">\r\n\t\t\t<div class=\"icon-container\">\r\n\t\t\t\t<i class=\"im im-icon-Home-2\"><\/i>\r\n\t\t\t\t\t\t\t\t\t<div class=\"icon-links\">\r\n\t\t\t\t\t\t<a href=\"https:\/\/lab.fortuno.hr\/tetra\/properties\/?realteo_order=featured&#038;_property_type=kuca\" title=\"Pretra\u017ei\">Pretra\u017ei<\/a>\t\t\t\t\t\t\t\t\t\t\t<\/div>\r\n\t\t\t\t\t\t\t<\/div>\r\n\r\n\t\t\t<h3>Ku\u0107a<\/h3>\r\n\t\t\t<p>Aliquam dictum elit vitae mauris facilisis, at dictum urna dignissim donec vel lectus vel felis.<\/p>\r\n\t\t<\/div>\r\n\r\n\t    [\/vc_column_inner][vc_column_inner width=&#8221;1\/4&#8243;]\t\t<div class=\"icon-box-1\">\r\n\t\t\t<div class=\"icon-container\">\r\n\t\t\t\t<i class=\"im im-icon-Clothing-Store\"><\/i>\r\n\t\t\t\t\t\t\t\t\t<div class=\"icon-links\">\r\n\t\t\t\t\t\t<a href=\"https:\/\/lab.fortuno.hr\/tetra\/properties\/?realteo_order=featured&#038;_property_type=poslovni-prostor\" title=\"Pretra\u017ei\">Pretra\u017ei<\/a>\t\t\t\t\t\t\t\t\t\t\t<\/div>\r\n\t\t\t\t\t\t\t<\/div>\r\n\r\n\t\t\t<h3>Poslovni prostor<\/h3>\r\n\t\t\t<p>Aliquam dictum elit vitae mauris facilisis, at dictum urna dignissim donec vel lectus vel felis.<\/p>\r\n\t\t<\/div>\r\n\r\n\t    [\/vc_column_inner][vc_column_inner width=&#8221;1\/4&#8243;]\t\t<div class=\"icon-box-1\">\r\n\t\t\t<div class=\"icon-container\">\r\n\t\t\t\t<i class=\"im im-icon-Background\"><\/i>\r\n\t\t\t\t\t\t\t\t\t<div class=\"icon-links\">\r\n\t\t\t\t\t\t<a href=\"https:\/\/lab.fortuno.hr\/tetra\/properties\/?realteo_order=featured&#038;_property_type=zemljiste\" title=\"Pretra\u017ei\">Pretra\u017ei<\/a>\t\t\t\t\t\t\t\t\t\t\t<\/div>\r\n\t\t\t\t\t\t\t<\/div>\r\n\r\n\t\t\t<h3>Zemlji\u0161te<\/h3>\r\n\t\t\t<p>Aliquam dictum elit vitae mauris facilisis, at dictum urna dignissim donec vel lectus vel felis.<\/p>\r\n\t\t<\/div>\r\n\r\n\t    [\/vc_column_inner][\/vc_row_inner][\/vc_column][\/vc_row][vc_row css=&#8221;.vc_custom_1502811041322{margin-top: 45px !important;margin-bottom: 85px !important;}&#8221;][vc_column]<h3 style=\"font-weight:normal;text-align:center;\" class=\"headline margin-top-15 margin-bottom-35     \">Popularne \u017eupanije<span>Nekretnine u tra\u017eenim \u017eupanijama<\/span><\/h3>[vc_row_inner][vc_column_inner width=&#8221;1\/3&#8243;]\t\t\t <!-- Image Box -->\r\n\t\t\t<a href=\"https:\/\/lab.fortuno.hr\/tetra\/zupanija\/grad-zagreb\/\" class=\"img-box\" data-background-image=\"https:\/\/lab.fortuno.hr\/tetra\/wp-content\/uploads\/2021\/01\/zagreb.jpg\">\r\n\t\t\t\t\r\n\t\t\t\t\r\n\t\t\t\t<div class=\"img-box-content visible\">\r\n\t\t\t\t\t<h4>Grad Zagreb<\/h4>\r\n\t\t\t\t\t<span>0 Nekretnine<\/span> \t\t\t\t<\/div>\r\n\t\t\t<\/a>\r\n\r\n\r\n\t\t    [\/vc_column_inner][vc_column_inner width=&#8221;2\/3&#8243;]\t\t\t <!-- Image Box -->\r\n\t\t\t<a href=\"https:\/\/lab.fortuno.hr\/tetra\/zupanija\/vukovarsko-srijemska\/\" class=\"img-box\" data-background-image=\"https:\/\/lab.fortuno.hr\/tetra\/wp-content\/uploads\/2021\/01\/vinkovci.jpg\">\r\n\t\t\t\t\r\n\t\t\t\t\r\n\t\t\t\t<div class=\"img-box-content visible\">\r\n\t\t\t\t\t<h4>Vukovarsko-srijemska<\/h4>\r\n\t\t\t\t\t<span>1 Nekretnine<\/span> \t\t\t\t<\/div>\r\n\t\t\t<\/a>\r\n\r\n\r\n\t\t    [\/vc_column_inner][\/vc_row_inner][vc_row_inner][vc_column_inner width=&#8221;2\/3&#8243;]\t\t\t <!-- Image Box -->\r\n\t\t\t<a href=\"https:\/\/lab.fortuno.hr\/tetra\/zupanija\/splitsko-dalmatinska\/\" class=\"img-box\" data-background-image=\"https:\/\/lab.fortuno.hr\/tetra\/wp-content\/uploads\/2021\/01\/split.jpg\">\r\n\t\t\t\t\r\n\t\t\t\t\r\n\t\t\t\t<div class=\"img-box-content visible\">\r\n\t\t\t\t\t<h4>Splitsko-dalmatinska<\/h4>\r\n\t\t\t\t\t<span>0 Nekretnine<\/span> \t\t\t\t<\/div>\r\n\t\t\t<\/a>\r\n\r\n\r\n\t\t    [\/vc_column_inner][vc_column_inner width=&#8221;1\/3&#8243;]\t\t\t <!-- Image Box -->\r\n\t\t\t<a href=\"https:\/\/lab.fortuno.hr\/tetra\/zupanija\/zadarska\/\" class=\"img-box\" data-background-image=\"https:\/\/lab.fortuno.hr\/tetra\/wp-content\/uploads\/2021\/01\/zadar.jpg\">\r\n\t\t\t\t\r\n\t\t\t\t\r\n\t\t\t\t<div class=\"img-box-content visible\">\r\n\t\t\t\t\t<h4>Zadarska<\/h4>\r\n\t\t\t\t\t<span>0 Nekretnine<\/span> \t\t\t\t<\/div>\r\n\t\t\t<\/a>\r\n\r\n\r\n\t\t    [\/vc_column_inner][\/vc_row_inner][\/vc_column][\/vc_row][vc_row full_width=&#8221;stretch_row&#8221; el_class=&#8221;fullwidth&#8221;][vc_column]<h3 style=\"font-weight:normal;text-align:center;\" class=\"headline margin-top-15 margin-bottom-35 headline-box    \">Novosti<\/h3>[vc_row_inner css=&#8221;.vc_custom_1502811170959{margin-bottom: -20px !important;}&#8221;][vc_column_inner]        <div class=\"findeo-post-grid-wrapper\">\r\n\r\n\r\n\t\t\t\t\t\t\t\r\n            <div class=\"col-md-4\">\r\n            <!-- Blog Post -->\r\n                <div class=\"blog-post\">\r\n                    \r\n                    <!-- Img -->\r\n                    <a href=\"https:\/\/lab.fortuno.hr\/tetra\/nova-gradnja-ima-sanse-2\/\" class=\"post-img\">\r\n                                                    <img src=\"https:\/\/lab.fortuno.hr\/tetra\/wp-content\/uploads\/2021\/04\/00-0003_1609224468_jpg_697cc333af978f031d7c50ed0b30fb80-620x450.jpg\" alt=\"\">\r\n                                            <\/a>\r\n                    \r\n                    <!-- Content -->\r\n                    <div class=\"post-content\">\r\n                        <h3><a href=\"https:\/\/lab.fortuno.hr\/tetra\/nova-gradnja-ima-sanse-2\/\">Nova gradnja ima \u0161anse<\/a><\/h3>\r\n                        <p>Recentna Covid kriza i potresi u Hrvatskoj sigurno nisu imali pozitivan u\u010dinak na tr\u017ei\u0161te nekretnina.<\/p>\r\n\r\n                        <a href=\"https:\/\/lab.fortuno.hr\/tetra\/nova-gradnja-ima-sanse-2\/\" class=\"read-more\">Pro\u010ditaj vi\u0161e <i class=\"fa fa-angle-right\"><\/i><\/a>\r\n                    <\/div>\r\n\r\n                <\/div>\r\n            <\/div>\r\n\t\t\r\n\t\t\t\t\t\t\r\n            <div class=\"col-md-4\">\r\n            <!-- Blog Post -->\r\n                <div class=\"blog-post\">\r\n                    \r\n                    <!-- Img -->\r\n                    <a href=\"https:\/\/lab.fortuno.hr\/tetra\/nova-gradnja-ima-sanse\/\" class=\"post-img\">\r\n                                                    <img src=\"https:\/\/lab.fortuno.hr\/tetra\/wp-content\/uploads\/2021\/04\/00-0003_1609224468_jpg_697cc333af978f031d7c50ed0b30fb80-620x450.jpg\" alt=\"\">\r\n                                            <\/a>\r\n                    \r\n                    <!-- Content -->\r\n                    <div class=\"post-content\">\r\n                        <h3><a href=\"https:\/\/lab.fortuno.hr\/tetra\/nova-gradnja-ima-sanse\/\">Nova gradnja ima \u0161anse<\/a><\/h3>\r\n                        <p>Recentna Covid kriza i potresi u Hrvatskoj sigurno nisu imali pozitivan u\u010dinak na tr\u017ei\u0161te nekretnina.<\/p>\r\n\r\n                        <a href=\"https:\/\/lab.fortuno.hr\/tetra\/nova-gradnja-ima-sanse\/\" class=\"read-more\">Pro\u010ditaj vi\u0161e <i class=\"fa fa-angle-right\"><\/i><\/a>\r\n                    <\/div>\r\n\r\n                <\/div>\r\n            <\/div>\r\n\t\t\r\n\t\t\t        <\/div>\r\n        [\/vc_column_inner][\/vc_row_inner][\/vc_column][\/vc_row][vc_row full_width=&#8221;stretch_row_content_no_spaces&#8221;][vc_column]\r\n\t\t<!-- Flip banner -->\r\n\t\t<a href=\"https:\/\/findeo.wpengine.com\/grid-standard-with-sidebar\/\" class=\"flip-banner parallax\" data-background=\"\" data-color=\"#274abb\" data-color-opacity=\"0.92\" data-img-width=\"2500\" data-img-height=\"1600\">\r\n\r\n\t\t\t<div class=\"flip-banner-content\">\r\n\t\t\t\t<h2 class=\"flip-visible\">Uz Tetra nekretnine nikad br\u017ee do cilja<\/h2>\r\n\t\t\t\t<h2 class=\"flip-hidden\">Pretra\u017ei nekretnine <i class=\"sl sl-icon-arrow-right\"><\/i><\/h2>\r\n\t\t\t<\/div>\r\n\t\t<\/a>\r\n\t\t<!-- Flip banner \/ End -->\r\n [\/vc_column][\/vc_row]<\/p>\n","protected":false},"excerpt":{"rendered":"<p>[vc_row css=&#8221;.vc_custom_1502810943016{margin-top: 15px !important;margin-bottom: 90px !important;}&#8221;][vc_column css=&#8221;.vc_custom_1499936238058{margin-top: 35px !important;}&#8221;][\/vc_column][\/vc_row][vc_row full_width=&#8221;stretch_row&#8221; el_class=&#8221;fullwidth&#8221; css=&#8221;.vc_custom_1499936268709{margin-top: 25px !important;}&#8221;][vc_column][vc_row_inner][vc_column_inner width=&#8221;1\/4&#8243;][\/vc_column_inner][vc_column_inner width=&#8221;1\/4&#8243;][\/vc_column_inner][vc_column_inner width=&#8221;1\/4&#8243;][\/vc_column_inner][vc_column_inner width=&#8221;1\/4&#8243;][\/vc_column_inner][\/vc_row_inner][\/vc_column][\/vc_row][vc_row css=&#8221;.vc_custom_1502811041322{margin-top: 45px !important;margin-bottom: 85px !important;}&#8221;][vc_column][vc_row_inner][vc_column_inner width=&#8221;1\/3&#8243;][\/vc_column_inner][vc_column_inner width=&#8221;2\/3&#8243;][\/vc_column_inner][\/vc_row_inner][vc_row_inner][vc_column_inner width=&#8221;2\/3&#8243;][\/vc_column_inner][vc_column_inner width=&#8221;1\/3&#8243;][\/vc_column_inner][\/vc_row_inner][\/vc_column][\/vc_row][vc_row full_width=&#8221;stretch_row&#8221; el_class=&#8221;fullwidth&#8221;][vc_column][vc_row_inner css=&#8221;.vc_custom_1502811170959{margin-bottom: -20px !important;}&#8221;][vc_column_inner][\/vc_column_inner][\/vc_row_inner][\/vc_column][\/vc_row][vc_row full_width=&#8221;stretch_row_content_no_spaces&#8221;][vc_column][\/vc_column][\/vc_row]<\/p>\n","protected":false},"author":1,"featured_media":0,"parent":0,"menu_order":0,"comment_status":"closed","ping_status":"closed","template":"template-search-form.php","meta":[],"_links":{"self":[{"href":"https:\/\/lab.fortuno.hr\/tetra\/wp-json\/wp\/v2\/pages\/193"}],"collection":[{"href":"https:\/\/lab.fortuno.hr\/tetra\/wp-json\/wp\/v2\/pages"}],"about":[{"href":"https:\/\/lab.fortuno.hr\/tetra\/wp-json\/wp\/v2\/types\/page"}],"author":[{"embeddable":true,"href":"https:\/\/lab.fortuno.hr\/tetra\/wp-json\/wp\/v2\/users\/1"}],"replies":[{"embeddable":true,"href":"https:\/\/lab.fortuno.hr\/tetra\/wp-json\/wp\/v2\/comments?post=193"}],"version-history":[{"count":18,"href":"https:\/\/lab.fortuno.hr\/tetra\/wp-json\/wp\/v2\/pages\/193\/revisions"}],"predecessor-version":[{"id":349,"href":"https:\/\/lab.fortuno.hr\/tetra\/wp-json\/wp\/v2\/pages\/193\/revisions\/349"}],"wp:attachment":[{"href":"https:\/\/lab.fortuno.hr\/tetra\/wp-json\/wp\/v2\/media?parent=193"}],"curies":[{"name":"wp","href":"https:\/\/api.w.org\/{rel}","templated":true}]}}