{"id":5998,"date":"2021-10-19T08:19:26","date_gmt":"2021-10-19T06:19:26","guid":{"rendered":"https:\/\/lab.fortuno.hr\/slavonski-hrast\/?page_id=5998"},"modified":"2021-10-19T08:19:27","modified_gmt":"2021-10-19T06:19:27","slug":"pronadi-posao-u-drvnom-sektoru","status":"publish","type":"page","link":"https:\/\/lab.fortuno.hr\/slavonski-hrast\/pronadi-posao-u-drvnom-sektoru\/","title":{"rendered":"Prona\u0111i posao u drvnom sektoru"},"content":{"rendered":"\n<p><strong>\u201eProna\u0111i posao u drvnom sektoru!\u201c<\/strong>\u00a0projekt je <a href=\"https:\/\/lab.fortuno.hr\/slavonski-hrast\/\"><strong><u>Drvnog klastera SLAVONSKI HRAST<\/u><\/strong><\/a>\u00a0pokrenut u <strong>partnerstvu<\/strong>\u00a0s <strong>Podru\u010dnim uredom Vinkovci Hrvatskog zavoda za zapo\u0161ljavanje<\/strong>, <a href=\"http:\/\/www.vusz.hr\/\"><strong><u>Vukovarsko-srijemskom \u017eupanijom<\/u><\/strong><\/a>\u00a0i <a href=\"http:\/\/zakud.hr\/\"><strong><u>Zajednicom kulturno-umjetni\u010dkih djelatnosti Vukovarsko-srijemske \u017eupanije<\/u><\/strong><\/a>.<\/p>\n\n\n\n<p><strong>Ukupna vrijednost projekta<\/strong>\u00a0je <strong>1.346.649,70 HRK<\/strong>. Bespovratna sredstva osigurana su iz <strong>Dr\u017eavnog prora\u010duna Republike Hrvatske (8,11 %)<\/strong>\u00a0i iz <strong>Inicijative za zapo\u0161ljavanje mladih (91,89 %)<\/strong>\u00a0u ukupnom iznosu od <strong>1.346.649,70 HRK.<\/strong><\/p>\n\n\n\n<p><strong>Ciljanu skupinu<\/strong>&nbsp;projekta \u010dine mlade osobe <strong>do 29 godina<\/strong>&nbsp;koji ispunjavaju sljede\u0107e <strong>NEET uvjete<\/strong>:<\/p>\n\n\n\n<ul><li><strong>nisu u sustavu obrazovanja ili osposobljavanja, <\/strong><\/li><li><strong>nisu zaposleni, <\/strong><\/li><li><strong>nisu u evidenciji nezaposlenih<\/strong>\u00a0osoba Hrvatskog zavoda za zapo\u0161ljavanje <strong>najmanje 4 mjeseca<\/strong>\u00a0prije ulaska u projektne aktivnosti.<\/li><\/ul>\n\n\n\n<figure class=\"wp-block-image size-large\"><img loading=\"lazy\" width=\"1024\" height=\"532\" src=\"https:\/\/lab.fortuno.hr\/slavonski-hrast\/wp-content\/uploads\/2021\/10\/Tko-su-NEET-osobe-1-1024x532.png\" alt=\"\" class=\"wp-image-6003\" srcset=\"https:\/\/lab.fortuno.hr\/slavonski-hrast\/wp-content\/uploads\/2021\/10\/Tko-su-NEET-osobe-1-1024x532.png 1024w, https:\/\/lab.fortuno.hr\/slavonski-hrast\/wp-content\/uploads\/2021\/10\/Tko-su-NEET-osobe-1-400x208.png 400w, https:\/\/lab.fortuno.hr\/slavonski-hrast\/wp-content\/uploads\/2021\/10\/Tko-su-NEET-osobe-1-768x399.png 768w, https:\/\/lab.fortuno.hr\/slavonski-hrast\/wp-content\/uploads\/2021\/10\/Tko-su-NEET-osobe-1-370x192.png 370w, https:\/\/lab.fortuno.hr\/slavonski-hrast\/wp-content\/uploads\/2021\/10\/Tko-su-NEET-osobe-1-760x395.png 760w, https:\/\/lab.fortuno.hr\/slavonski-hrast\/wp-content\/uploads\/2021\/10\/Tko-su-NEET-osobe-1-387x201.png 387w, https:\/\/lab.fortuno.hr\/slavonski-hrast\/wp-content\/uploads\/2021\/10\/Tko-su-NEET-osobe-1-500x260.png 500w, https:\/\/lab.fortuno.hr\/slavonski-hrast\/wp-content\/uploads\/2021\/10\/Tko-su-NEET-osobe-1.png 1200w\" sizes=\"(max-width: 1024px) 100vw, 1024px\" \/><\/figure>\n\n\n\n<p><strong>Cilj projekta<\/strong>\u00a0je provedba <strong>aktivnosti dosega i obrazovanja 30 neaktivnih NEET osoba<\/strong>\u00a0(20 neaktivnih NEET osoba mla\u0111ih od 25 godina i 10 neaktivnih NEET osoba u dobi od 25 do 29 godina) na podru\u010dju Vukovarsko-srijemske \u017eupanije te <strong>poticanje<\/strong>\u00a0njihovog <strong>zapo\u0161ljavanja ili samozapo\u0161ljavanja u drvnom sektoru.<\/strong><\/p>\n\n\n\n<p>Projekt stavlja naglasak na potrebe tr\u017ei\u0161ta rada drvnog sektora i na sinergiju drvnog sektora s lokalnim folklorom kroz finalne proizvode od drva, njihovom proizvodnjom, marketingom i prodajom kao tradicijskih proizvoda s kulturnom vrijednosti gdje i \u0161umarstvo i drvna industrija bazirani na vrijednom sirovinskom potencijalu i kulturna ba\u0161tina kao veliki turisti\u010dki i marketin\u0161ki potencijal predstavljaju priliku za mlade i kreativne osobe.<\/p>\n\n\n\n<p><strong>Mjerljivi ishodi projekta:<\/strong><strong><\/strong><\/p>\n\n\n\n<ol type=\"1\"><li>30 izra\u0111enih <strong>individualnih planova aktivnosti<\/strong>\u00a0s ciljem aktivacije NEET osoba radi uklju\u010divanja u zapo\u0161ljavanje, osposobljavanje ili daljnje formalno obrazovanje,<\/li><li>Provedeni ciljani programi \u2013 <strong>jednodnevni studijski posjet<\/strong>\u00a0u svrhu aktivacije i privla\u010denja osoba u aktivnost i aktivno tra\u017eenje posla za 30 pripadnika ciljane skupine,<\/li><li>Provedena 5-dnevna <strong>radionica za razvoj i unaprje\u0111enje mekih i transverzalnih vje\u0161tina<\/strong>\u00a0za 30 pripadnika ciljane skupine,<\/li><li>Provedena <strong>usluga mentorstva<\/strong>\u00a0za 30 pripadnika ciljane skupine,<\/li><li>30 pripadnika ciljane skupine sudjelovali u <strong>radionicama\/informiranju o kretanjima na tr\u017ei\u0161tu rada<\/strong>,<\/li><li>30 pripadnika ciljane skupine uklju\u010deni u <strong>verificirane programe obrazovanja<\/strong>\u00a0odraslih,<\/li><li>10 pripadnika ciljane skupine uklju\u010deni u aktivnosti razvoja poduzetni\u010dkih vje\u0161tina i aktivnosti razvoja poslovnih ideja putem <strong>online edukacije \u201ePostani poduzetnik\u201c,<\/strong><\/li><li>Izra\u017eeni promotivni materijali i provedene promotivne aktivnosti.<\/li><\/ol>\n\n\n\n<p><strong>Vrijeme trajanja projekta je 24 mjeseca (16.07.2021. \u2013 16.07.2023.).<\/strong><strong><\/strong><\/p>\n\n\n\n<p>Pripadate NEET skupini i ispunjavate sve navedene uvjete projekta ili znate nekoga tko bi bio idealan kandidat za sudjelovanje u projektnim aktivnostima? Javite nam se!<\/p>\n\n\n\n<p><strong>Kontakt:<\/strong><strong><\/strong><\/p>\n\n\n\n<p><strong>Voditeljica projekta:<\/strong>&nbsp;Ana \u0160krabo<\/p>\n\n\n\n<p><strong>e-mail:<\/strong>&nbsp;<a href=\"mailto:projekt.pronadi.posao@gmail.com\"><u>projekt.pronadi.posao@gmail.com<\/u><\/a><\/p>\n\n\n\n<p><strong>Telefon:<\/strong>&nbsp;+385 99 4015 945<\/p>\n\n\n\n<p><strong>Facebook:<\/strong>\u00a0<a href=\"https:\/\/www.facebook.com\/Prona%C4%91i-posao-u-drvnom-sektoru-105541915180548\/\"><u>Prona\u0111i posao u drvnom sektoru!<\/u><\/a><\/p>\n\n\n\n<div class=\"wp-block-image\"><figure class=\"aligncenter size-full\"><img loading=\"lazy\" width=\"507\" height=\"163\" src=\"https:\/\/lab.fortuno.hr\/slavonski-hrast\/wp-content\/uploads\/2021\/10\/lenta.png\" alt=\"\" class=\"wp-image-6005\" srcset=\"https:\/\/lab.fortuno.hr\/slavonski-hrast\/wp-content\/uploads\/2021\/10\/lenta.png 507w, https:\/\/lab.fortuno.hr\/slavonski-hrast\/wp-content\/uploads\/2021\/10\/lenta-400x129.png 400w, https:\/\/lab.fortuno.hr\/slavonski-hrast\/wp-content\/uploads\/2021\/10\/lenta-370x119.png 370w, https:\/\/lab.fortuno.hr\/slavonski-hrast\/wp-content\/uploads\/2021\/10\/lenta-387x124.png 387w, https:\/\/lab.fortuno.hr\/slavonski-hrast\/wp-content\/uploads\/2021\/10\/lenta-500x161.png 500w\" sizes=\"(max-width: 507px) 100vw, 507px\" \/><\/figure><\/div>\n\n\n\n<p class=\"has-text-align-center\"><em>Vi\u0161e o EU fondovima na <\/em><a href=\"http:\/\/www.strukturnifondovi.hr\"><em><u>www.strukturnifondovi.hr<\/u><\/em><\/a><em><\/em><\/p>\n\n\n\n<p class=\"has-text-align-center\"><em>Sadr\u017eaj publikacije isklju\u010diva je odgovornost Drvnog klastera SLAVONSKI HRAST<\/em><em><\/em><\/p>\n","protected":false},"excerpt":{"rendered":"<p>\u201eProna\u0111i posao u drvnom sektoru!\u201c\u00a0projekt je Drvnog klastera SLAVONSKI HRAST\u00a0pokrenut u partnerstvu\u00a0s Podru\u010dnim uredom Vinkovci Hrvatskog zavoda za zapo\u0161ljavanje, Vukovarsko-srijemskom \u017eupanijom\u00a0i Zajednicom kulturno-umjetni\u010dkih djelatnosti Vukovarsko-srijemske \u017eupanije. Ukupna vrijednost projekta\u00a0je 1.346.649,70 HRK. Bespovratna sredstva&hellip;<\/p>\n","protected":false},"author":1,"featured_media":0,"parent":0,"menu_order":0,"comment_status":"closed","ping_status":"closed","template":"","meta":[],"yoast_head":"<!-- This site is optimized with the Yoast SEO plugin v18.4.1 - https:\/\/yoast.com\/wordpress\/plugins\/seo\/ -->\n<title>Prona\u0111i posao u drvnom sektoru - Slavonski hrast<\/title>\n<meta name=\"robots\" content=\"index, follow, max-snippet:-1, max-image-preview:large, max-video-preview:-1\" \/>\n<link rel=\"canonical\" href=\"https:\/\/lab.fortuno.hr\/slavonski-hrast\/pronadi-posao-u-drvnom-sektoru\/\" \/>\n<meta property=\"og:locale\" content=\"hr_HR\" \/>\n<meta property=\"og:type\" content=\"article\" \/>\n<meta property=\"og:title\" content=\"Prona\u0111i posao u drvnom sektoru - Slavonski hrast\" \/>\n<meta property=\"og:description\" content=\"\u201eProna\u0111i posao u drvnom sektoru!\u201c\u00a0projekt je Drvnog klastera SLAVONSKI HRAST\u00a0pokrenut u partnerstvu\u00a0s Podru\u010dnim uredom Vinkovci Hrvatskog zavoda za zapo\u0161ljavanje, Vukovarsko-srijemskom \u017eupanijom\u00a0i Zajednicom kulturno-umjetni\u010dkih djelatnosti Vukovarsko-srijemske \u017eupanije. Ukupna vrijednost projekta\u00a0je 1.346.649,70 HRK. Bespovratna sredstva&hellip;\" \/>\n<meta property=\"og:url\" content=\"https:\/\/lab.fortuno.hr\/slavonski-hrast\/pronadi-posao-u-drvnom-sektoru\/\" \/>\n<meta property=\"og:site_name\" content=\"Slavonski hrast\" \/>\n<meta property=\"article:modified_time\" content=\"2021-10-19T06:19:27+00:00\" \/>\n<meta property=\"og:image\" content=\"https:\/\/lab.fortuno.hr\/slavonski-hrast\/wp-content\/uploads\/2021\/10\/Tko-su-NEET-osobe-1-1024x532.png\" \/>\n<meta name=\"twitter:card\" content=\"summary_large_image\" \/>\n<meta name=\"twitter:label1\" content=\"Procijenjeno vrijeme \u010ditanja\" \/>\n\t<meta name=\"twitter:data1\" content=\"3 minute\" \/>\n<script type=\"application\/ld+json\" class=\"yoast-schema-graph\">{\"@context\":\"https:\/\/schema.org\",\"@graph\":[{\"@type\":\"Organization\",\"@id\":\"https:\/\/lab.fortuno.hr\/slavonski-hrast\/#organization\",\"name\":\"Drvni klaster Slavonski hrast\",\"url\":\"https:\/\/lab.fortuno.hr\/slavonski-hrast\/\",\"sameAs\":[],\"logo\":{\"@type\":\"ImageObject\",\"@id\":\"https:\/\/lab.fortuno.hr\/slavonski-hrast\/#logo\",\"inLanguage\":\"hr\",\"url\":\"https:\/\/lab.fortuno.hr\/slavonski-hrast\/wp-content\/uploads\/2021\/04\/sh_logo_80.png\",\"contentUrl\":\"https:\/\/lab.fortuno.hr\/slavonski-hrast\/wp-content\/uploads\/2021\/04\/sh_logo_80.png\",\"width\":146,\"height\":80,\"caption\":\"Drvni klaster Slavonski hrast\"},\"image\":{\"@id\":\"https:\/\/lab.fortuno.hr\/slavonski-hrast\/#logo\"}},{\"@type\":\"WebSite\",\"@id\":\"https:\/\/lab.fortuno.hr\/slavonski-hrast\/#website\",\"url\":\"https:\/\/lab.fortuno.hr\/slavonski-hrast\/\",\"name\":\"Slavonski hrast\",\"description\":\"Drvni klaster Vukovarsko-srijemske \u017eupanije\",\"publisher\":{\"@id\":\"https:\/\/lab.fortuno.hr\/slavonski-hrast\/#organization\"},\"potentialAction\":[{\"@type\":\"SearchAction\",\"target\":{\"@type\":\"EntryPoint\",\"urlTemplate\":\"https:\/\/lab.fortuno.hr\/slavonski-hrast\/?s={search_term_string}\"},\"query-input\":\"required name=search_term_string\"}],\"inLanguage\":\"hr\"},{\"@type\":\"ImageObject\",\"@id\":\"https:\/\/lab.fortuno.hr\/slavonski-hrast\/pronadi-posao-u-drvnom-sektoru\/#primaryimage\",\"inLanguage\":\"hr\",\"url\":\"https:\/\/lab.fortuno.hr\/slavonski-hrast\/wp-content\/uploads\/2021\/10\/Tko-su-NEET-osobe-1.png\",\"contentUrl\":\"https:\/\/lab.fortuno.hr\/slavonski-hrast\/wp-content\/uploads\/2021\/10\/Tko-su-NEET-osobe-1.png\",\"width\":1200,\"height\":624,\"caption\":\"3\"},{\"@type\":\"WebPage\",\"@id\":\"https:\/\/lab.fortuno.hr\/slavonski-hrast\/pronadi-posao-u-drvnom-sektoru\/#webpage\",\"url\":\"https:\/\/lab.fortuno.hr\/slavonski-hrast\/pronadi-posao-u-drvnom-sektoru\/\",\"name\":\"Prona\u0111i posao u drvnom sektoru - Slavonski hrast\",\"isPartOf\":{\"@id\":\"https:\/\/lab.fortuno.hr\/slavonski-hrast\/#website\"},\"primaryImageOfPage\":{\"@id\":\"https:\/\/lab.fortuno.hr\/slavonski-hrast\/pronadi-posao-u-drvnom-sektoru\/#primaryimage\"},\"datePublished\":\"2021-10-19T06:19:26+00:00\",\"dateModified\":\"2021-10-19T06:19:27+00:00\",\"breadcrumb\":{\"@id\":\"https:\/\/lab.fortuno.hr\/slavonski-hrast\/pronadi-posao-u-drvnom-sektoru\/#breadcrumb\"},\"inLanguage\":\"hr\",\"potentialAction\":[{\"@type\":\"ReadAction\",\"target\":[\"https:\/\/lab.fortuno.hr\/slavonski-hrast\/pronadi-posao-u-drvnom-sektoru\/\"]}]},{\"@type\":\"BreadcrumbList\",\"@id\":\"https:\/\/lab.fortuno.hr\/slavonski-hrast\/pronadi-posao-u-drvnom-sektoru\/#breadcrumb\",\"itemListElement\":[{\"@type\":\"ListItem\",\"position\":1,\"name\":\"Po\u010detna stranica\",\"item\":\"https:\/\/lab.fortuno.hr\/slavonski-hrast\/\"},{\"@type\":\"ListItem\",\"position\":2,\"name\":\"Prona\u0111i posao u drvnom sektoru\"}]}]}<\/script>\n<!-- \/ Yoast SEO plugin. -->","yoast_head_json":{"title":"Prona\u0111i posao u drvnom sektoru - Slavonski hrast","robots":{"index":"index","follow":"follow","max-snippet":"max-snippet:-1","max-image-preview":"max-image-preview:large","max-video-preview":"max-video-preview:-1"},"canonical":"https:\/\/lab.fortuno.hr\/slavonski-hrast\/pronadi-posao-u-drvnom-sektoru\/","og_locale":"hr_HR","og_type":"article","og_title":"Prona\u0111i posao u drvnom sektoru - Slavonski hrast","og_description":"\u201eProna\u0111i posao u drvnom sektoru!\u201c\u00a0projekt je Drvnog klastera SLAVONSKI HRAST\u00a0pokrenut u partnerstvu\u00a0s Podru\u010dnim uredom Vinkovci Hrvatskog zavoda za zapo\u0161ljavanje, Vukovarsko-srijemskom \u017eupanijom\u00a0i Zajednicom kulturno-umjetni\u010dkih djelatnosti Vukovarsko-srijemske \u017eupanije. Ukupna vrijednost projekta\u00a0je 1.346.649,70 HRK. Bespovratna sredstva&hellip;","og_url":"https:\/\/lab.fortuno.hr\/slavonski-hrast\/pronadi-posao-u-drvnom-sektoru\/","og_site_name":"Slavonski hrast","article_modified_time":"2021-10-19T06:19:27+00:00","og_image":[{"url":"https:\/\/lab.fortuno.hr\/slavonski-hrast\/wp-content\/uploads\/2021\/10\/Tko-su-NEET-osobe-1-1024x532.png"}],"twitter_card":"summary_large_image","twitter_misc":{"Procijenjeno vrijeme \u010ditanja":"3 minute"},"schema":{"@context":"https:\/\/schema.org","@graph":[{"@type":"Organization","@id":"https:\/\/lab.fortuno.hr\/slavonski-hrast\/#organization","name":"Drvni klaster Slavonski hrast","url":"https:\/\/lab.fortuno.hr\/slavonski-hrast\/","sameAs":[],"logo":{"@type":"ImageObject","@id":"https:\/\/lab.fortuno.hr\/slavonski-hrast\/#logo","inLanguage":"hr","url":"https:\/\/lab.fortuno.hr\/slavonski-hrast\/wp-content\/uploads\/2021\/04\/sh_logo_80.png","contentUrl":"https:\/\/lab.fortuno.hr\/slavonski-hrast\/wp-content\/uploads\/2021\/04\/sh_logo_80.png","width":146,"height":80,"caption":"Drvni klaster Slavonski hrast"},"image":{"@id":"https:\/\/lab.fortuno.hr\/slavonski-hrast\/#logo"}},{"@type":"WebSite","@id":"https:\/\/lab.fortuno.hr\/slavonski-hrast\/#website","url":"https:\/\/lab.fortuno.hr\/slavonski-hrast\/","name":"Slavonski hrast","description":"Drvni klaster Vukovarsko-srijemske \u017eupanije","publisher":{"@id":"https:\/\/lab.fortuno.hr\/slavonski-hrast\/#organization"},"potentialAction":[{"@type":"SearchAction","target":{"@type":"EntryPoint","urlTemplate":"https:\/\/lab.fortuno.hr\/slavonski-hrast\/?s={search_term_string}"},"query-input":"required name=search_term_string"}],"inLanguage":"hr"},{"@type":"ImageObject","@id":"https:\/\/lab.fortuno.hr\/slavonski-hrast\/pronadi-posao-u-drvnom-sektoru\/#primaryimage","inLanguage":"hr","url":"https:\/\/lab.fortuno.hr\/slavonski-hrast\/wp-content\/uploads\/2021\/10\/Tko-su-NEET-osobe-1.png","contentUrl":"https:\/\/lab.fortuno.hr\/slavonski-hrast\/wp-content\/uploads\/2021\/10\/Tko-su-NEET-osobe-1.png","width":1200,"height":624,"caption":"3"},{"@type":"WebPage","@id":"https:\/\/lab.fortuno.hr\/slavonski-hrast\/pronadi-posao-u-drvnom-sektoru\/#webpage","url":"https:\/\/lab.fortuno.hr\/slavonski-hrast\/pronadi-posao-u-drvnom-sektoru\/","name":"Prona\u0111i posao u drvnom sektoru - Slavonski hrast","isPartOf":{"@id":"https:\/\/lab.fortuno.hr\/slavonski-hrast\/#website"},"primaryImageOfPage":{"@id":"https:\/\/lab.fortuno.hr\/slavonski-hrast\/pronadi-posao-u-drvnom-sektoru\/#primaryimage"},"datePublished":"2021-10-19T06:19:26+00:00","dateModified":"2021-10-19T06:19:27+00:00","breadcrumb":{"@id":"https:\/\/lab.fortuno.hr\/slavonski-hrast\/pronadi-posao-u-drvnom-sektoru\/#breadcrumb"},"inLanguage":"hr","potentialAction":[{"@type":"ReadAction","target":["https:\/\/lab.fortuno.hr\/slavonski-hrast\/pronadi-posao-u-drvnom-sektoru\/"]}]},{"@type":"BreadcrumbList","@id":"https:\/\/lab.fortuno.hr\/slavonski-hrast\/pronadi-posao-u-drvnom-sektoru\/#breadcrumb","itemListElement":[{"@type":"ListItem","position":1,"name":"Po\u010detna stranica","item":"https:\/\/lab.fortuno.hr\/slavonski-hrast\/"},{"@type":"ListItem","position":2,"name":"Prona\u0111i posao u drvnom sektoru"}]}]}},"_links":{"self":[{"href":"https:\/\/lab.fortuno.hr\/slavonski-hrast\/wp-json\/wp\/v2\/pages\/5998"}],"collection":[{"href":"https:\/\/lab.fortuno.hr\/slavonski-hrast\/wp-json\/wp\/v2\/pages"}],"about":[{"href":"https:\/\/lab.fortuno.hr\/slavonski-hrast\/wp-json\/wp\/v2\/types\/page"}],"author":[{"embeddable":true,"href":"https:\/\/lab.fortuno.hr\/slavonski-hrast\/wp-json\/wp\/v2\/users\/1"}],"replies":[{"embeddable":true,"href":"https:\/\/lab.fortuno.hr\/slavonski-hrast\/wp-json\/wp\/v2\/comments?post=5998"}],"version-history":[{"count":3,"href":"https:\/\/lab.fortuno.hr\/slavonski-hrast\/wp-json\/wp\/v2\/pages\/5998\/revisions"}],"predecessor-version":[{"id":6007,"href":"https:\/\/lab.fortuno.hr\/slavonski-hrast\/wp-json\/wp\/v2\/pages\/5998\/revisions\/6007"}],"wp:attachment":[{"href":"https:\/\/lab.fortuno.hr\/slavonski-hrast\/wp-json\/wp\/v2\/media?parent=5998"}],"curies":[{"name":"wp","href":"https:\/\/api.w.org\/{rel}","templated":true}]}}