{"id":5080,"date":"2021-04-12T12:58:20","date_gmt":"2021-04-12T10:58:20","guid":{"rendered":"https:\/\/lab.fortuno.hr\/slavonski-hrast\/?page_id=5080"},"modified":"2022-03-31T13:52:48","modified_gmt":"2022-03-31T11:52:48","slug":"clanice","status":"publish","type":"page","link":"https:\/\/lab.fortuno.hr\/slavonski-hrast\/clanice\/","title":{"rendered":"\u010clanice"},"content":{"rendered":"\t\t<div data-elementor-type=\"wp-page\" data-elementor-id=\"5080\" class=\"elementor elementor-5080\" data-elementor-settings=\"[]\">\n\t\t\t\t\t\t<div class=\"elementor-inner\">\n\t\t\t\t\t\t\t<div class=\"elementor-section-wrap\">\n\t\t\t\t\t\t\t<section class=\"elementor-section elementor-top-section elementor-element elementor-element-ceff791 elementor-section-boxed elementor-section-height-default elementor-section-height-default\" data-id=\"ceff791\" data-element_type=\"section\">\n\t\t\t\t\t\t<div class=\"elementor-container elementor-column-gap-extended\">\n\t\t\t\t\t\t\t<div class=\"elementor-row\">\n\t\t\t\t\t<div class=\"elementor-column elementor-col-100 elementor-top-column elementor-element elementor-element-f5fb2ce sc_layouts_column_icons_position_left\" data-id=\"f5fb2ce\" data-element_type=\"column\">\n\t\t\t<div class=\"elementor-column-wrap elementor-element-populated\">\n\t\t\t\t\t\t\t<div class=\"elementor-widget-wrap\">\n\t\t\t\t\t\t<div class=\"elementor-element elementor-element-bcc3a70 sc_fly_static elementor-widget elementor-widget-heading\" data-id=\"bcc3a70\" data-element_type=\"widget\" data-widget_type=\"heading.default\">\n\t\t\t\t<div class=\"elementor-widget-container\">\n\t\t\t<h2 class=\"elementor-heading-title elementor-size-default\">Drvoprera\u0111iva\u010di\n<\/h2>\t\t<\/div>\n\t\t\t\t<\/div>\n\t\t\t\t<div class=\"elementor-element elementor-element-b2d04df sc_fly_static elementor-widget elementor-widget-spacer\" data-id=\"b2d04df\" data-element_type=\"widget\" data-widget_type=\"spacer.default\">\n\t\t\t\t<div class=\"elementor-widget-container\">\n\t\t\t\t\t<div class=\"elementor-spacer\">\n\t\t\t<div class=\"elementor-spacer-inner\"><\/div>\n\t\t<\/div>\n\t\t\t\t<\/div>\n\t\t\t\t<\/div>\n\t\t\t\t\t\t<\/div>\n\t\t\t\t\t<\/div>\n\t\t<\/div>\n\t\t\t\t\t\t\t\t<\/div>\n\t\t\t\t\t<\/div>\n\t\t<\/section>\n\t\t\t\t<section class=\"elementor-section elementor-top-section elementor-element elementor-element-7fa7e80 elementor-section-boxed elementor-section-height-default elementor-section-height-default\" data-id=\"7fa7e80\" data-element_type=\"section\">\n\t\t\t\t\t\t<div class=\"elementor-container elementor-column-gap-extended\">\n\t\t\t\t\t\t\t<div class=\"elementor-row\">\n\t\t\t\t\t<div class=\"elementor-column elementor-col-100 elementor-top-column elementor-element elementor-element-b9d8b2c sc_layouts_column_icons_position_left\" data-id=\"b9d8b2c\" data-element_type=\"column\">\n\t\t\t<div class=\"elementor-column-wrap elementor-element-populated\">\n\t\t\t\t\t\t\t<div class=\"elementor-widget-wrap\">\n\t\t\t\t\t\t<div class=\"elementor-element elementor-element-5109bf2 sc_fly_static elementor-widget elementor-widget-text-editor\" data-id=\"5109bf2\" data-element_type=\"widget\" data-widget_type=\"text-editor.default\">\n\t\t\t\t<div class=\"elementor-widget-container\">\n\t\t\t\t\t\t\t\t<div class=\"elementor-text-editor elementor-clearfix\">\n\t\t\t\t<ul><li><a href=\"http:\/\/www.spacva.hr\/\"><u>SPA\u010cVA d.d.<\/u><\/a><\/li><li>BJELIN OTOK d.o.o.<\/li><li><a href=\"http:\/\/www.sisarka.com\/\"><u>\u0160I\u0160ARKA d.o.o.<\/u><\/a><\/li><li><a href=\"http:\/\/www.siska.com.hr\/hr\/\"><u>\u0160I\u0160KA d.o.o. \u00a0<\/u><\/a><\/li><li>DESI\u0106EVO d.o.o.<\/li><li>FRANKOPROM j.d.o.o.<\/li><li><a href=\"https:\/\/www.ura.hr\/\"><u>URA d.o.o.<\/u><\/a><\/li><li><a href=\"http:\/\/www.alpiaviation.com\/\"><u>ALPI AVIATION d.o.o.<\/u><\/a><\/li><li>EFEKTIV d.o.o.<\/li><li><a href=\"https:\/\/www.akord-zupanja.hr\/\"><u>AKORD d.o.o.<\/u><\/a><\/li><li>CARPINUS d.o.o.<\/li><li><a href=\"http:\/\/www.zelac.hr\/\"><u>Obrt ZE-LAC<\/u><\/a><\/li><li><a href=\"https:\/\/ivex.hr\/\"><u>Ivex d.o.o.<\/u><\/a><\/li><li><a href=\"https:\/\/spurga-doo-za-proizvodnju-trgovinu-i-usluge.business.site\/\"><u>Obrt STOLARIJA \u0160PURGA<\/u><\/a><\/li><li><a href=\"https:\/\/www.stolarija-ivkic.hr\/\"><u>Obrt STOLARSKA RADIONICA JAKOB IVKI\u0106 \u2013 BAJA<\/u><\/a><\/li><li>Obrt PA-OR<\/li><li>DOM-PARKET d.o.o.<\/li><li>SUO VESEL\u010cI\u0106<\/li><li><a href=\"http:\/\/www.spoljarec.hr\/\"><u>\u0160POLJAREC d.o.o.<\/u><\/a><\/li><li>GREEN WOOD j.d.o.o.<\/li><li>PATOS d.o.o.<\/li><li><a href=\"https:\/\/www.trokut-namjestaj.com\/\"><u>TROKUT d.o.o.<\/u><\/a><\/li><li>EXCELSIOR d.o.o.<\/li><li><a href=\"https:\/\/eir-varga-design.business.site\/\"><u>EiR VARGA design d.o.o.<\/u><\/a><\/li><li><a href=\"http:\/\/drvenarije.com\/\"><u>VU-CREATOR j.d.o.o.<\/u><\/a><\/li><li>STRIZIVOJNA HRAST d.o.o.<\/li><li>Pero struja d.o.o.<\/li><li>TIMWOOD d.o.o.<\/li><li>HRASTIK d.o.o.<\/li><li>PILANA STRIBOR d.o.o.<\/li><li>BPD, obrt za proizvodnju briketa<\/li><\/ul>\t\t\t\t\t<\/div>\n\t\t\t\t\t\t<\/div>\n\t\t\t\t<\/div>\n\t\t\t\t\t\t<\/div>\n\t\t\t\t\t<\/div>\n\t\t<\/div>\n\t\t\t\t\t\t\t\t<\/div>\n\t\t\t\t\t<\/div>\n\t\t<\/section>\n\t\t\t\t<section class=\"elementor-section elementor-top-section elementor-element elementor-element-1793131 elementor-section-boxed elementor-section-height-default elementor-section-height-default\" data-id=\"1793131\" data-element_type=\"section\">\n\t\t\t\t\t\t<div class=\"elementor-container elementor-column-gap-extended\">\n\t\t\t\t\t\t\t<div class=\"elementor-row\">\n\t\t\t\t\t<div class=\"elementor-column elementor-col-100 elementor-top-column elementor-element elementor-element-310d0ff sc_layouts_column_icons_position_left\" data-id=\"310d0ff\" data-element_type=\"column\">\n\t\t\t<div class=\"elementor-column-wrap elementor-element-populated\">\n\t\t\t\t\t\t\t<div class=\"elementor-widget-wrap\">\n\t\t\t\t\t\t<div class=\"elementor-element elementor-element-335bf62 sc_fly_static elementor-widget elementor-widget-spacer\" data-id=\"335bf62\" data-element_type=\"widget\" data-widget_type=\"spacer.default\">\n\t\t\t\t<div class=\"elementor-widget-container\">\n\t\t\t\t\t<div class=\"elementor-spacer\">\n\t\t\t<div class=\"elementor-spacer-inner\"><\/div>\n\t\t<\/div>\n\t\t\t\t<\/div>\n\t\t\t\t<\/div>\n\t\t\t\t\t\t<\/div>\n\t\t\t\t\t<\/div>\n\t\t<\/div>\n\t\t\t\t\t\t\t\t<\/div>\n\t\t\t\t\t<\/div>\n\t\t<\/section>\n\t\t\t\t<section class=\"elementor-section elementor-top-section elementor-element elementor-element-935c7ce elementor-section-boxed elementor-section-height-default elementor-section-height-default\" data-id=\"935c7ce\" data-element_type=\"section\">\n\t\t\t\t\t\t<div class=\"elementor-container elementor-column-gap-extended\">\n\t\t\t\t\t\t\t<div class=\"elementor-row\">\n\t\t\t\t\t<div class=\"elementor-column elementor-col-100 elementor-top-column elementor-element elementor-element-96cc979 sc_layouts_column_icons_position_left\" data-id=\"96cc979\" data-element_type=\"column\">\n\t\t\t<div class=\"elementor-column-wrap elementor-element-populated\">\n\t\t\t\t\t\t\t<div class=\"elementor-widget-wrap\">\n\t\t\t\t\t\t<div class=\"elementor-element elementor-element-00a9140 sc_fly_static elementor-widget elementor-widget-heading\" data-id=\"00a9140\" data-element_type=\"widget\" data-widget_type=\"heading.default\">\n\t\t\t\t<div class=\"elementor-widget-container\">\n\t\t\t<h2 class=\"elementor-heading-title elementor-size-default\">Institucije\n<\/h2>\t\t<\/div>\n\t\t\t\t<\/div>\n\t\t\t\t<div class=\"elementor-element elementor-element-6e1e73f sc_fly_static elementor-widget elementor-widget-spacer\" data-id=\"6e1e73f\" data-element_type=\"widget\" data-widget_type=\"spacer.default\">\n\t\t\t\t<div class=\"elementor-widget-container\">\n\t\t\t\t\t<div class=\"elementor-spacer\">\n\t\t\t<div class=\"elementor-spacer-inner\"><\/div>\n\t\t<\/div>\n\t\t\t\t<\/div>\n\t\t\t\t<\/div>\n\t\t\t\t\t\t<\/div>\n\t\t\t\t\t<\/div>\n\t\t<\/div>\n\t\t\t\t\t\t\t\t<\/div>\n\t\t\t\t\t<\/div>\n\t\t<\/section>\n\t\t\t\t<section class=\"elementor-section elementor-top-section elementor-element elementor-element-920d8bf elementor-section-boxed elementor-section-height-default elementor-section-height-default\" data-id=\"920d8bf\" data-element_type=\"section\">\n\t\t\t\t\t\t<div class=\"elementor-container elementor-column-gap-extended\">\n\t\t\t\t\t\t\t<div class=\"elementor-row\">\n\t\t\t\t\t<div class=\"elementor-column elementor-col-100 elementor-top-column elementor-element elementor-element-8e2cb3a sc_layouts_column_icons_position_left\" data-id=\"8e2cb3a\" data-element_type=\"column\">\n\t\t\t<div class=\"elementor-column-wrap elementor-element-populated\">\n\t\t\t\t\t\t\t<div class=\"elementor-widget-wrap\">\n\t\t\t\t\t\t<div class=\"elementor-element elementor-element-04570a3 sc_fly_static elementor-widget elementor-widget-text-editor\" data-id=\"04570a3\" data-element_type=\"widget\" data-widget_type=\"text-editor.default\">\n\t\t\t\t<div class=\"elementor-widget-container\">\n\t\t\t\t\t\t\t\t<div class=\"elementor-text-editor elementor-clearfix\">\n\t\t\t\t<ul><li><a href=\"http:\/\/www.vusz.hr\/\"><u>VUKOVARSKO-SRIJEMSKA \u017dUPANIJA<\/u><\/a><\/li><li><a href=\"http:\/\/ss-drvodjelska-tehnicka-vk.skole.hr\/\"><u>Drvodjelska tehni\u010dka \u0161kola Vinkovci<\/u><\/a><\/li><li><a href=\"https:\/\/www.sumfak.unizg.hr\/\"><u>Fakultet \u0161umarstva i drvne tehnologije Sveu\u010dili\u0161ta u Zagrebu<\/u><\/a>\u00a0<\/li><li><a href=\"http:\/\/www.sumins.hr\/\"><u>Hrvatski \u0161umarski institut<\/u><\/a><\/li><li><a href=\"https:\/\/www.ra-vsz.hr\/\"><u>Razvojna agencija VS\u017d<\/u><\/a><\/li><li><a href=\"http:\/\/www.ora.hr\/\"><u>Oto\u010dka razvojna agencija<\/u><\/a><\/li><li><a href=\"http:\/\/www.cekom.hr\/\"><u>Centar kompetencija d.o.o. za istra\u017eivanje i razvoj<\/u><\/a><\/li><li><a href=\"http:\/\/www.vinkovci.hr\/\"><u>Grad Vinkovci<\/u><\/a><\/li><li><a href=\"http:\/\/www.otok.hr\/\"><u>Grad Otok<\/u><\/a><\/li><li><a href=\"http:\/\/andrijasevci.hr\/\"><u>Op\u0107ina Andrija\u0161evci<\/u><\/a><\/li><li><a href=\"http:\/\/opcina-privlaka.hr\/\"><u>Op\u0107ina Privlaka<\/u><\/a><\/li><li><a href=\"http:\/\/www.o-jankovci.hr\/\"><u>Op\u0107ina Stari Jankovci<\/u><\/a><\/li><li><a href=\"https:\/\/www.gradiste.hr\/\"><u>Op\u0107ina Gradi\u0161te<\/u><\/a><\/li><li><a href=\"https:\/\/www.opcina-tovarnik.hr\/\"><u>Op\u0107ina Tovarnik<\/u><\/a><\/li><\/ul>\t\t\t\t\t<\/div>\n\t\t\t\t\t\t<\/div>\n\t\t\t\t<\/div>\n\t\t\t\t\t\t<\/div>\n\t\t\t\t\t<\/div>\n\t\t<\/div>\n\t\t\t\t\t\t\t\t<\/div>\n\t\t\t\t\t<\/div>\n\t\t<\/section>\n\t\t\t\t\t\t<\/div>\n\t\t\t\t\t\t<\/div>\n\t\t\t\t\t<\/div>\n\t\t","protected":false},"excerpt":{"rendered":"<p>Drvoprera\u0111iva\u010di SPA\u010cVA d.d. BJELIN OTOK d.o.o. \u0160I\u0160ARKA d.o.o. \u0160I\u0160KA d.o.o. \u00a0 DESI\u0106EVO d.o.o. FRANKOPROM j.d.o.o. URA d.o.o. ALPI AVIATION d.o.o. EFEKTIV d.o.o. AKORD d.o.o. CARPINUS d.o.o. Obrt ZE-LAC Ivex d.o.o. Obrt STOLARIJA \u0160PURGA&hellip;<\/p>\n","protected":false},"author":1,"featured_media":0,"parent":0,"menu_order":0,"comment_status":"closed","ping_status":"closed","template":"","meta":[],"yoast_head":"<!-- This site is optimized with the Yoast SEO plugin v18.4.1 - https:\/\/yoast.com\/wordpress\/plugins\/seo\/ -->\n<title>\u010clanice - Slavonski hrast<\/title>\n<meta name=\"robots\" content=\"index, follow, max-snippet:-1, max-image-preview:large, max-video-preview:-1\" \/>\n<link rel=\"canonical\" href=\"https:\/\/lab.fortuno.hr\/slavonski-hrast\/en\/members\/\" \/>\n<meta property=\"og:locale\" content=\"hr_HR\" \/>\n<meta property=\"og:type\" content=\"article\" \/>\n<meta property=\"og:title\" content=\"\u010clanice - Slavonski hrast\" \/>\n<meta property=\"og:description\" content=\"Drvoprera\u0111iva\u010di SPA\u010cVA d.d. BJELIN OTOK d.o.o. \u0160I\u0160ARKA d.o.o. \u0160I\u0160KA d.o.o. \u00a0 DESI\u0106EVO d.o.o. FRANKOPROM j.d.o.o. URA d.o.o. ALPI AVIATION d.o.o. EFEKTIV d.o.o. AKORD d.o.o. CARPINUS d.o.o. Obrt ZE-LAC Ivex d.o.o. Obrt STOLARIJA \u0160PURGA&hellip;\" \/>\n<meta property=\"og:url\" content=\"https:\/\/lab.fortuno.hr\/slavonski-hrast\/en\/members\/\" \/>\n<meta property=\"og:site_name\" content=\"Slavonski hrast\" \/>\n<meta property=\"article:modified_time\" content=\"2022-03-31T11:52:48+00:00\" \/>\n<meta name=\"twitter:card\" content=\"summary_large_image\" \/>\n<meta name=\"twitter:label1\" content=\"Procijenjeno vrijeme \u010ditanja\" \/>\n\t<meta name=\"twitter:data1\" content=\"1 minuta\" \/>\n<script type=\"application\/ld+json\" class=\"yoast-schema-graph\">{\"@context\":\"https:\/\/schema.org\",\"@graph\":[{\"@type\":\"Organization\",\"@id\":\"https:\/\/lab.fortuno.hr\/slavonski-hrast\/#organization\",\"name\":\"Drvni klaster Slavonski hrast\",\"url\":\"https:\/\/lab.fortuno.hr\/slavonski-hrast\/\",\"sameAs\":[],\"logo\":{\"@type\":\"ImageObject\",\"@id\":\"https:\/\/lab.fortuno.hr\/slavonski-hrast\/#logo\",\"inLanguage\":\"hr\",\"url\":\"https:\/\/lab.fortuno.hr\/slavonski-hrast\/wp-content\/uploads\/2021\/04\/sh_logo_80.png\",\"contentUrl\":\"https:\/\/lab.fortuno.hr\/slavonski-hrast\/wp-content\/uploads\/2021\/04\/sh_logo_80.png\",\"width\":146,\"height\":80,\"caption\":\"Drvni klaster Slavonski hrast\"},\"image\":{\"@id\":\"https:\/\/lab.fortuno.hr\/slavonski-hrast\/#logo\"}},{\"@type\":\"WebSite\",\"@id\":\"https:\/\/lab.fortuno.hr\/slavonski-hrast\/#website\",\"url\":\"https:\/\/lab.fortuno.hr\/slavonski-hrast\/\",\"name\":\"Slavonski hrast\",\"description\":\"Drvni klaster Vukovarsko-srijemske \u017eupanije\",\"publisher\":{\"@id\":\"https:\/\/lab.fortuno.hr\/slavonski-hrast\/#organization\"},\"potentialAction\":[{\"@type\":\"SearchAction\",\"target\":{\"@type\":\"EntryPoint\",\"urlTemplate\":\"https:\/\/lab.fortuno.hr\/slavonski-hrast\/?s={search_term_string}\"},\"query-input\":\"required name=search_term_string\"}],\"inLanguage\":\"hr\"},{\"@type\":\"WebPage\",\"@id\":\"https:\/\/lab.fortuno.hr\/slavonski-hrast\/en\/members\/#webpage\",\"url\":\"https:\/\/lab.fortuno.hr\/slavonski-hrast\/en\/members\/\",\"name\":\"\u010clanice - Slavonski hrast\",\"isPartOf\":{\"@id\":\"https:\/\/lab.fortuno.hr\/slavonski-hrast\/#website\"},\"datePublished\":\"2021-04-12T10:58:20+00:00\",\"dateModified\":\"2022-03-31T11:52:48+00:00\",\"breadcrumb\":{\"@id\":\"https:\/\/lab.fortuno.hr\/slavonski-hrast\/en\/members\/#breadcrumb\"},\"inLanguage\":\"hr\",\"potentialAction\":[{\"@type\":\"ReadAction\",\"target\":[\"https:\/\/lab.fortuno.hr\/slavonski-hrast\/en\/members\/\"]}]},{\"@type\":\"BreadcrumbList\",\"@id\":\"https:\/\/lab.fortuno.hr\/slavonski-hrast\/en\/members\/#breadcrumb\",\"itemListElement\":[{\"@type\":\"ListItem\",\"position\":1,\"name\":\"Po\u010detna stranica\",\"item\":\"https:\/\/lab.fortuno.hr\/slavonski-hrast\/\"},{\"@type\":\"ListItem\",\"position\":2,\"name\":\"\u010clanice\"}]}]}<\/script>\n<!-- \/ Yoast SEO plugin. -->","yoast_head_json":{"title":"\u010clanice - Slavonski hrast","robots":{"index":"index","follow":"follow","max-snippet":"max-snippet:-1","max-image-preview":"max-image-preview:large","max-video-preview":"max-video-preview:-1"},"canonical":"https:\/\/lab.fortuno.hr\/slavonski-hrast\/en\/members\/","og_locale":"hr_HR","og_type":"article","og_title":"\u010clanice - Slavonski hrast","og_description":"Drvoprera\u0111iva\u010di SPA\u010cVA d.d. BJELIN OTOK d.o.o. \u0160I\u0160ARKA d.o.o. \u0160I\u0160KA d.o.o. \u00a0 DESI\u0106EVO d.o.o. FRANKOPROM j.d.o.o. URA d.o.o. ALPI AVIATION d.o.o. EFEKTIV d.o.o. AKORD d.o.o. CARPINUS d.o.o. Obrt ZE-LAC Ivex d.o.o. Obrt STOLARIJA \u0160PURGA&hellip;","og_url":"https:\/\/lab.fortuno.hr\/slavonski-hrast\/en\/members\/","og_site_name":"Slavonski hrast","article_modified_time":"2022-03-31T11:52:48+00:00","twitter_card":"summary_large_image","twitter_misc":{"Procijenjeno vrijeme \u010ditanja":"1 minuta"},"schema":{"@context":"https:\/\/schema.org","@graph":[{"@type":"Organization","@id":"https:\/\/lab.fortuno.hr\/slavonski-hrast\/#organization","name":"Drvni klaster Slavonski hrast","url":"https:\/\/lab.fortuno.hr\/slavonski-hrast\/","sameAs":[],"logo":{"@type":"ImageObject","@id":"https:\/\/lab.fortuno.hr\/slavonski-hrast\/#logo","inLanguage":"hr","url":"https:\/\/lab.fortuno.hr\/slavonski-hrast\/wp-content\/uploads\/2021\/04\/sh_logo_80.png","contentUrl":"https:\/\/lab.fortuno.hr\/slavonski-hrast\/wp-content\/uploads\/2021\/04\/sh_logo_80.png","width":146,"height":80,"caption":"Drvni klaster Slavonski hrast"},"image":{"@id":"https:\/\/lab.fortuno.hr\/slavonski-hrast\/#logo"}},{"@type":"WebSite","@id":"https:\/\/lab.fortuno.hr\/slavonski-hrast\/#website","url":"https:\/\/lab.fortuno.hr\/slavonski-hrast\/","name":"Slavonski hrast","description":"Drvni klaster Vukovarsko-srijemske \u017eupanije","publisher":{"@id":"https:\/\/lab.fortuno.hr\/slavonski-hrast\/#organization"},"potentialAction":[{"@type":"SearchAction","target":{"@type":"EntryPoint","urlTemplate":"https:\/\/lab.fortuno.hr\/slavonski-hrast\/?s={search_term_string}"},"query-input":"required name=search_term_string"}],"inLanguage":"hr"},{"@type":"WebPage","@id":"https:\/\/lab.fortuno.hr\/slavonski-hrast\/en\/members\/#webpage","url":"https:\/\/lab.fortuno.hr\/slavonski-hrast\/en\/members\/","name":"\u010clanice - Slavonski hrast","isPartOf":{"@id":"https:\/\/lab.fortuno.hr\/slavonski-hrast\/#website"},"datePublished":"2021-04-12T10:58:20+00:00","dateModified":"2022-03-31T11:52:48+00:00","breadcrumb":{"@id":"https:\/\/lab.fortuno.hr\/slavonski-hrast\/en\/members\/#breadcrumb"},"inLanguage":"hr","potentialAction":[{"@type":"ReadAction","target":["https:\/\/lab.fortuno.hr\/slavonski-hrast\/en\/members\/"]}]},{"@type":"BreadcrumbList","@id":"https:\/\/lab.fortuno.hr\/slavonski-hrast\/en\/members\/#breadcrumb","itemListElement":[{"@type":"ListItem","position":1,"name":"Po\u010detna stranica","item":"https:\/\/lab.fortuno.hr\/slavonski-hrast\/"},{"@type":"ListItem","position":2,"name":"\u010clanice"}]}]}},"_links":{"self":[{"href":"https:\/\/lab.fortuno.hr\/slavonski-hrast\/wp-json\/wp\/v2\/pages\/5080"}],"collection":[{"href":"https:\/\/lab.fortuno.hr\/slavonski-hrast\/wp-json\/wp\/v2\/pages"}],"about":[{"href":"https:\/\/lab.fortuno.hr\/slavonski-hrast\/wp-json\/wp\/v2\/types\/page"}],"author":[{"embeddable":true,"href":"https:\/\/lab.fortuno.hr\/slavonski-hrast\/wp-json\/wp\/v2\/users\/1"}],"replies":[{"embeddable":true,"href":"https:\/\/lab.fortuno.hr\/slavonski-hrast\/wp-json\/wp\/v2\/comments?post=5080"}],"version-history":[{"count":22,"href":"https:\/\/lab.fortuno.hr\/slavonski-hrast\/wp-json\/wp\/v2\/pages\/5080\/revisions"}],"predecessor-version":[{"id":6199,"href":"https:\/\/lab.fortuno.hr\/slavonski-hrast\/wp-json\/wp\/v2\/pages\/5080\/revisions\/6199"}],"wp:attachment":[{"href":"https:\/\/lab.fortuno.hr\/slavonski-hrast\/wp-json\/wp\/v2\/media?parent=5080"}],"curies":[{"name":"wp","href":"https:\/\/api.w.org\/{rel}","templated":true}]}}