{"id":50,"date":"2021-08-20T13:42:04","date_gmt":"2021-08-20T11:42:04","guid":{"rendered":"https:\/\/lab.fortuno.hr\/rotary\/?page_id=50"},"modified":"2021-08-20T13:42:31","modified_gmt":"2021-08-20T11:42:31","slug":"rotaract","status":"publish","type":"page","link":"https:\/\/lab.fortuno.hr\/rotary\/o-nama\/rotaract\/","title":{"rendered":"Rotaract"},"content":{"rendered":"\n<p>Rotary \u00a0klub Vinkovci 1937 Vinkovci uspio je u svome nastojanju da osnuje Rotaract klub u Vinkovcima. Na Osniva\u010dkoj skup\u0161tini koja je odr\u017eana Hotelu Villa Lenije, za prvu predsjednicu kluba jednoglasno je izabrana Lea Dubrav\u010devi\u0107, dok su ostali \u010dlanovi: Kristina Farka\u0161, Irena Juri\u0107, Gabrijela Bla\u017eevi\u0107, Katarina \u0160aravanja, Andrea Marjanovi\u0107, Iva Bali\u0107, Josipa Paulenka, Tomislav Juri\u0107, Marko Vukasovi\u0107, Ivan Sta\u017ei\u0107, Dario To\u0161i\u0107 i Andrej Rai\u010d. Osniva\u010dkom skup\u0161tinom napravljen je prvi korak u osnivanju novoga kluba u Vinkovcima, dok \u0107e proslava ovog \u010dina osnivanja biti tijekom ovogodi\u0161njih Vinkova\u010dkih jeseni kada \u0107e Vinkovce posjetiti Rotary i Rotaract klubovi iz cijele Hrvatske.<\/p>\n\n\n\n<figure class=\"wp-block-image size-full\"><img loading=\"lazy\" decoding=\"async\" width=\"309\" height=\"112\" src=\"https:\/\/lab.fortuno.hr\/rotary\/wp-content\/uploads\/2021\/08\/ROTARACT.jpg\" alt=\"\" class=\"wp-image-51\" srcset=\"https:\/\/lab.fortuno.hr\/rotary\/wp-content\/uploads\/2021\/08\/ROTARACT.jpg 309w, https:\/\/lab.fortuno.hr\/rotary\/wp-content\/uploads\/2021\/08\/ROTARACT-300x109.jpg 300w\" sizes=\"auto, (max-width: 309px) 100vw, 309px\" \/><\/figure>\n\n\n\n<h3 class=\"wp-block-heading\"><strong>\u0160to je Rotaract?<\/strong><\/h3>\n\n\n\n<p>Organizacija za mlade pod okriljem Rotary Internationala koja se sastoji od \u010dlanova i kandidata, koji se sastaju jednom tjedno. Svaki Rotaract klub ima svoji sponzorski Rotary klub, kako bi se osigurala materijalne i ostale podr\u0161ke za opstanak samih klubova.Odabrani mladi pojedinci kroz kontinuirano dru\u017eenje u hijerarhijskom sustavu, s upravom na \u010delu, osmi\u0161ljavaju i provode razne oblike projekata kako bi unaprijedili svoju lokalnu zajednicu, svrsishodno mjestu osnivanja. \u00a0Tako su glavni ciljevi pomo\u0107i lokalnoj zajednici kroz organizaciju humanitarnih i inih projekata, promicanje mlade\u017ei putem ja\u010danja njihovih liderskih i ostalih sposobnosti, promicanje ljudskih vrijednosti i prava, te naposljetku i dru\u017eenje, pa tako i umre\u017eavanje prema unutra, ali i prema van.<\/p>\n\n\n\n<h3 class=\"wp-block-heading\"><strong>Koje su aktivnosti hrvatskih Rotaract klubova?<\/strong><\/h3>\n\n\n\n<p>Na\u0161e aktivnosti se poglavito ve\u017eu uz organizaciju humanitarnih i ostalih projekata kojima se podupire lokalna zajednica, prilikom kojih svaki klub ima svoj plan i program, pa tako i razli\u010dite projekte, odnosno akcije.<\/p>\n\n\n\n<p>Tako\u0111er, tu je i organizacija konferencija i sudjelovanje na istima, bilo da se radi o tuzemnim ili inozemnim konferencijama.<\/p>\n","protected":false},"excerpt":{"rendered":"<p>Rotary \u00a0klub Vinkovci 1937 Vinkovci uspio je u svome nastojanju da osnuje Rotaract klub u Vinkovcima. Na Osniva\u010dkoj skup\u0161tini koja je odr\u017eana Hotelu Villa Lenije, za prvu predsjednicu kluba jednoglasno je izabrana Lea Dubrav\u010devi\u0107, dok su ostali \u010dlanovi: Kristina Farka\u0161, Irena Juri\u0107, Gabrijela Bla\u017eevi\u0107, Katarina \u0160aravanja, Andrea Marjanovi\u0107, Iva Bali\u0107, Josipa Paulenka, Tomislav Juri\u0107, Marko [&hellip;]<\/p>\n","protected":false},"author":1,"featured_media":0,"parent":46,"menu_order":0,"comment_status":"closed","ping_status":"closed","template":"","meta":{"footnotes":""},"class_list":["post-50","page","type-page","status-publish","hentry"],"_links":{"self":[{"href":"https:\/\/lab.fortuno.hr\/rotary\/wp-json\/wp\/v2\/pages\/50","targetHints":{"allow":["GET"]}}],"collection":[{"href":"https:\/\/lab.fortuno.hr\/rotary\/wp-json\/wp\/v2\/pages"}],"about":[{"href":"https:\/\/lab.fortuno.hr\/rotary\/wp-json\/wp\/v2\/types\/page"}],"author":[{"embeddable":true,"href":"https:\/\/lab.fortuno.hr\/rotary\/wp-json\/wp\/v2\/users\/1"}],"replies":[{"embeddable":true,"href":"https:\/\/lab.fortuno.hr\/rotary\/wp-json\/wp\/v2\/comments?post=50"}],"version-history":[{"count":1,"href":"https:\/\/lab.fortuno.hr\/rotary\/wp-json\/wp\/v2\/pages\/50\/revisions"}],"predecessor-version":[{"id":52,"href":"https:\/\/lab.fortuno.hr\/rotary\/wp-json\/wp\/v2\/pages\/50\/revisions\/52"}],"up":[{"embeddable":true,"href":"https:\/\/lab.fortuno.hr\/rotary\/wp-json\/wp\/v2\/pages\/46"}],"wp:attachment":[{"href":"https:\/\/lab.fortuno.hr\/rotary\/wp-json\/wp\/v2\/media?parent=50"}],"curies":[{"name":"wp","href":"https:\/\/api.w.org\/{rel}","templated":true}]}}