{"id":48,"date":"2021-08-20T13:39:50","date_gmt":"2021-08-20T11:39:50","guid":{"rendered":"https:\/\/lab.fortuno.hr\/rotary\/?page_id=48"},"modified":"2021-08-20T13:40:00","modified_gmt":"2021-08-20T11:40:00","slug":"misija-i-vizija","status":"publish","type":"page","link":"https:\/\/lab.fortuno.hr\/rotary\/o-nama\/misija-i-vizija\/","title":{"rendered":"Misija i vizija"},"content":{"rendered":"\n<p>Svrha Rotary-a jest\u00a0ohrabrivati i njegovati na\u010delo slu\u017eenja\u00a0kao osnove vrijednog pothvata te, poglavito, ohrabrivati i njegovati:<\/p>\n\n\n\n<ul class=\"wp-block-list\"><li><strong>PRVO<\/strong>: razvoj prijateljstva kao prigode za slu\u017eenje;<\/li><li><strong>DRUGO<\/strong>: visoka \u0107udoredna mjerila u poslu i zvanjima, priznavanje vrijednosti svih korisnih zanimanja, te veli\u010danje zanimanja svakog rotarijanca kao prigode za slu\u017eenje dru\u0161tvu;<\/li><li><strong>TRE\u0106E<\/strong>: primjena na\u010dela slu\u017eenja u osobnom, poslovnom i zajedni\u010dkom \u017eivotu svakog rotarijanca;<\/li><li><strong>\u010cETVRTO<\/strong>: promicanje me\u0111unarodnog razumijevanja, dobrohotnosti i mira putem svjetske udruge poslovnih i strukovnih osoba sjedinjenih na\u010delom slu\u017eenja.<\/li><\/ul>\n\n\n\n<p>Ciljevi i program kluba ostvaruju se obavljanjem sljede\u0107ih djelatnosti kroz podru\u010dja djelovanja koja predstavljaju teorijske i prakti\u010dne okosnice za rad kluba, a utemeljene su kao Pet pravaca slu\u017eenja:<\/p>\n\n\n\n<ol class=\"wp-block-list\"><li>Slu\u017eenje klubu, prvi Pravac slu\u017eenja, uklju\u010duje djelovanje koje bi \u010dlan trebao poduzeti u ovom klubu kako bi potpomogao njegov uspje\u0161an rad.<\/li><li>Slu\u017eenje struci, drugi Pravac slu\u017eenja, ima ulogu promicanja visokih eti\u010dkih na\u010dela u poslovanju i zvanju, prepoznavanja va\u017enosti po\u0161tivanja svih korisnih zvanja i njegovanjem ideala slu\u017eenja kao te\u017enje u svim zvanjima. Uloga \u010dlanova uklju\u010duje i osobno pona\u0161anje i vo\u0111enje poslova u skladu s na\u010delima Rotaryja.<\/li><li>Slu\u017eenje zajednici, tre\u0107i Pravac slu\u017eenja, obuhva\u0107a razli\u010dite napore koje \u010dlanovi \u010dine, ponekad u zajedni\u0161tvu s drugima, kako bi unaprijedili kvalitetu \u017eivota onih koji \u017eive u podru\u010dju djelovanja kluba, uklju\u010duju\u0107i prikupljanje i pru\u017eanje humanitarne pomo\u0107i.<\/li><li>Me\u0111unarodno slu\u017eenje, \u010detvrti Pravac slu\u017eenja, uklju\u010duje one aktivnosti koje \u010dlanovi provode kako bi unaprijedili me\u0111unarodno razumijevanje, dobru volju i mir njegovanjem poznanstava s ljudima u drugim dr\u017eavama, njihovim kulturama, obi\u010dajima, postignu\u0107ima, ambicijama i problemima kroz predavanja i korespondenciju te kroz suradnju u svim klupskim aktivnostima i projektima osmi\u0161ljenima u svrhe pomaganja ljudima u drugim dr\u017eavama.<\/li><li>Slu\u017eenje mladima,\u00a0peti Pravac slu\u017eenja, prepoznaje pozitivnu promjenu koju mladi ljudi \u010dine kroz aktivnosti razvijanja vje\u0161tina vo\u0111enja, uklju\u010denje u projekte slu\u017eenja u zajednici i me\u0111unarodne projekte slu\u017eenja te na programima razmjene koji oboga\u0107uju i podupiru mir u svijetu i kulturalno razumijevanje.<\/li><\/ol>\n\n\n\n<p><\/p>\n","protected":false},"excerpt":{"rendered":"<p>Svrha Rotary-a jest\u00a0ohrabrivati i njegovati na\u010delo slu\u017eenja\u00a0kao osnove vrijednog pothvata te, poglavito, ohrabrivati i njegovati: PRVO: razvoj prijateljstva kao prigode za slu\u017eenje; DRUGO: visoka \u0107udoredna mjerila u poslu i zvanjima, priznavanje vrijednosti svih korisnih zanimanja, te veli\u010danje zanimanja svakog rotarijanca kao prigode za slu\u017eenje dru\u0161tvu; TRE\u0106E: primjena na\u010dela slu\u017eenja u osobnom, poslovnom i zajedni\u010dkom \u017eivotu [&hellip;]<\/p>\n","protected":false},"author":1,"featured_media":0,"parent":46,"menu_order":0,"comment_status":"closed","ping_status":"closed","template":"","meta":{"footnotes":""},"class_list":["post-48","page","type-page","status-publish","hentry"],"_links":{"self":[{"href":"https:\/\/lab.fortuno.hr\/rotary\/wp-json\/wp\/v2\/pages\/48","targetHints":{"allow":["GET"]}}],"collection":[{"href":"https:\/\/lab.fortuno.hr\/rotary\/wp-json\/wp\/v2\/pages"}],"about":[{"href":"https:\/\/lab.fortuno.hr\/rotary\/wp-json\/wp\/v2\/types\/page"}],"author":[{"embeddable":true,"href":"https:\/\/lab.fortuno.hr\/rotary\/wp-json\/wp\/v2\/users\/1"}],"replies":[{"embeddable":true,"href":"https:\/\/lab.fortuno.hr\/rotary\/wp-json\/wp\/v2\/comments?post=48"}],"version-history":[{"count":1,"href":"https:\/\/lab.fortuno.hr\/rotary\/wp-json\/wp\/v2\/pages\/48\/revisions"}],"predecessor-version":[{"id":49,"href":"https:\/\/lab.fortuno.hr\/rotary\/wp-json\/wp\/v2\/pages\/48\/revisions\/49"}],"up":[{"embeddable":true,"href":"https:\/\/lab.fortuno.hr\/rotary\/wp-json\/wp\/v2\/pages\/46"}],"wp:attachment":[{"href":"https:\/\/lab.fortuno.hr\/rotary\/wp-json\/wp\/v2\/media?parent=48"}],"curies":[{"name":"wp","href":"https:\/\/api.w.org\/{rel}","templated":true}]}}