{"id":143,"date":"2021-08-24T09:18:26","date_gmt":"2021-08-24T07:18:26","guid":{"rendered":"https:\/\/lab.fortuno.hr\/rotary\/?page_id=143"},"modified":"2021-08-24T11:23:34","modified_gmt":"2021-08-24T09:23:34","slug":"odbori","status":"publish","type":"page","link":"https:\/\/lab.fortuno.hr\/rotary\/o-nama\/odbori\/","title":{"rendered":"Odbori"},"content":{"rendered":"\n<h4 class=\"wp-block-heading\">Odbor za odnose sa javno\u0161\u0107u:<\/h4>\n\n\n\n<p>\u0160por\u010di\u0107, Ad\u017ei\u0107, Levani\u0107, \u0160ar\u010devi\u0107, Vidi\u0107<\/p>\n\n\n\n<h4 class=\"wp-block-heading\">Odbor za financijsku potporu:<\/h4>\n\n\n\n<p>Papac, Bosiljko Stani\u0107, \u0160ari\u0107, Le\u0161i\u0107, Cvrkovi\u0107<\/p>\n\n\n\n<h4 class=\"wp-block-heading\">Odbor za organizaciju predavanja:<\/h4>\n\n\n\n<p>Bekavac, Grabovac, Barac, Beci\u0107, Paulenka<\/p>\n\n\n\n<h4 class=\"wp-block-heading\">Odbor za \u010dlanstvo:<\/h4>\n\n\n\n<p>Biki\u0107, Su\u010di\u0107, \u0160pehar, Bosiljko Stani\u0107<\/p>\n\n\n\n<h4 class=\"wp-block-heading\">Odbor za TRF:<\/h4>\n\n\n\n<p>Mar\u010dinko, Matija\u0161evi\u0107, Fili\u0107<\/p>\n\n\n\n<h4 class=\"wp-block-heading\">Odbor za Youth Exchange:<\/h4>\n\n\n\n<p>\u0160pani\u0107, Stani\u0107 Mihovil, Petkovi\u0107<\/p>\n","protected":false},"excerpt":{"rendered":"<p>Odbor za odnose sa javno\u0161\u0107u: \u0160por\u010di\u0107, Ad\u017ei\u0107, Levani\u0107, \u0160ar\u010devi\u0107, Vidi\u0107 Odbor za financijsku potporu: Papac, Bosiljko Stani\u0107, \u0160ari\u0107, Le\u0161i\u0107, Cvrkovi\u0107 Odbor za organizaciju predavanja: Bekavac, Grabovac, Barac, Beci\u0107, Paulenka Odbor za \u010dlanstvo: Biki\u0107, Su\u010di\u0107, \u0160pehar, Bosiljko Stani\u0107 Odbor za TRF: Mar\u010dinko, Matija\u0161evi\u0107, Fili\u0107 Odbor za Youth Exchange: \u0160pani\u0107, Stani\u0107 Mihovil, Petkovi\u0107<\/p>\n","protected":false},"author":1,"featured_media":0,"parent":46,"menu_order":0,"comment_status":"closed","ping_status":"closed","template":"","meta":{"footnotes":""},"class_list":["post-143","page","type-page","status-publish","hentry"],"_links":{"self":[{"href":"https:\/\/lab.fortuno.hr\/rotary\/wp-json\/wp\/v2\/pages\/143","targetHints":{"allow":["GET"]}}],"collection":[{"href":"https:\/\/lab.fortuno.hr\/rotary\/wp-json\/wp\/v2\/pages"}],"about":[{"href":"https:\/\/lab.fortuno.hr\/rotary\/wp-json\/wp\/v2\/types\/page"}],"author":[{"embeddable":true,"href":"https:\/\/lab.fortuno.hr\/rotary\/wp-json\/wp\/v2\/users\/1"}],"replies":[{"embeddable":true,"href":"https:\/\/lab.fortuno.hr\/rotary\/wp-json\/wp\/v2\/comments?post=143"}],"version-history":[{"count":5,"href":"https:\/\/lab.fortuno.hr\/rotary\/wp-json\/wp\/v2\/pages\/143\/revisions"}],"predecessor-version":[{"id":148,"href":"https:\/\/lab.fortuno.hr\/rotary\/wp-json\/wp\/v2\/pages\/143\/revisions\/148"}],"up":[{"embeddable":true,"href":"https:\/\/lab.fortuno.hr\/rotary\/wp-json\/wp\/v2\/pages\/46"}],"wp:attachment":[{"href":"https:\/\/lab.fortuno.hr\/rotary\/wp-json\/wp\/v2\/media?parent=143"}],"curies":[{"name":"wp","href":"https:\/\/api.w.org\/{rel}","templated":true}]}}