{"id":71,"date":"2021-01-19T11:23:15","date_gmt":"2021-01-19T10:23:15","guid":{"rendered":"https:\/\/lab.fortuno.hr\/pekarski-strojevi\/?page_id=71"},"modified":"2021-02-12T09:50:05","modified_gmt":"2021-02-12T08:50:05","slug":"nova-oprema","status":"publish","type":"page","link":"https:\/\/lab.fortuno.hr\/pekarski-strojevi\/nova-oprema\/","title":{"rendered":"Nova oprema"},"content":{"rendered":"<section class=\"l-section wpb_row height_small with_overlay\"><div class=\"l-section-overlay\" style=\"background: #C08C55\"><\/div><div class=\"l-section-h i-cf\"><div class=\"g-cols vc_row type_default valign_top\"><div class=\"vc_col-sm-12 wpb_column vc_column_container\"><div class=\"vc_column-inner\"><div class=\"wpb_wrapper\"><h2 class=\"w-post-elm post_title us_custom_8b3d6790 entry-title color_link_inherit has_text_color\">Nova oprema<\/h2><\/div><\/div><\/div><\/div><\/div><\/section><section class=\"l-section wpb_row height_medium\"><div class=\"l-section-h i-cf\"><div class=\"g-cols vc_row type_default valign_top\"><div class=\"vc_col-sm-8 wpb_column vc_column_container\"><div class=\"vc_column-inner\"><div class=\"wpb_wrapper\"><div class=\"wpb_text_column\" ><div class=\"wpb_wrapper\"><p>Pekarski strojevi oprema d.o.o. je specijalizirana za prodaju i servis pekarske opreme.<br \/>\nNa\u0161a poslovna politika se zasniva na kvalitetnoj i pouzadnoj ponudi opreme svjetskih proizvo\u0111a\u010da u cilju obostranog zadovoljstva i sigurne proizvodnje kod na\u0161ih klijenata.<br \/>\nUkoliko Vam to nije dovoljno da se pridru\u017eite listi zadovoljnih klijenata te imate bilo kakvih dodatnih pitanja, slobodno nam se obratite telefonskim pozivom ili slanjem upita kroz kontakt formu.<\/p>\n<\/div><\/div><div class=\"w-grid servis-galerija type_grid layout_portfolio_2 cols_4 ratio_1x1\" id=\"us_grid_1\" data-filterable=\"true\"><style id=\"us_grid_1_css\">#us_grid_1 .w-grid-item{padding:0.5rem}#us_grid_1 .w-grid-list{margin:-0.5rem}.w-grid + #us_grid_1 .w-grid-list{margin-top:0.5rem}@media (max-width:1199px){#us_grid_1 .w-grid-item{width:33.3333%}#us_grid_1 .w-grid-item.size_2x1,#us_grid_1 .w-grid-item.size_2x2{width:66.6667%}}@media (max-width:899px){#us_grid_1 .w-grid-item{width:50.0000%}#us_grid_1 .w-grid-item.size_2x1,#us_grid_1 .w-grid-item.size_2x2{width:100.0000%}}@media (max-width:599px){#us_grid_1 .w-grid-list{margin:0}#us_grid_1 .w-grid-item{width:100.0000%;padding:0;margin-bottom:0.5rem}}<\/style><style>.layout_portfolio_2 .w-grid-item-h:before{padding-bottom:100.0000%}@media (min-width:600px){.layout_portfolio_2 .w-grid-item.size_1x2 .w-grid-item-h:before{padding-bottom:calc(200.0000% + 0.5rem + 0.5rem)}.layout_portfolio_2 .w-grid-item.size_2x1 .w-grid-item-h:before{padding-bottom:calc(50.0000% - 0.5rem * 1.0000)}.layout_portfolio_2 .w-grid-item.size_2x2 .w-grid-item-h:before{padding-bottom:calc(100.0000% - 0.5rem * 0)}}.layout_portfolio_2 .w-grid-item-h{background:#333}.layout_portfolio_2 .usg_post_image_1{transition-duration:0.35s;transform-origin:50% 50%;transform:scale(1) translate(0,0)}.layout_portfolio_2 .w-grid-item-h:hover .usg_post_image_1{transform:scale(1.1) translate(0,0);opacity:0.1}.layout_portfolio_2 .usg_post_image_1{position:absolute!important;top:0!important;right:0!important;bottom:0!important;left:0!important}.layout_portfolio_2 .usg_vwrapper_1{position:absolute!important;right:0!important;bottom:0!important;left:0!important;background:linear-gradient(transparent,rgba(30,30,30,0.8))!important;padding:4rem 2rem 1.5rem 2rem!important}.layout_portfolio_2 .usg_post_title_1{color:#fff!important;font-size:1.2rem!important}.layout_portfolio_2 .usg_post_taxonomy_1{color:#fff!important;font-size:0.9rem!important}<\/style><div class=\"w-grid-list\" ><article class=\"w-grid-item post-234 attachment type-attachment status-inherit hentry\" data-id=\"234\">\r\n\t<div class=\"w-grid-item-h\">\r\n\t\t\t\t\t<a class=\"w-grid-item-anchor\" href=\"https:\/\/lab.fortuno.hr\/pekarski-strojevi\/wp-content\/uploads\/2021\/02\/no9.jpg\" ref=\"magnificPopupGrid\" title=\"no9\"><\/a>\r\n\t\t\t\t<div class=\"w-post-elm post_image usg_post_image_1 stretched\"><img width=\"150\" height=\"150\" src=\"https:\/\/lab.fortuno.hr\/pekarski-strojevi\/wp-content\/uploads\/2021\/02\/no9.jpg\" class=\"attachment-large size-large\" alt=\"\" loading=\"lazy\" \/><\/div><div class=\"w-vwrapper usg_vwrapper_1 align_left valign_top\"><h2 class=\"w-post-elm post_title usg_post_title_1 entry-title color_link_inherit has_text_color\">no9<\/h2><\/div>\t<\/div>\r\n<\/article>\r\n<article class=\"w-grid-item post-235 attachment type-attachment status-inherit hentry\" data-id=\"235\">\r\n\t<div class=\"w-grid-item-h\">\r\n\t\t\t\t\t<a class=\"w-grid-item-anchor\" href=\"https:\/\/lab.fortuno.hr\/pekarski-strojevi\/wp-content\/uploads\/2021\/02\/no10.jpg\" ref=\"magnificPopupGrid\" title=\"no10\"><\/a>\r\n\t\t\t\t<div class=\"w-post-elm post_image usg_post_image_1 stretched\"><img width=\"150\" height=\"150\" src=\"https:\/\/lab.fortuno.hr\/pekarski-strojevi\/wp-content\/uploads\/2021\/02\/no10.jpg\" class=\"attachment-large size-large\" alt=\"\" loading=\"lazy\" \/><\/div><div class=\"w-vwrapper usg_vwrapper_1 align_left valign_top\"><h2 class=\"w-post-elm post_title usg_post_title_1 entry-title color_link_inherit has_text_color\">no10<\/h2><\/div>\t<\/div>\r\n<\/article>\r\n<article class=\"w-grid-item post-236 attachment type-attachment status-inherit hentry\" data-id=\"236\">\r\n\t<div class=\"w-grid-item-h\">\r\n\t\t\t\t\t<a class=\"w-grid-item-anchor\" href=\"https:\/\/lab.fortuno.hr\/pekarski-strojevi\/wp-content\/uploads\/2021\/02\/no11.jpg\" ref=\"magnificPopupGrid\" title=\"no11\"><\/a>\r\n\t\t\t\t<div class=\"w-post-elm post_image usg_post_image_1 stretched\"><img width=\"150\" height=\"150\" src=\"https:\/\/lab.fortuno.hr\/pekarski-strojevi\/wp-content\/uploads\/2021\/02\/no11.jpg\" class=\"attachment-large size-large\" alt=\"\" loading=\"lazy\" \/><\/div><div class=\"w-vwrapper usg_vwrapper_1 align_left valign_top\"><h2 class=\"w-post-elm post_title usg_post_title_1 entry-title color_link_inherit has_text_color\">no11<\/h2><\/div>\t<\/div>\r\n<\/article>\r\n<article class=\"w-grid-item post-233 attachment type-attachment status-inherit hentry\" data-id=\"233\">\r\n\t<div class=\"w-grid-item-h\">\r\n\t\t\t\t\t<a class=\"w-grid-item-anchor\" href=\"https:\/\/lab.fortuno.hr\/pekarski-strojevi\/wp-content\/uploads\/2021\/02\/no8.jpg\" ref=\"magnificPopupGrid\" title=\"no8\"><\/a>\r\n\t\t\t\t<div class=\"w-post-elm post_image usg_post_image_1 stretched\"><img width=\"150\" height=\"150\" src=\"https:\/\/lab.fortuno.hr\/pekarski-strojevi\/wp-content\/uploads\/2021\/02\/no8.jpg\" class=\"attachment-large size-large\" alt=\"\" loading=\"lazy\" \/><\/div><div class=\"w-vwrapper usg_vwrapper_1 align_left valign_top\"><h2 class=\"w-post-elm post_title usg_post_title_1 entry-title color_link_inherit has_text_color\">no8<\/h2><\/div>\t<\/div>\r\n<\/article>\r\n<article class=\"w-grid-item post-229 attachment type-attachment status-inherit hentry\" data-id=\"229\">\r\n\t<div class=\"w-grid-item-h\">\r\n\t\t\t\t\t<a class=\"w-grid-item-anchor\" href=\"https:\/\/lab.fortuno.hr\/pekarski-strojevi\/wp-content\/uploads\/2021\/02\/no4.jpg\" ref=\"magnificPopupGrid\" title=\"no4\"><\/a>\r\n\t\t\t\t<div class=\"w-post-elm post_image usg_post_image_1 stretched\"><img width=\"150\" height=\"150\" src=\"https:\/\/lab.fortuno.hr\/pekarski-strojevi\/wp-content\/uploads\/2021\/02\/no4.jpg\" class=\"attachment-large size-large\" alt=\"\" loading=\"lazy\" \/><\/div><div class=\"w-vwrapper usg_vwrapper_1 align_left valign_top\"><h2 class=\"w-post-elm post_title usg_post_title_1 entry-title color_link_inherit has_text_color\">no4<\/h2><\/div>\t<\/div>\r\n<\/article>\r\n<article class=\"w-grid-item post-230 attachment type-attachment status-inherit hentry\" data-id=\"230\">\r\n\t<div class=\"w-grid-item-h\">\r\n\t\t\t\t\t<a class=\"w-grid-item-anchor\" href=\"https:\/\/lab.fortuno.hr\/pekarski-strojevi\/wp-content\/uploads\/2021\/02\/no5.jpg\" ref=\"magnificPopupGrid\" title=\"no5\"><\/a>\r\n\t\t\t\t<div class=\"w-post-elm post_image usg_post_image_1 stretched\"><img width=\"150\" height=\"150\" src=\"https:\/\/lab.fortuno.hr\/pekarski-strojevi\/wp-content\/uploads\/2021\/02\/no5.jpg\" class=\"attachment-large size-large\" alt=\"\" loading=\"lazy\" \/><\/div><div class=\"w-vwrapper usg_vwrapper_1 align_left valign_top\"><h2 class=\"w-post-elm post_title usg_post_title_1 entry-title color_link_inherit has_text_color\">no5<\/h2><\/div>\t<\/div>\r\n<\/article>\r\n<article class=\"w-grid-item post-231 attachment type-attachment status-inherit hentry\" data-id=\"231\">\r\n\t<div class=\"w-grid-item-h\">\r\n\t\t\t\t\t<a class=\"w-grid-item-anchor\" href=\"https:\/\/lab.fortuno.hr\/pekarski-strojevi\/wp-content\/uploads\/2021\/02\/no6.jpg\" ref=\"magnificPopupGrid\" title=\"no6\"><\/a>\r\n\t\t\t\t<div class=\"w-post-elm post_image usg_post_image_1 stretched\"><img width=\"150\" height=\"150\" src=\"https:\/\/lab.fortuno.hr\/pekarski-strojevi\/wp-content\/uploads\/2021\/02\/no6.jpg\" class=\"attachment-large size-large\" alt=\"\" loading=\"lazy\" \/><\/div><div class=\"w-vwrapper usg_vwrapper_1 align_left valign_top\"><h2 class=\"w-post-elm post_title usg_post_title_1 entry-title color_link_inherit has_text_color\">no6<\/h2><\/div>\t<\/div>\r\n<\/article>\r\n<article class=\"w-grid-item post-232 attachment type-attachment status-inherit hentry\" data-id=\"232\">\r\n\t<div class=\"w-grid-item-h\">\r\n\t\t\t\t\t<a class=\"w-grid-item-anchor\" href=\"https:\/\/lab.fortuno.hr\/pekarski-strojevi\/wp-content\/uploads\/2021\/02\/no7.jpg\" ref=\"magnificPopupGrid\" title=\"no7\"><\/a>\r\n\t\t\t\t<div class=\"w-post-elm post_image usg_post_image_1 stretched\"><img width=\"150\" height=\"150\" src=\"https:\/\/lab.fortuno.hr\/pekarski-strojevi\/wp-content\/uploads\/2021\/02\/no7.jpg\" class=\"attachment-large size-large\" alt=\"\" loading=\"lazy\" \/><\/div><div class=\"w-vwrapper usg_vwrapper_1 align_left valign_top\"><h2 class=\"w-post-elm post_title usg_post_title_1 entry-title color_link_inherit has_text_color\">no7<\/h2><\/div>\t<\/div>\r\n<\/article>\r\n<article class=\"w-grid-item post-226 attachment type-attachment status-inherit hentry\" data-id=\"226\">\r\n\t<div class=\"w-grid-item-h\">\r\n\t\t\t\t\t<a class=\"w-grid-item-anchor\" href=\"https:\/\/lab.fortuno.hr\/pekarski-strojevi\/wp-content\/uploads\/2021\/02\/no1.jpg\" ref=\"magnificPopupGrid\" title=\"no1\"><\/a>\r\n\t\t\t\t<div class=\"w-post-elm post_image usg_post_image_1 stretched\"><img width=\"150\" height=\"150\" src=\"https:\/\/lab.fortuno.hr\/pekarski-strojevi\/wp-content\/uploads\/2021\/02\/no1.jpg\" class=\"attachment-large size-large\" alt=\"\" loading=\"lazy\" \/><\/div><div class=\"w-vwrapper usg_vwrapper_1 align_left valign_top\"><h2 class=\"w-post-elm post_title usg_post_title_1 entry-title color_link_inherit has_text_color\">no1<\/h2><\/div>\t<\/div>\r\n<\/article>\r\n<article class=\"w-grid-item post-227 attachment type-attachment status-inherit hentry\" data-id=\"227\">\r\n\t<div class=\"w-grid-item-h\">\r\n\t\t\t\t\t<a class=\"w-grid-item-anchor\" href=\"https:\/\/lab.fortuno.hr\/pekarski-strojevi\/wp-content\/uploads\/2021\/02\/no2.jpg\" ref=\"magnificPopupGrid\" title=\"no2\"><\/a>\r\n\t\t\t\t<div class=\"w-post-elm post_image usg_post_image_1 stretched\"><img width=\"300\" height=\"284\" src=\"https:\/\/lab.fortuno.hr\/pekarski-strojevi\/wp-content\/uploads\/2021\/02\/no2.jpg\" class=\"attachment-large size-large\" alt=\"\" loading=\"lazy\" \/><\/div><div class=\"w-vwrapper usg_vwrapper_1 align_left valign_top\"><h2 class=\"w-post-elm post_title usg_post_title_1 entry-title color_link_inherit has_text_color\">no2<\/h2><\/div>\t<\/div>\r\n<\/article>\r\n<article class=\"w-grid-item post-228 attachment type-attachment status-inherit hentry\" data-id=\"228\">\r\n\t<div class=\"w-grid-item-h\">\r\n\t\t\t\t\t<a class=\"w-grid-item-anchor\" href=\"https:\/\/lab.fortuno.hr\/pekarski-strojevi\/wp-content\/uploads\/2021\/02\/no3.jpg\" ref=\"magnificPopupGrid\" title=\"no3\"><\/a>\r\n\t\t\t\t<div class=\"w-post-elm post_image usg_post_image_1 stretched\"><img width=\"150\" height=\"150\" src=\"https:\/\/lab.fortuno.hr\/pekarski-strojevi\/wp-content\/uploads\/2021\/02\/no3.jpg\" class=\"attachment-large size-large\" alt=\"\" loading=\"lazy\" \/><\/div><div class=\"w-vwrapper usg_vwrapper_1 align_left valign_top\"><h2 class=\"w-post-elm post_title usg_post_title_1 entry-title color_link_inherit has_text_color\">no3<\/h2><\/div>\t<\/div>\r\n<\/article>\r\n<\/div><div class=\"w-grid-preloader\"><div class=\"g-preloader type_1\">\r\n\t<div><\/div>\r\n<\/div>\r\n<\/div>\t<div class=\"w-grid-json hidden\" onclick='return {&quot;action&quot;:&quot;us_ajax_grid&quot;,&quot;ajax_url&quot;:&quot;https:\\\/\\\/lab.fortuno.hr\\\/pekarski-strojevi\\\/wp-admin\\\/admin-ajax.php&quot;,&quot;infinite_scroll&quot;:0,&quot;max_num_pages&quot;:1,&quot;pagination&quot;:&quot;none&quot;,&quot;permalink_url&quot;:&quot;https:\\\/\\\/lab.fortuno.hr\\\/pekarski-strojevi\\\/wp-json\\\/wp\\\/v2\\\/pages\\\/71&quot;,&quot;template_vars&quot;:{&quot;columns&quot;:&quot;4&quot;,&quot;exclude_items&quot;:&quot;none&quot;,&quot;img_size&quot;:&quot;default&quot;,&quot;ignore_items_size&quot;:false,&quot;items_layout&quot;:&quot;portfolio_2&quot;,&quot;items_offset&quot;:&quot;1&quot;,&quot;load_animation&quot;:&quot;none&quot;,&quot;overriding_link&quot;:&quot;popup_post_image&quot;,&quot;post_id&quot;:71,&quot;query_args&quot;:{&quot;post_type&quot;:[&quot;attachment&quot;],&quot;post__in&quot;:[&quot;228&quot;,&quot;226&quot;,&quot;227&quot;,&quot;232&quot;,&quot;231&quot;,&quot;230&quot;,&quot;229&quot;,&quot;233&quot;,&quot;236&quot;,&quot;235&quot;,&quot;234&quot;],&quot;post_status&quot;:&quot;inherit&quot;,&quot;post_mime_type&quot;:&quot;image&quot;,&quot;posts_per_page&quot;:999},&quot;orderby_query_args&quot;:{&quot;orderby&quot;:{&quot;date&quot;:&quot;DESC&quot;}},&quot;type&quot;:&quot;grid&quot;,&quot;us_grid_ajax_index&quot;:1,&quot;us_grid_filter_params&quot;:null,&quot;us_grid_index&quot;:1,&quot;_us_grid_post_type&quot;:&quot;attachment&quot;}}'><\/div>\r\n\t<\/div><\/div><\/div><\/div><div class=\"vc_col-sm-4 wpb_column vc_column_container eq_sidebar\"><div class=\"vc_column-inner\"><div class=\"wpb_wrapper\">[vc_custom_heading text=&#8221;Po\u0161alji upit&#8221; font_container=&#8221;tag:h3|text_align:left&#8221; use_theme_fonts=&#8221;yes&#8221; css=&#8221;%7B%22default%22%3A%7B%22text-align%22%3A%22center%22%2C%22margin-bottom%22%3A%220%22%7D%7D&#8221;]<div class=\"w-separator us_custom_49f317a8 size_small has_font_size with_line width_50 thick_1 style_solid color_border align_center with_content\"><div class=\"w-separator-h\"><i class=\"fal fa-croissant\"><\/i><\/div><\/div><div class=\"wpb_text_column\" ><div class=\"wpb_wrapper\"><p style=\"text-align: center;\">Ukoliko imate bilo kakvih pitanja vezano za na\u0161u opremu i cijene ne ustru\u010davajte se poslati nam upit.<\/p>\n<\/div><\/div><div role=\"form\" class=\"wpcf7\" id=\"wpcf7-f130-o1\" lang=\"en-US\" dir=\"ltr\">\n<div class=\"screen-reader-response\"><p role=\"status\" aria-live=\"polite\" aria-atomic=\"true\"><\/p> <ul><\/ul><\/div>\n<form action=\"\/pekarski-strojevi\/wp-json\/wp\/v2\/pages\/71#wpcf7-f130-o1\" method=\"post\" class=\"wpcf7-form init\" novalidate=\"novalidate\" data-status=\"init\">\n<div style=\"display: none;\">\n<input type=\"hidden\" name=\"_wpcf7\" value=\"130\" \/>\n<input type=\"hidden\" name=\"_wpcf7_version\" value=\"5.3.2\" \/>\n<input type=\"hidden\" name=\"_wpcf7_locale\" value=\"en_US\" \/>\n<input type=\"hidden\" name=\"_wpcf7_unit_tag\" value=\"wpcf7-f130-o1\" \/>\n<input type=\"hidden\" name=\"_wpcf7_container_post\" value=\"0\" \/>\n<input type=\"hidden\" name=\"_wpcf7_posted_data_hash\" value=\"\" \/>\n<\/div>\n<p><span class=\"wpcf7-form-control-wrap your-name\"><input type=\"text\" name=\"your-name\" value=\"\" size=\"40\" class=\"wpcf7-form-control wpcf7-text wpcf7-validates-as-required\" aria-required=\"true\" aria-invalid=\"false\" placeholder=\"Va\u0161e ime\" \/><\/span><\/p>\n<p><span class=\"wpcf7-form-control-wrap your-phone\"><input type=\"tel\" name=\"your-phone\" value=\"\" size=\"40\" class=\"wpcf7-form-control wpcf7-text wpcf7-tel wpcf7-validates-as-tel\" aria-invalid=\"false\" placeholder=\"Broj telefona\" \/><\/span><\/p>\n<p><span class=\"wpcf7-form-control-wrap your-email\"><input type=\"email\" name=\"your-email\" value=\"\" size=\"40\" class=\"wpcf7-form-control wpcf7-text wpcf7-email wpcf7-validates-as-required wpcf7-validates-as-email\" aria-required=\"true\" aria-invalid=\"false\" placeholder=\"Va\u0161 email\" \/><\/span><\/p>\n<p><span class=\"wpcf7-form-control-wrap your-message\"><textarea name=\"your-message\" cols=\"40\" rows=\"10\" class=\"wpcf7-form-control wpcf7-textarea\" aria-invalid=\"false\" placeholder=\"Va\u0161a poruka\"><\/textarea><\/span><\/p>\n<div style=\"text-align:center; margin-bottom: 30px;\"><label><span class=\"wpcf7-form-control-wrap checkbox-431\"><span class=\"wpcf7-form-control wpcf7-checkbox wpcf7-validates-as-required\"><span class=\"wpcf7-list-item first last\"><label><input type=\"checkbox\" name=\"checkbox-431[]\" value=\"\" \/><span class=\"wpcf7-list-item-label\"><\/span><\/label><\/span><\/span><\/span>Prihva\u0107am uvjete kori\u0161tenja koji su navedeni u na\u0161oj <a href=\"https:\/\/lab.fortuno.hr\/pekarski-strojevi\/politika-privatnosti\/\">Politici privatnosti<\/a>.<\/label><\/div>\n<div style=\"text-align:center;\"><input type=\"submit\" value=\"Po\u0161alji\" class=\"wpcf7-form-control wpcf7-submit\" \/><\/div>\n<div class=\"wpcf7-response-output\" aria-hidden=\"true\"><\/div><\/form><\/div><\/div><\/div><\/div><\/div><\/div><\/section>\n","protected":false},"excerpt":{"rendered":"","protected":false},"author":1,"featured_media":0,"parent":0,"menu_order":0,"comment_status":"closed","ping_status":"closed","template":"","meta":[],"_links":{"self":[{"href":"https:\/\/lab.fortuno.hr\/pekarski-strojevi\/wp-json\/wp\/v2\/pages\/71"}],"collection":[{"href":"https:\/\/lab.fortuno.hr\/pekarski-strojevi\/wp-json\/wp\/v2\/pages"}],"about":[{"href":"https:\/\/lab.fortuno.hr\/pekarski-strojevi\/wp-json\/wp\/v2\/types\/page"}],"author":[{"embeddable":true,"href":"https:\/\/lab.fortuno.hr\/pekarski-strojevi\/wp-json\/wp\/v2\/users\/1"}],"replies":[{"embeddable":true,"href":"https:\/\/lab.fortuno.hr\/pekarski-strojevi\/wp-json\/wp\/v2\/comments?post=71"}],"version-history":[{"count":10,"href":"https:\/\/lab.fortuno.hr\/pekarski-strojevi\/wp-json\/wp\/v2\/pages\/71\/revisions"}],"predecessor-version":[{"id":239,"href":"https:\/\/lab.fortuno.hr\/pekarski-strojevi\/wp-json\/wp\/v2\/pages\/71\/revisions\/239"}],"wp:attachment":[{"href":"https:\/\/lab.fortuno.hr\/pekarski-strojevi\/wp-json\/wp\/v2\/media?parent=71"}],"curies":[{"name":"wp","href":"https:\/\/api.w.org\/{rel}","templated":true}]}}