{"id":498,"date":"2021-02-16T13:32:02","date_gmt":"2021-02-16T12:32:02","guid":{"rendered":"https:\/\/lab.fortuno.hr\/pekarski-strojevi\/?page_id=498"},"modified":"2021-02-16T13:37:18","modified_gmt":"2021-02-16T12:37:18","slug":"politika-privatnosti","status":"publish","type":"page","link":"https:\/\/lab.fortuno.hr\/pekarski-strojevi\/politika-privatnosti\/","title":{"rendered":"Politika privatnosti"},"content":{"rendered":"<section class=\"l-section wpb_row height_medium\"><div class=\"l-section-h i-cf\"><div class=\"g-cols vc_row type_default valign_top\"><div class=\"vc_col-sm-12 wpb_column vc_column_container\"><div class=\"vc_column-inner\"><div class=\"wpb_wrapper\"><h2 class=\"w-post-elm post_title entry-title color_link_inherit\">Politika privatnosti<\/h2><div class=\"wpb_text_column\" ><div class=\"wpb_wrapper\"><p><em><i>Pekarski strojevi oprema d.o.o.<\/i><\/em>\u00a0obvezuje se za\u0161tititi osobne podatke klijenata. Prikupljamo samo osnovne podatke klijenata\/korisnika koji su nu\u017eni za ispunjenje na\u0161ih obaveza. Klijente informiramo o na\u010dinu na koji koristimo njihove podatke te oni odlu\u010duju ho\u0107e li njihovo ime biti na listama koje se koriste za marketin\u0161ke kampanje. Svi se osobni podaci korisnika strogo \u010duvaju, dostupni su samo djelatnicima kojima su ti podaci nu\u017eni za obavljanje posla. Svi djelatnici tvrtke Pekarski strojevi oprema d.o.o. i poslovni partneri odgovorni su za po\u0161tovanje na\u010dela za\u0161tite privatnosti.<\/p>\n<h3>Prikupljanje i kori\u0161tenje informacija<\/h3>\n<p>Pekarski strojevi oprema d.o.o. cijeni i \u0161titi va\u0161u privatnost. U procesu realizacije tra\u017eene usluge te za davanje obavijesti i informacija vezanih uz na\u0161e usluge, koristit \u0107emo isklju\u010divo informacije koje pristanete dati. Obvezujemo se da va\u0161e osobne informacije ne\u0107emo prodati, iznijeti ili dati tre\u0107oj osobi na na\u010din koji nije naveden u ovom programu.<\/p>\n<h3>Registracija<\/h3>\n<p>Kako bi napravio rezervaciju ili poslao upit na na\u0161im web stranicama, korisnik prethodno mora popuniti kontakt formu. Prilikom ispunjavanja forme od korisnika se tra\u017ee kontakt informacije (poput imena i e-mail adrese). Te se informacije koriste kako bi se stupilo u kontakt s korisnikom prilikom odgovaranja na pitanja postavljena na na\u0161im web stranicama. Tako\u0111er, podaci osiguravaju privatnost korisnika pri kontroli statusa rezervacije i unosa ili promjene podataka.<\/p>\n<h3>Rezervacija<\/h3>\n<p>Pri rezervaciji robe ili usluga koje nudimo tra\u017eit \u0107emo osobne podatke nositelja rezervacije (ime, adresa, kontakt telefon i dr.). Ti \u0107e se podaci koristiti\u00a0isklju\u010divo za realizaciju usluge. Podaci o pla\u0107anju (poput broja kartice) posebno su za\u0161ti\u0107eni te \u0107e biti dostupni samo bankama i karti\u010dnim ku\u0107ama radi autorizacije pla\u0107anja.<\/p>\n<h3>Log datoteke<\/h3>\n<p>Koristimo IP adrese kako bismo analizirali trendove, pratili kretanje korisnika, odr\u017eavali web stranice i skupili \u0161ire demografske podatke. IP adrese nisu vezane uz osobne podatke pomo\u0107u\u00a0kojih je mogu\u0107a identifikacija pojedinca.<\/p>\n<h3>Dostupnost informacija<\/h3>\n<p>Prikupljeni demografski podaci bit \u0107e dostupni na\u0161im medijskim partnerima, profesionalcima i ogla\u0161iva\u010dima. Demografski podaci nisu povezani s osobnim podatcima pomo\u0107u\u00a0kojih je mogu\u0107a identifikacija pojedinca. Pri pru\u017eanju odre\u0111enih usluga udru\u017eujemo se s tre\u0107om strankom. Tre\u0107oj \u0107e stranci biti dostupno ime ili ostale kontakt informacije tek ako korisnik zatra\u017ei ove usluge. Tre\u0107oj stranci nije dozvoljeno koristiti osobne podatke osim u svrhu pru\u017eanja navedenih usluga.<\/p>\n<h3>Linkovi<\/h3>\n<p>Na\u0161a web stranica mo\u017ee sadr\u017eavati linkove na druge web stranice. Tvrtka Pekarski strojevi oprema d.o.o. ne mo\u017ee biti odgovorna za po\u0161tivanje privatnosti na drugim web stranicama. Poti\u010demo korisnike da pro\u010ditaju izjave o privatnosti svake web stranice koja prikuplja i koristi njihove osobne podatke. Ova izjava o privatnosti primjenjiva je isklju\u010divo na informacije koje su prikupljene na ovoj web stranici.<\/p>\n<h3>Sigurnost<\/h3>\n<p>Poduzimamo sve potrebne mjere kako bi na na\u0161im stranicama korisni\u010dki podaci bili za\u0161ti\u0107eni. Povjerljivi podaci za\u0161ti\u0107eni su i online i offline. Ako na\u0161i formulari zahtijevaju povjerljive podatke, ti su podaci \u0161ifrirani i za\u0161ti\u0107eni sigurnosnim protokolom (SSL).\u00a0Internetski pretra\u017eiva\u010di (browseri) poput Internet Explorera, Google Chromea ili Firefoxa ikonom lokota ozna\u010davaju za\u0161ti\u0107enost stranica. Ukoliko je lokot na ikoni zatvoren, nalazite se na za\u0161ti\u0107enoj stranici. Koristimo SSL \u0161ifriranje kako bismo za\u0161titili korisni\u010dke podatke na internetu te \u010dinimo sve \u0161to je u na\u0161oj mogu\u0107nosti kako bismo podatke za\u0161titili i offline. Pristup svim podacima o na\u0161im korisnicima je ograni\u010den. Pristup povjerljivim podacima imaju samo zaposlenici kojima su ti podaci potrebni kako bi obavili odre\u0111ene usluge. Za sva dodatna pitanja o sigurnosti na na\u0161im web stranicama mo\u017eete poslati e-mail na: info@pekarski-strojevi-oprema.hr<\/p>\n<h3>Ispravak\/A\u017euriranje osobnih podataka<\/h3>\n<p>Ispitanik ima sljede\u0107a prava:<\/p>\n<ul>\n<li>pravo na ispravak<\/li>\n<li>pravo na brisanje\/zaborav<\/li>\n<li>pravo na ograni\u010denje obrade<\/li>\n<li>pravo na prenosivost podataka<\/li>\n<li>pravo na pristup<\/li>\n<li>pravo na prigovor.<\/li>\n<\/ul>\n<p>Za sve zahtjeve mo\u017ee se javiti slu\u017ebeniku za za\u0161titu osobnih podataka Pekarski strojevi oprema d.o.o. \u010diji su podaci i kontakt u nastavku.<\/p>\n<p>Sajmi\u0161te 2, 32000 Vukovar<br \/>\nemail: info@pekarski-strojevi-oprema.hr<\/p>\n<h3>Obavijesti o promjenama<\/h3>\n<p>Ako\u00a0odlu\u010dimo promijeniti na\u0161a pravila o po\u0161tovanju privatnosti, obavijest o tome objavit \u0107emo na naslovnici na\u0161ih web stranica. Korisnici \u0107e uvijek biti upoznati s podacima koje prikupljamo, s na\u010dinima na koji koristimo prikupljene podatke te pod kojim uvjetima eventualno otkrivamo osobne podatke. Ako u bilo kojem trenutku osobne podatke korisnika odlu\u010dimo iskoristiti na druk\u010diji na\u010din\u00a0od navedenog u vrijeme kad su oni dobiveni, korisnicima \u0107emo poslati e-mail. Korisnicima \u0107e biti omogu\u0107eno\u00a0da odobre ili odbiju kori\u0161tenje podataka na novi na\u010din. Podatke \u0107emo koristiti u skladu s pravilima o privatnosti va\u017ee\u0107ima u vrijeme prikupljanja podataka korisnika.<\/p>\n<h3>Pravila o postupanju s kola\u010di\u0107ima<\/h3>\n<p>Kola\u010di\u0107 (cookie) je podatak koji web stranica pohranjuje u ra\u010dunalo ili mobilni ure\u0111aj posjetitelja. Kola\u010di\u0107 dozvoljava web stranici da pamti akcije posjetitelja iz njegovih posjeta. Ve\u0107ina preglednika dozvoljava upotrebu kola\u010di\u0107a, ali korisnik u svakom trenutku mo\u017ee kola\u010di\u0107e obrisati ili postaviti u pregledniku zabranu upotrebe kola\u010di\u0107a. Naj\u010de\u0161\u0107e razlozi upotrebe kola\u010di\u0107a su identifikacija korisnika, pam\u0107enje preferencija korisnika, pomo\u0107 pri unosu ili pregledu sadr\u017eaja koji je ve\u0107 una\u0161an u prija\u0161njim posjetima, skupljanje podataka za analize i promotivne kampanje. Prilikom uporabe kola\u010di\u0107a odre\u0111eni podaci se prikupljaju automatski s va\u0161eg ra\u010dunala pri dolasku na na\u0161e stranice. Ti podaci mogu uklju\u010divati i IP adresu, datum i vrijeme pristupe, podatke o vrsti ra\u010dunala, operativnog sustava, pretra\u017eiva\u010du koji koristite, verzijama programa kao i jezi\u010dnim postavkama va\u0161eg ra\u010dunala. Pristupom na samu stranicu vidjet \u0107ete obavijest o kori\u0161tenju kola\u010di\u0107a koji prikupljaju ove podatke te pritiskom na polje \u201esla\u017eem se\u201c dajete nam privolu za prikupljanje tih podataka. Ukoliko na stranicama ne date privolu ti podaci ne\u0107e biti prikupljani, pohranjeni i obra\u0111ivani. Kola\u010di\u0107i se pohranjuju na ra\u010dunalu i bri\u0161u se odmah nakon zatvaranja preglednika a omogu\u0107uju stranici prikupljanje privremenih podataka poput ko\u0161arice za kupnju. U postavkama pretra\u017eiva\u010da mo\u017eete odrediti da li kola\u010di\u0107e \u017eelite prihvatiti ili odbiti. Mjesto ure\u0111ivanja postavki ovise o vrsti pretra\u017eiva\u010da, a mo\u017ee se na\u0107i prilikom pretra\u017eivanja help ili pomo\u0107 datoteke. Ukoliko odlu\u010dite da ne \u017eelite prihva\u0107ati kola\u010di\u0107e sa pekarski-strojevi-oprema.hr web stranice postoji mogu\u0107nost da ne\u0107ete mo\u0107i koristiti odre\u0111ene funkcije na web stranici.<\/p>\n<\/div><\/div><\/div><\/div><\/div><\/div><\/div><\/section><section class=\"l-section wpb_row height_medium\"><div class=\"l-section-h i-cf\"><div class=\"g-cols vc_row type_default valign_top\"><div class=\"vc_col-sm-12 wpb_column vc_column_container\"><div class=\"vc_column-inner\"><div class=\"wpb_wrapper\"><\/div><\/div><\/div><\/div><\/div><\/section>\n","protected":false},"excerpt":{"rendered":"Politika privatnostiPekarski strojevi oprema d.o.o.\u00a0obvezuje se za\u0161tititi osobne podatke klijenata. Prikupljamo samo osnovne podatke klijenata\/korisnika koji su nu\u017eni za ispunjenje na\u0161ih obaveza. Klijente informiramo o na\u010dinu na koji koristimo njihove podatke te oni odlu\u010duju ho\u0107e li njihovo ime biti na listama koje se koriste za marketin\u0161ke kampanje. Svi se osobni podaci korisnika strogo \u010duvaju, dostupni...","protected":false},"author":1,"featured_media":0,"parent":0,"menu_order":0,"comment_status":"closed","ping_status":"closed","template":"","meta":[],"_links":{"self":[{"href":"https:\/\/lab.fortuno.hr\/pekarski-strojevi\/wp-json\/wp\/v2\/pages\/498"}],"collection":[{"href":"https:\/\/lab.fortuno.hr\/pekarski-strojevi\/wp-json\/wp\/v2\/pages"}],"about":[{"href":"https:\/\/lab.fortuno.hr\/pekarski-strojevi\/wp-json\/wp\/v2\/types\/page"}],"author":[{"embeddable":true,"href":"https:\/\/lab.fortuno.hr\/pekarski-strojevi\/wp-json\/wp\/v2\/users\/1"}],"replies":[{"embeddable":true,"href":"https:\/\/lab.fortuno.hr\/pekarski-strojevi\/wp-json\/wp\/v2\/comments?post=498"}],"version-history":[{"count":4,"href":"https:\/\/lab.fortuno.hr\/pekarski-strojevi\/wp-json\/wp\/v2\/pages\/498\/revisions"}],"predecessor-version":[{"id":502,"href":"https:\/\/lab.fortuno.hr\/pekarski-strojevi\/wp-json\/wp\/v2\/pages\/498\/revisions\/502"}],"wp:attachment":[{"href":"https:\/\/lab.fortuno.hr\/pekarski-strojevi\/wp-json\/wp\/v2\/media?parent=498"}],"curies":[{"name":"wp","href":"https:\/\/api.w.org\/{rel}","templated":true}]}}