{"id":318,"date":"2019-01-18T07:10:51","date_gmt":"2019-01-18T07:10:51","guid":{"rendered":"https:\/\/lab.fortuno.hr\/pekar\/?page_id=318"},"modified":"2020-07-30T12:02:47","modified_gmt":"2020-07-30T12:02:47","slug":"gdje-smo","status":"publish","type":"page","link":"https:\/\/lab.fortuno.hr\/pekar\/gdje-smo\/","title":{"rendered":"Gdje smo"},"content":{"rendered":"<p>[et_pb_section bb_built=&#8221;1&#8243; next_background_color=&#8221;#ffffff&#8221; _builder_version=&#8221;3.19.4&#8243; use_background_color_gradient=&#8221;on&#8221; background_color_gradient_start=&#8221;rgba(0,0,0,0.61)&#8221; background_color_gradient_end=&#8221;rgba(255,255,255,0)&#8221; background_color_gradient_overlays_image=&#8221;on&#8221; background_image=&#8221;https:\/\/lab.fortuno.hr\/pekar\/wp-content\/uploads\/2019\/01\/gdjesmomi.jpg&#8221; bottom_divider_style=&#8221;slant&#8221; inner_width=&#8221;auto&#8221; inner_max_width=&#8221;none&#8221;][et_pb_row _builder_version=&#8221;3.19.4&#8243; width=&#8221;80%&#8221; max_width=&#8221;1080px&#8221;][et_pb_column type=&#8221;4_4&#8243;][et_pb_divider color=&#8221;#ec1d25&#8243; divider_weight=&#8221;5px&#8221; _builder_version=&#8221;3.19.4&#8243; max_width=&#8221;32%&#8221; max_width_tablet=&#8221;56%&#8221; max_width_phone=&#8221;87%&#8221; max_width_last_edited=&#8221;on|tablet&#8221; module_alignment=&#8221;center&#8221; custom_margin=&#8221;50px||10px&#8221;]<\/p>\n<p><\/p>\n<p>[\/et_pb_divider][et_pb_text _builder_version=&#8221;3.19.4&#8243; text_font=&#8221;Meltow San 300 Rust||||||||&#8221; text_text_color=&#8221;#ffffff&#8221; text_font_size=&#8221;58px&#8221; text_line_height_tablet=&#8221;1em&#8221; text_line_height_phone=&#8221;1em&#8221; text_line_height_last_edited=&#8221;on|tablet&#8221; custom_margin=&#8221;0px||150px&#8221;]<\/p>\n<p style=\"text-align: center;\">GDJE SMO MI<\/p>\n<p>[\/et_pb_text][\/et_pb_column][\/et_pb_row][\/et_pb_section][et_pb_section bb_built=&#8221;1&#8243; _builder_version=&#8221;3.19.4&#8243; inner_width=&#8221;auto&#8221; inner_max_width=&#8221;none&#8221; prev_background_color=&#8221;#000000&#8243; next_background_color=&#8221;#000000&#8243;][et_pb_row custom_padding=&#8221;27px|0px|27px|0px|false|false&#8221; _builder_version=&#8221;3.19.4&#8243; width=&#8221;80%&#8221; max_width=&#8221;1080px&#8221;][et_pb_column type=&#8221;4_4&#8243;][et_pb_divider color=&#8221;#ec1d25&#8243; divider_weight=&#8221;5px&#8221; _builder_version=&#8221;3.19.4&#8243; max_width=&#8221;23%&#8221; max_width_tablet=&#8221;43%&#8221; max_width_phone=&#8221;66%&#8221; max_width_last_edited=&#8221;on|desktop&#8221; module_alignment=&#8221;center&#8221; custom_margin=&#8221;0px||10px&#8221;]<\/p>\n<p><\/p>\n<p>[\/et_pb_divider][et_pb_text _builder_version=&#8221;3.19.4&#8243; text_font=&#8221;Meltow San 300 Rust||||||||&#8221; text_text_color=&#8221;#000000&#8243; text_font_size=&#8221;58px&#8221; custom_margin=&#8221;0px||50px&#8221;]<\/p>\n<p style=\"text-align: center;\">VINKOVCI<\/p>\n<p>[\/et_pb_text][\/et_pb_column][\/et_pb_row][et_pb_row use_custom_width=&#8221;on&#8221; width_unit=&#8221;off&#8221; custom_width_percent=&#8221;90%&#8221; custom_margin=&#8221;||50px&#8221; _builder_version=&#8221;3.19.4&#8243; width=&#8221;90%&#8221; max_width=&#8221;90%&#8221;][et_pb_column type=&#8221;1_3&#8243;][et_pb_text _builder_version=&#8221;3.19.4&#8243; text_font=&#8221;||||||||&#8221; text_text_color=&#8221;#000000&#8243;]<\/p>\n<p>Ka\u017eu kako se povijest stvara svakoga dana\u2026<br \/>Vinkovci svoju, bez prekida pi\u0161u ve\u0107 vi\u0161e od 8000 godina, i s ponosom nose naziv najstarijeg europskog naselja.<\/p>\n<p> Povoljan je topografski polo\u017eaj bio glavni preduvjet za naseljavanje prostora grada Vinkovaca u prapovijesti, \u0161to je prepoznato i u 20. stolje\u0107u kada Vinkovci postaju veliko i poznato \u017eeljezni\u010dko \u010dvori\u0161te. U nizu prapovijesnih kultura svakako treba izdvojiti dvije kulture koje su obuhva\u0107ale \u0161ire podru\u010dje, a ime su dobile po lokalnim toponimima; Sopotu (mla\u0111ekamenodobna Sopotska kultura) i Vinkovcima (ranobron\u010danodobna Vinkova\u010dka kultura).<\/p>\n<p>U Vinkovcima je otkriven i najstariji indoeuropski kalendar \u2013 Orion, iz vremena bakrenodobne Vu\u010dedolske kulture.\u00a0Rimljani su na prostoru Grada osnovali naselje &#8211; Koloniju Aureliju Cibale (Colonia Aurelia Cibalae), koje je kroz stolje\u0107a postalo tre\u0107i najve\u0107i grad u provinciji Drugoj Panoniji.<\/p>\n<p>[\/et_pb_text][\/et_pb_column][et_pb_column type=&#8221;1_3&#8243;][et_pb_text _builder_version=&#8221;3.19.4&#8243; text_font=&#8221;||||||||&#8221; text_text_color=&#8221;#000000&#8243;]<\/p>\n<p>U Cibalama su ro\u0111ena i dva rimska cara, bra\u0107a Valentinijan i Valens, jedini rimski carevi ro\u0111eni na prostoru dana\u0161nje Republike Hrvatske. Tijekom \u201emra\u010dnog srednjeg vijeka\u201c na prostoru Vinkovaca razvilo se trgova\u010dko sredi\u0161te Sveti Ilija (Szentillye), a pripadalo mu je manje naselje &#8211; selo imena Vinkovci (Wynkocz). Nakon Osmanlijskog razdoblja,neizbrisivi trag u povijesti grada ostavlja razdoblje Vojne krajine u vidu niza zgrada izgra\u0111enih u tzv. vojno-barokno-kraji\u0161kom stilu.<\/p>\n<p>Zahuktalu se lokomotivu napretka vi\u0161e nije moglo zaustaviti, pa kroz industrijalizaciju Vinkovci, od male varo\u0161ice, dobivaju status grada i nastavljaju se razvijati sve do Domovinskoga rata, kada je grad pretrpio te\u0161ka fizi\u010dka razaranja i ljudske \u017ertve. Niti taj doga\u0111aj nije prekinuo nit kontinuiteta razvoja grada. Vinkovci se i danas nastavljaju razvijati na bogatoj i plodnoj ba\u0161tini koju su nam ostavili na\u0161i preci.<\/p>\n<p>[\/et_pb_text][\/et_pb_column][et_pb_column type=&#8221;1_3&#8243;][et_pb_text _builder_version=&#8221;3.19.4&#8243; text_font=&#8221;||||||||&#8221; text_text_color=&#8221;#000000&#8243;]<\/p>\n<p>Danas, na tragu povijesnog bogatstva, svi posjetitelji mogu u\u017eivati u manifestaciji <em>Rimski dani<\/em>, a vrijednost naslje\u0111a \u0160okaca, obi\u010daja i kulture \u017eivota, ponosno se pokazuje svake godine na <em>Vinkova\u010dkim jesenima.<\/em><\/p>\n<p>Iako vrijeme odmi\u010de, ljubav i toplina ovoga grada ne prestaje. Dapa\u010de, ona je sve ve\u0107a i ja\u010da. Uvjerite se sami otkrivaju\u0107i grad s najduljim kontinuitetom \u017eivota u Europi!<\/p>\n<p>[\/et_pb_text][\/et_pb_column][\/et_pb_row][et_pb_row use_custom_width=&#8221;on&#8221; width_unit=&#8221;off&#8221; custom_width_percent=&#8221;85%&#8221; custom_margin=&#8221;||20px&#8221; module_class=&#8221;turizam&#8221; _builder_version=&#8221;3.19.4&#8243; background_color=&#8221;#32211a&#8221; border_radii=&#8221;on|15px|15px|15px|15px&#8221; width=&#8221;85%&#8221; max_width=&#8221;85%&#8221;][et_pb_column type=&#8221;4_4&#8243;][et_pb_text module_class=&#8221;textic&#8221; _builder_version=&#8221;3.19.4&#8243; text_font=&#8221;Meltow San 300 Rust||||||||&#8221; text_text_color=&#8221;#ffffff&#8221; text_font_size=&#8221;32px&#8221; text_font_size_phone=&#8221;28px&#8221; text_font_size_last_edited=&#8221;on|phone&#8221; text_line_height=&#8221;1.1em&#8221; text_orientation=&#8221;center&#8221; custom_margin=&#8221;||0px&#8221; custom_margin_last_edited=&#8221;on|desktop&#8221; custom_padding=&#8221;||20px&#8221;]<\/p>\n<p>POSJETITE WEB STRANICU TURISTI\u010cKE ZAJEDNICE VINKOVCI<\/p>\n<p>[\/et_pb_text][et_pb_button button_url=&#8221;http:\/\/www.tz-vinkovci.hr\/&#8221; button_text=&#8221;POSJETI&#8221; module_class=&#8221;buttonic&#8221; _builder_version=&#8221;3.19.4&#8243; custom_button=&#8221;on&#8221; button_text_size=&#8221;32px&#8221; button_text_color=&#8221;#32211a&#8221; button_bg_color=&#8221;#ebb145&#8243; button_border_width=&#8221;0px&#8221; button_border_radius=&#8221;7px&#8221; button_font=&#8221;Meltow San 300 Rust||||||||&#8221; button_use_icon=&#8221;off&#8221; button_text_size_phone=&#8221;28px&#8221; button_text_size_last_edited=&#8221;on|phone&#8221; custom_margin=&#8221;|40px||40px&#8221; custom_padding=&#8221;|80px||80px&#8221; custom_padding_phone=&#8221;|40px||40px&#8221; custom_padding_last_edited=&#8221;on|phone&#8221;]<\/p>\n<p><\/p>\n<p>[\/et_pb_button][\/et_pb_column][\/et_pb_row][\/et_pb_section][et_pb_section bb_built=&#8221;1&#8243; _builder_version=&#8221;3.19.4&#8243; background_image=&#8221;https:\/\/lab.fortuno.hr\/pekar\/wp-content\/uploads\/2019\/04\/vinkovci-1.jpg&#8221; parallax=&#8221;on&#8221; inner_width=&#8221;auto&#8221; inner_max_width=&#8221;none&#8221; prev_background_color=&#8221;#ffffff&#8221; next_background_color=&#8221;#ffffff&#8221;][et_pb_row _builder_version=&#8221;3.19.4&#8243; width=&#8221;80%&#8221; max_width=&#8221;1080px&#8221;][et_pb_column type=&#8221;4_4&#8243;][et_pb_divider show_divider=&#8221;off&#8221; height=&#8221;300px&#8221; _builder_version=&#8221;3.19.4&#8243;]<\/p>\n<p><\/p>\n<p>[\/et_pb_divider][\/et_pb_column][\/et_pb_row][\/et_pb_section][et_pb_section bb_built=&#8221;1&#8243; fullwidth=&#8221;on&#8221; _builder_version=&#8221;3.19.4&#8243; inner_width=&#8221;auto&#8221; inner_max_width=&#8221;none&#8221; prev_background_color=&#8221;#000000&#8243; next_background_color=&#8221;rgba(255,255,255,0)&#8221;][et_pb_fullwidth_map address=&#8221;Obrtni\u010dka ul. 5, 32100, Vinkovci, Croatia&#8221; zoom_level=&#8221;14&#8243; address_lat=&#8221;45.2685136&#8243; address_lng=&#8221;18.8056113&#8243; mouse_wheel=&#8221;off&#8221; mobile_dragging=&#8221;off&#8221; _builder_version=&#8221;3.19.4&#8243;][et_pb_map_pin pin_address=&#8221;Obrtni\u010dka ul. 5, 32100, Vinkovci, Croatia&#8221; zoom_level=&#8221;9&#8243; pin_address_lat=&#8221;45.2685136&#8243; pin_address_lng=&#8221;18.8056113&#8243; _builder_version=&#8221;3.19.4&#8243; title=&#8221;Obrtni\u010dka ul. 5, 32100, Vinkovci, Croatia&#8221;][\/et_pb_map_pin][et_pb_map_pin pin_address=&#8221;Ul. Hansa Dietricha Genschera 22B, 32100, Vinkovci, Croatia&#8221; zoom_level=&#8221;11&#8243; pin_address_lat=&#8221;45.278826&#8243; pin_address_lng=&#8221;18.7976982&#8243; _builder_version=&#8221;3.19.4&#8243; title=&#8221;Ul. Hansa Dietricha Genschera 22B, 32100, Vinkovci, Croatia&#8221;][\/et_pb_map_pin][\/et_pb_fullwidth_map][\/et_pb_section][et_pb_section bb_built=&#8221;1&#8243; _builder_version=&#8221;3.22.5&#8243; background_color=&#8221;rgba(255,255,255,0)&#8221; custom_margin=&#8221;-80px||0px&#8221; custom_padding=&#8221;0px||30px&#8221; inner_width=&#8221;auto&#8221; inner_max_width=&#8221;none&#8221; prev_background_color=&#8221;#ffffff&#8221; next_background_color=&#8221;rgba(0,0,0,0)&#8221;][et_pb_row use_custom_width=&#8221;on&#8221; width_unit=&#8221;off&#8221; custom_width_percent=&#8221;90%&#8221; custom_padding=&#8221;0px||0px&#8221; custom_margin=&#8221;0px||0px&#8221; _builder_version=&#8221;3.19.4&#8243; background_color=&#8221;rgba(255,255,255,0)&#8221; width=&#8221;90%&#8221; max_width=&#8221;90%&#8221;][et_pb_column type=&#8221;4_4&#8243;][et_pb_button button_url=&#8221;https:\/\/www.google.com\/maps\/place\/Obrtni%C4%8Dka+ul.+5,+32100,+Vinkovci\/@45.2685174,18.8034226,17z\/data=!3m1!4b1!4m5!3m4!1s0x475c8a8948cfb8cf:0x68ebe386bfdbc8fe!8m2!3d45.2685136!4d18.8056113&#8243; button_text=&#8221;NAVIGIRAJ DO NAS&#8221; button_alignment=&#8221;right&#8221; _builder_version=&#8221;3.19.4&#8243; custom_button=&#8221;on&#8221; button_text_size=&#8221;24px&#8221; button_text_color=&#8221;#ffffff&#8221; button_bg_color=&#8221;#373737&#8243; button_border_width=&#8221;0px&#8221; button_border_radius=&#8221;7px&#8221; button_font=&#8221;Meltow San 300 Rust||||||||&#8221; button_use_icon=&#8221;off&#8221; button_text_size_phone=&#8221;14px&#8221; button_text_size_last_edited=&#8221;on|phone&#8221; custom_margin=&#8221;|||&#8221; custom_margin_phone=&#8221;20px|40px||&#8221; custom_margin_last_edited=&#8221;on|desktop&#8221; custom_padding=&#8221;|20px||20px&#8221; button_text_color__hover_enabled=&#8221;on&#8221; button_text_color__hover=&#8221;#000000&#8243;]<\/p>\n<p><\/p>\n<p>[\/et_pb_button][\/et_pb_column][\/et_pb_row][\/et_pb_section][et_pb_section bb_built=&#8221;1&#8243; _builder_version=&#8221;3.19.4&#8243; background_color=&#8221;rgba(0,0,0,0)&#8221; background_image=&#8221;https:\/\/lab.fortuno.hr\/pekar\/wp-content\/uploads\/2019\/01\/Asset-24.png&#8221; background_size=&#8221;initial&#8221; background_position=&#8221;bottom_right&#8221; module_alignment=&#8221;right&#8221; custom_margin=&#8221;0px||0px&#8221; custom_padding=&#8221;0px||0px&#8221; saved_tabs=&#8221;all&#8221; inner_width=&#8221;auto&#8221; inner_max_width=&#8221;none&#8221; global_module=&#8221;74&#8243; prev_background_color=&#8221;rgba(255,255,255,0)&#8221;][et_pb_row global_parent=&#8221;74&#8243; custom_padding=&#8221;0px|0px|0px|&#8221; custom_margin=&#8221;50px||0px|40px&#8221; module_class=&#8221;img-inline&#8221; _builder_version=&#8221;3.22.5&#8243; background_color=&#8221;rgba(0,0,0,0)&#8221; width=&#8221;auto&#8221; max_width=&#8221;100%&#8221; custom_css_main_element=&#8221;z-index: 1000;&#8221; use_custom_width=&#8221;on&#8221; width_unit=&#8221;off&#8221; custom_width_percent=&#8221;27%&#8221; z_index_tablet=&#8221;500&#8243; width_phone=&#8221;80%&#8221; make_equal=&#8221;on&#8221; custom_css_main_1=&#8221;width: auto!important;||margin-right: 40px!important;&#8221; custom_css_main_2=&#8221;width: auto!important;||margin-right: 40px!important;&#8221; custom_css_main_3=&#8221;width: auto!important;&#8221;][et_pb_column type=&#8221;1_3&#8243;][et_pb_image global_parent=&#8221;74&#8243; src=&#8221;https:\/\/lab.fortuno.hr\/pekar\/wp-content\/uploads\/2020\/07\/PEKAR-znak-30-godina-h-130-bez-kruga.png&#8221; _builder_version=&#8221;3.22.5&#8243; z_index_tablet=&#8221;500&#8243; \/][\/et_pb_column][et_pb_column type=&#8221;1_3&#8243;][et_pb_image global_parent=&#8221;74&#8243; src=&#8221;https:\/\/lab.fortuno.hr\/pekar\/wp-content\/uploads\/2020\/07\/Halal-logotip-h130.png&#8221; _builder_version=&#8221;3.22.5&#8243; z_index_tablet=&#8221;500&#8243; \/][\/et_pb_column][et_pb_column type=&#8221;1_3&#8243;][et_pb_image global_parent=&#8221;74&#8243; src=&#8221;https:\/\/lab.fortuno.hr\/pekar\/wp-content\/uploads\/2020\/07\/ifs-food-h130.png&#8221; _builder_version=&#8221;3.22.5&#8243; custom_margin=&#8221;0px|||&#8221; custom_margin_last_edited=&#8221;on|desktop&#8221; z_index_tablet=&#8221;500&#8243; \/][\/et_pb_column][\/et_pb_row][et_pb_row global_parent=&#8221;74&#8243; custom_margin=&#8221;0px||&#8221; custom_css_main_3=&#8221;display: none;&#8221; _builder_version=&#8221;3.22.5&#8243; border_radii=&#8221;||||&#8221; border_color_right=&#8221;#000000&#8243; width=&#8221;100%&#8221; max_width=&#8221;100%&#8221; use_custom_width=&#8221;on&#8221; width_unit=&#8221;off&#8221; custom_width_percent=&#8221;100%&#8221;][et_pb_column type=&#8221;1_4&#8243;][et_pb_text global_parent=&#8221;74&#8243; _builder_version=&#8221;3.22.5&#8243; text_font=&#8221;Meltow San 300 Rust||||||||&#8221; text_text_color=&#8221;#000000&#8243; text_font_size=&#8221;22px&#8221; custom_margin=&#8221;50px||20px|40px&#8221; custom_padding=&#8221;||0px&#8221; z_index_tablet=&#8221;500&#8243;]<\/p>\n<p>KONTAKTIRAJTE NAS<\/p>\n<p>[\/et_pb_text][et_pb_text global_parent=&#8221;74&#8243; _builder_version=&#8221;3.19.4&#8243; text_font=&#8221;||||||||&#8221; text_text_color=&#8221;#000000&#8243; text_font_size=&#8221;15px&#8221; text_line_height=&#8221;1em&#8221; custom_margin=&#8221;0px||50px|40px&#8221; custom_margin_phone=&#8221;0px||0px|40px&#8221; custom_margin_last_edited=&#8221;on|desktop&#8221; custom_padding=&#8221;0px||&#8221;]<\/p>\n<p>Obrtni\u010dka <g class=\"gr_ gr_4 gr-alert gr_spell gr_inline_cards gr_run_anim ContextualSpelling\" id=\"4\" data-gr-id=\"4\">ulica<\/g>\u00a05<\/p>\n<p>32 100 Vinkovci<\/p>\n<p><a href=\"mailto:info@pekar.hr\">info@pekar.hr<\/a><\/p>\n<p><span>0800 44 33 22<\/span><\/p>\n<p>[\/et_pb_text][\/et_pb_column][et_pb_column type=&#8221;1_4&#8243;][et_pb_text global_parent=&#8221;74&#8243; _builder_version=&#8221;3.22.5&#8243; text_font=&#8221;Meltow San 300 Rust||||||||&#8221; text_text_color=&#8221;#000000&#8243; text_font_size=&#8221;22px&#8221; custom_margin=&#8221;50px||20px|40px&#8221; custom_padding=&#8221;||0px&#8221; \/][\/et_pb_column][et_pb_column type=&#8221;1_4&#8243;][et_pb_text global_parent=&#8221;74&#8243; _builder_version=&#8221;3.19.4&#8243; text_font=&#8221;Meltow San 300 Rust||||||||&#8221; text_text_color=&#8221;#000000&#8243; text_font_size=&#8221;22px&#8221; custom_margin=&#8221;50px||20px|40px&#8221; custom_padding=&#8221;||0px&#8221;]<\/p>\n<p>PRATITE NAS<\/p>\n<p>[\/et_pb_text][et_pb_text global_parent=&#8221;74&#8243; _builder_version=&#8221;3.19.4&#8243; text_font=&#8221;||||||||&#8221; text_text_color=&#8221;#000000&#8243; text_font_size=&#8221;21px&#8221; text_letter_spacing=&#8221;25px&#8221; text_line_height=&#8221;1em&#8221; custom_margin=&#8221;0px|||40px&#8221; custom_padding=&#8221;0px||&#8221;]<\/p>\n<p><i class=\"fab fa-google-plus-g\"><\/i><i class=\"fab fa-facebook\"><\/i><i class=\"fab fa-twitter\"><\/i><i class=\"fab fa-instagram\"><\/i><i class=\"fab fa-linkedin-in\"><\/i><\/p>\n<p>[\/et_pb_text][\/et_pb_column][et_pb_column type=&#8221;1_4&#8243;][\/et_pb_column][\/et_pb_row][et_pb_row global_parent=&#8221;74&#8243; custom_padding_phone=&#8221;||270px&#8221; custom_margin=&#8221;|||40px&#8221; custom_padding_last_edited=&#8221;on|phone&#8221; _builder_version=&#8221;3.22.3&#8243; width=&#8221;100%&#8221; max_width=&#8221;100%&#8221; use_custom_width=&#8221;on&#8221; width_unit=&#8221;off&#8221; custom_width_percent=&#8221;100%&#8221;][et_pb_column type=&#8221;4_4&#8243;][et_pb_text global_parent=&#8221;74&#8243; _builder_version=&#8221;3.22.5&#8243; text_font=&#8221;|700|||||||&#8221; text_text_color=&#8221;#000000&#8243; text_font_size_phone=&#8221;12px&#8221; text_font_size_last_edited=&#8221;on|phone&#8221; z_index_tablet=&#8221;500&#8243;]<\/p>\n<p>2019.\u00a9 <span style=\"text-decoration: underline;\"><a href=\"https:\/\/lab.fortuno.hr\/pekar\/\">PEKAR D.O.O.<\/a><\/span> | SVA PRAVA PRIDR\u017dANA.<\/p>\n<p>[\/et_pb_text][\/et_pb_column][\/et_pb_row][\/et_pb_section]<\/p>\n","protected":false},"excerpt":{"rendered":"<p>[et_pb_section bb_built=&#8221;1&#8243; next_background_color=&#8221;#ffffff&#8221; _builder_version=&#8221;3.19.4&#8243; use_background_color_gradient=&#8221;on&#8221; background_color_gradient_start=&#8221;rgba(0,0,0,0.61)&#8221; background_color_gradient_end=&#8221;rgba(255,255,255,0)&#8221; background_color_gradient_overlays_image=&#8221;on&#8221; background_image=&#8221;https:\/\/lab.fortuno.hr\/pekar\/wp-content\/uploads\/2019\/01\/gdjesmomi.jpg&#8221; bottom_divider_style=&#8221;slant&#8221; inner_width=&#8221;auto&#8221; inner_max_width=&#8221;none&#8221;][et_pb_row _builder_version=&#8221;3.19.4&#8243; width=&#8221;80%&#8221; max_width=&#8221;1080px&#8221;][et_pb_column type=&#8221;4_4&#8243;][et_pb_divider color=&#8221;#ec1d25&#8243; divider_weight=&#8221;5px&#8221; _builder_version=&#8221;3.19.4&#8243; max_width=&#8221;32%&#8221; max_width_tablet=&#8221;56%&#8221; max_width_phone=&#8221;87%&#8221; max_width_last_edited=&#8221;on|tablet&#8221; module_alignment=&#8221;center&#8221; custom_margin=&#8221;50px||10px&#8221;] [\/et_pb_divider][et_pb_text _builder_version=&#8221;3.19.4&#8243; text_font=&#8221;Meltow San 300 Rust||||||||&#8221; text_text_color=&#8221;#ffffff&#8221; text_font_size=&#8221;58px&#8221; text_line_height_tablet=&#8221;1em&#8221; text_line_height_phone=&#8221;1em&#8221; text_line_height_last_edited=&#8221;on|tablet&#8221; custom_margin=&#8221;0px||150px&#8221;] GDJE SMO MI [\/et_pb_text][\/et_pb_column][\/et_pb_row][\/et_pb_section][et_pb_section bb_built=&#8221;1&#8243; _builder_version=&#8221;3.19.4&#8243; inner_width=&#8221;auto&#8221; inner_max_width=&#8221;none&#8221; prev_background_color=&#8221;#000000&#8243; next_background_color=&#8221;#000000&#8243;][et_pb_row custom_padding=&#8221;27px|0px|27px|0px|false|false&#8221; _builder_version=&#8221;3.19.4&#8243; width=&#8221;80%&#8221; max_width=&#8221;1080px&#8221;][et_pb_column type=&#8221;4_4&#8243;][et_pb_divider color=&#8221;#ec1d25&#8243; divider_weight=&#8221;5px&#8221; _builder_version=&#8221;3.19.4&#8243; [&hellip;]<\/p>\n","protected":false},"author":1,"featured_media":0,"parent":0,"menu_order":0,"comment_status":"closed","ping_status":"closed","template":"","meta":{"_et_pb_use_builder":"on","_et_pb_old_content":"","_et_gb_content_width":""},"_links":{"self":[{"href":"https:\/\/lab.fortuno.hr\/pekar\/wp-json\/wp\/v2\/pages\/318"}],"collection":[{"href":"https:\/\/lab.fortuno.hr\/pekar\/wp-json\/wp\/v2\/pages"}],"about":[{"href":"https:\/\/lab.fortuno.hr\/pekar\/wp-json\/wp\/v2\/types\/page"}],"author":[{"embeddable":true,"href":"https:\/\/lab.fortuno.hr\/pekar\/wp-json\/wp\/v2\/users\/1"}],"replies":[{"embeddable":true,"href":"https:\/\/lab.fortuno.hr\/pekar\/wp-json\/wp\/v2\/comments?post=318"}],"version-history":[{"count":24,"href":"https:\/\/lab.fortuno.hr\/pekar\/wp-json\/wp\/v2\/pages\/318\/revisions"}],"predecessor-version":[{"id":978,"href":"https:\/\/lab.fortuno.hr\/pekar\/wp-json\/wp\/v2\/pages\/318\/revisions\/978"}],"wp:attachment":[{"href":"https:\/\/lab.fortuno.hr\/pekar\/wp-json\/wp\/v2\/media?parent=318"}],"curies":[{"name":"wp","href":"https:\/\/api.w.org\/{rel}","templated":true}]}}