{"id":209,"date":"2019-01-16T12:14:51","date_gmt":"2019-01-16T12:14:51","guid":{"rendered":"https:\/\/lab.fortuno.hr\/pekar\/?page_id=209"},"modified":"2020-07-30T12:01:21","modified_gmt":"2020-07-30T12:01:21","slug":"kako-radimo","status":"publish","type":"page","link":"https:\/\/lab.fortuno.hr\/pekar\/kako-radimo\/","title":{"rendered":"Kako radimo"},"content":{"rendered":"<p>[et_pb_section bb_built=&#8221;1&#8243; next_background_color=&#8221;#ffffff&#8221; _builder_version=&#8221;3.19.4&#8243; use_background_color_gradient=&#8221;on&#8221; background_color_gradient_start=&#8221;rgba(0,0,0,0.61)&#8221; background_color_gradient_end=&#8221;rgba(255,255,255,0)&#8221; background_color_gradient_overlays_image=&#8221;on&#8221; background_image=&#8221;https:\/\/lab.fortuno.hr\/pekar\/wp-content\/uploads\/2019\/01\/kako-mi-radimo.jpg&#8221; bottom_divider_style=&#8221;slant&#8221; inner_width=&#8221;auto&#8221; inner_max_width=&#8221;none&#8221;][et_pb_row _builder_version=&#8221;3.19.4&#8243; width=&#8221;80%&#8221; max_width=&#8221;1080px&#8221;][et_pb_column type=&#8221;4_4&#8243;][et_pb_divider color=&#8221;#ec1d25&#8243; divider_weight=&#8221;5px&#8221; _builder_version=&#8221;3.19.4&#8243; max_width=&#8221;41%&#8221; max_width_tablet=&#8221;73%&#8221; max_width_phone=&#8221;59%&#8221; max_width_last_edited=&#8221;on|tablet&#8221; module_alignment=&#8221;center&#8221; custom_margin=&#8221;50px||10px&#8221;]<\/p>\n<p>[\/et_pb_divider][et_pb_text _builder_version=&#8221;3.19.4&#8243; text_font=&#8221;Meltow San 300 Rust||||||||&#8221; text_text_color=&#8221;#ffffff&#8221; text_font_size=&#8221;58px&#8221; text_line_height_tablet=&#8221;1em&#8221; text_line_height_phone=&#8221;1em&#8221; text_line_height_last_edited=&#8221;on|tablet&#8221; custom_margin=&#8221;0px||150px&#8221;]<\/p>\n<p style=\"text-align: center;\">KAKO MI RADIMO<\/p>\n<p>[\/et_pb_text][\/et_pb_column][\/et_pb_row][\/et_pb_section][et_pb_section bb_built=&#8221;1&#8243; _builder_version=&#8221;3.19.4&#8243; inner_width=&#8221;auto&#8221; inner_max_width=&#8221;none&#8221; prev_background_color=&#8221;#000000&#8243; next_background_color=&#8221;#000000&#8243;][et_pb_row use_custom_width=&#8221;on&#8221; width_unit=&#8221;off&#8221; custom_width_percent=&#8221;90%&#8221; _builder_version=&#8221;3.19.4&#8243; width=&#8221;90%&#8221; max_width=&#8221;90%&#8221;][et_pb_column type=&#8221;1_2&#8243;][et_pb_blurb title=&#8221;Proizvodnja&#8221; image=&#8221;https:\/\/lab.fortuno.hr\/pekar\/wp-content\/uploads\/2019\/01\/pekar-logo-okrugli2.svg&#8221; icon_placement=&#8221;left&#8221; content_max_width=&#8221;100%&#8221; content_max_width_phone=&#8221;0%&#8221; content_max_width_last_edited=&#8221;on|phone&#8221; _builder_version=&#8221;3.19.4&#8243; header_font=&#8221;Meltow San 300 Rust||||||||&#8221; header_text_color=&#8221;#000000&#8243; header_font_size=&#8221;18px&#8221; header_font_size_tablet=&#8221;18px&#8221; header_font_size_phone=&#8221;8px&#8221; header_font_size_last_edited=&#8221;on|phone&#8221; body_font=&#8221;||||||||&#8221; body_text_color=&#8221;#000000&#8243; max_width_phone=&#8221;0%&#8221; max_width_last_edited=&#8221;on|phone&#8221; custom_css_blurb_image=&#8221;width:100px;&#8221; custom_css_blurb_title=&#8221;font-size:60px;||padding:20px 0;&#8221;]<\/p>\n<p>Kontinuirane investicije u suvremene tehnologije od samih po\u010detaka dodatno su intenzivirane u posljednjem desetlje\u0107u na\u0161eg postojanja. Danas je na\u0161a proizvodnja u potpunosti modernizirana te velikim dijelom automatizirana. Ponosni smo i na ru\u010dni rad koji se prakticira isklju\u010divo kako bismo zadr\u017eali kvalitetu odre\u0111enih proizvoda.<\/p>\n<p>Moderan pogon na vi\u0161e od 5000 m2 sadr\u017ei linije za svje\u017ee pekarske proizvode, linije za smrznute proizvode, liniju za proizvode od vu\u010denog i lisnatog tijesta, liniju za kru\u0161ne mrvice i liniju za tjestenine, te suhe kola\u010de.\u00a0<\/p>\n<p>[\/et_pb_blurb][\/et_pb_column][et_pb_column type=&#8221;1_2&#8243;][et_pb_image src=&#8221;https:\/\/lab.fortuno.hr\/pekar\/wp-content\/uploads\/2019\/01\/001.png&#8221; _builder_version=&#8221;3.19.4&#8243; max_width=&#8221;65%&#8221; module_alignment=&#8221;center&#8221; custom_margin=&#8221;||&#8221;]<\/p>\n<p>[\/et_pb_image][\/et_pb_column][\/et_pb_row][\/et_pb_section][et_pb_section bb_built=&#8221;1&#8243; prev_background_color=&#8221;#ffffff&#8221; next_background_color=&#8221;#ffffff&#8221; _builder_version=&#8221;3.19.4&#8243; background_image=&#8221;https:\/\/lab.fortuno.hr\/pekar\/wp-content\/uploads\/2019\/01\/PAPIRUS2.png&#8221; top_divider_style=&#8221;waves2&#8243; top_divider_height=&#8221;6px&#8221; top_divider_repeat=&#8221;17x&#8221; bottom_divider_style=&#8221;waves2&#8243; bottom_divider_height=&#8221;6px&#8221; bottom_divider_repeat=&#8221;17x&#8221; inner_width=&#8221;auto&#8221; inner_max_width=&#8221;none&#8221;][et_pb_row use_custom_width=&#8221;on&#8221; width_unit=&#8221;off&#8221; custom_width_percent=&#8221;90%&#8221; _builder_version=&#8221;3.19.4&#8243; width=&#8221;90%&#8221; max_width=&#8221;90%&#8221;][et_pb_column type=&#8221;1_2&#8243;][et_pb_image src=&#8221;https:\/\/lab.fortuno.hr\/pekar\/wp-content\/uploads\/2019\/01\/002.png&#8221; _builder_version=&#8221;3.19.4&#8243; max_width=&#8221;65%&#8221; module_alignment=&#8221;center&#8221;]<\/p>\n<p>[\/et_pb_image][\/et_pb_column][et_pb_column type=&#8221;1_2&#8243;][et_pb_blurb title=&#8221;SPECIJALIZACIJA&#8221; image=&#8221;https:\/\/lab.fortuno.hr\/pekar\/wp-content\/uploads\/2019\/01\/pekar-logo-okrugli2.svg&#8221; icon_placement=&#8221;left&#8221; content_max_width=&#8221;1100px&#8221; _builder_version=&#8221;3.19.4&#8243; header_font=&#8221;Meltow San 300 Rust||||||||&#8221; header_text_color=&#8221;#000000&#8243; body_font=&#8221;||||||||&#8221; body_text_color=&#8221;#000000&#8243; custom_css_blurb_image=&#8221;width:100px;&#8221; custom_css_blurb_title=&#8221;font-size:60px;||padding:20px 0;&#8221;]<\/p>\n<p>Iskustvo, promi\u0161ljena strategija i jasna vizija rezultirali su uskom specijalizacijom za pojedine proizvode. Upravo zato su posljednji investicijski ciklusi bili usmjereni na linijsku proizvodnju u velikim serijama, kao i robnim markama.<\/p>\n<p>Danas smo najve\u0107i pogon za proizvodnju svih vrsta lepinja u regiji i \u0161ire, najve\u0107i pogon za proizvodnju kru\u0161nih mrvica u Hrvatskoj i najve\u0107i proizvo\u0111a\u010d kruha po jedinici proizvoda u Hrvatskoj. Osim lepinja i kru\u0161nih mrvica, specijalizirali smo se jo\u0161 i za proizvodnju slanaca, bureka, hambija i malih buffet peciva.<\/p>\n<p>[\/et_pb_blurb][\/et_pb_column][\/et_pb_row][\/et_pb_section][et_pb_section bb_built=&#8221;1&#8243; _builder_version=&#8221;3.19.4&#8243; inner_width=&#8221;auto&#8221; inner_max_width=&#8221;none&#8221; prev_background_color=&#8221;#000000&#8243; next_background_color=&#8221;#000000&#8243;][et_pb_row use_custom_width=&#8221;on&#8221; width_unit=&#8221;off&#8221; custom_width_percent=&#8221;90%&#8221; _builder_version=&#8221;3.19.4&#8243; width=&#8221;90%&#8221; max_width=&#8221;90%&#8221;][et_pb_column type=&#8221;1_2&#8243;][et_pb_blurb title=&#8221;SIROVINA&#8221; image=&#8221;https:\/\/lab.fortuno.hr\/pekar\/wp-content\/uploads\/2019\/01\/pekar-logo-okrugli2.svg&#8221; icon_placement=&#8221;left&#8221; content_max_width=&#8221;1100px&#8221; _builder_version=&#8221;3.19.4&#8243; header_font=&#8221;Meltow San 300 Rust||||||||&#8221; header_text_color=&#8221;#000000&#8243; body_font=&#8221;||||||||&#8221; body_text_color=&#8221;#000000&#8243; custom_css_blurb_image=&#8221;width:100px;&#8221; custom_css_blurb_title=&#8221;font-size:60px;||padding:20px 0;&#8221;]<\/p>\n<p>Veliku pa\u017enju posve\u0107ujemo sirovinama koje koristimo. Tradicionalne recepture i birane sirovine za okuse na\u0161ih proizvoda temelj su na\u0161e vizije od samog po\u010detka. Kori\u0161tenje isklju\u010divo najkvalitetnijih sirovina beskompromisno stavljaju tradicionalne okuse, zdravstvenu ispravnost i sigurnost na sam vrh liste na\u0161ih prioriteta. Stoga danas veliki dio na\u0161ih proizvoda nosi oznaku CLEAN LABEL (bez e-brojeva).<\/p>\n<p>[\/et_pb_blurb][\/et_pb_column][et_pb_column type=&#8221;1_2&#8243;][et_pb_image src=&#8221;https:\/\/lab.fortuno.hr\/pekar\/wp-content\/uploads\/2019\/01\/003.png&#8221; _builder_version=&#8221;3.19.4&#8243; max_width=&#8221;65%&#8221; module_alignment=&#8221;center&#8221;]<\/p>\n<p>[\/et_pb_image][\/et_pb_column][\/et_pb_row][\/et_pb_section][et_pb_section bb_built=&#8221;1&#8243; prev_background_color=&#8221;#ffffff&#8221; next_background_color=&#8221;#ffffff&#8221; _builder_version=&#8221;3.19.4&#8243; background_image=&#8221;https:\/\/lab.fortuno.hr\/pekar\/wp-content\/uploads\/2019\/01\/PAPIRUS2.png&#8221; top_divider_style=&#8221;waves2&#8243; top_divider_height=&#8221;6px&#8221; top_divider_repeat=&#8221;17x&#8221; bottom_divider_style=&#8221;waves2&#8243; bottom_divider_height=&#8221;6px&#8221; bottom_divider_repeat=&#8221;17x&#8221; inner_width=&#8221;auto&#8221; inner_max_width=&#8221;none&#8221;][et_pb_row use_custom_width=&#8221;on&#8221; width_unit=&#8221;off&#8221; custom_width_percent=&#8221;90%&#8221; _builder_version=&#8221;3.19.4&#8243; width=&#8221;90%&#8221; max_width=&#8221;90%&#8221;][et_pb_column type=&#8221;1_2&#8243;][et_pb_image src=&#8221;https:\/\/lab.fortuno.hr\/pekar\/wp-content\/uploads\/2019\/01\/004.png&#8221; _builder_version=&#8221;3.19.4&#8243; max_width=&#8221;65%&#8221; module_alignment=&#8221;center&#8221;]<\/p>\n<p>[\/et_pb_image][\/et_pb_column][et_pb_column type=&#8221;1_2&#8243;][et_pb_blurb title=&#8221;KVALITETA&#8221; image=&#8221;https:\/\/lab.fortuno.hr\/pekar\/wp-content\/uploads\/2019\/01\/pekar-logo-okrugli2.svg&#8221; icon_placement=&#8221;left&#8221; content_max_width=&#8221;1100px&#8221; _builder_version=&#8221;3.19.4&#8243; header_font=&#8221;Meltow San 300 Rust||||||||&#8221; header_text_color=&#8221;#000000&#8243; body_font=&#8221;||||||||&#8221; body_text_color=&#8221;#000000&#8243; custom_css_blurb_image=&#8221;width:100px;&#8221; custom_css_blurb_title=&#8221;font-size:60px;||padding:20px 0;&#8221;]<\/p>\n<p>Neprestana je kvaliteta prioritet u na\u0161oj viziji, od samih po\u010detaka, te je prepoznata od strane kupaca i partnera, kako kroz dugogodi\u0161nju prisutnost na tr\u017ei\u0161tu, tako i dugogodi\u0161njim odnosima s veleprodajnim kupcima \/ partnerima. Od prvog dana pa\u017eljivo se kontrolira kvaliteta u nekoliko faza proizvodnje, imaju\u0107i na umu kako je samo zadovoljan kupac &#8211; vjeran kupac.<\/p>\n<p>[\/et_pb_blurb][\/et_pb_column][\/et_pb_row][\/et_pb_section][et_pb_section bb_built=&#8221;1&#8243; _builder_version=&#8221;3.19.4&#8243; inner_width=&#8221;auto&#8221; inner_max_width=&#8221;none&#8221; prev_background_color=&#8221;#000000&#8243; next_background_color=&#8221;#000000&#8243;][et_pb_row use_custom_width=&#8221;on&#8221; width_unit=&#8221;off&#8221; custom_width_percent=&#8221;90%&#8221; _builder_version=&#8221;3.19.4&#8243; width=&#8221;90%&#8221; max_width=&#8221;90%&#8221;][et_pb_column type=&#8221;1_2&#8243;][et_pb_blurb title=&#8221;CERTIFIKATI&#8221; image=&#8221;https:\/\/lab.fortuno.hr\/pekar\/wp-content\/uploads\/2019\/01\/pekar-logo-okrugli2.svg&#8221; icon_placement=&#8221;left&#8221; content_max_width=&#8221;1100px&#8221; _builder_version=&#8221;3.19.4&#8243; header_font=&#8221;Meltow San 300 Rust||||||||&#8221; header_text_color=&#8221;#000000&#8243; body_font=&#8221;||||||||&#8221; body_text_color=&#8221;#000000&#8243; custom_css_blurb_image=&#8221;width:100px;&#8221; custom_css_blurb_title=&#8221;font-size:60px;||padding:20px 0;&#8221;]<\/p>\n<p>Osim standardnih obvezuju\u0107ih proizvodnih certifikata, redovno pratimo inovacije po pitanju zdravstvene ispravnosti i sigurnosti, te educiramo na\u0161e osoblje. Od samih po\u010detaka implementiramo najvi\u0161e standarde pa smo ve\u0107 niz godina certificirani s IFS standardom, a od nedavno smo ponosni i na HALAL certifikat. I, idemo dalje\u2026<\/p>\n<p>[\/et_pb_blurb][\/et_pb_column][et_pb_column type=&#8221;1_2&#8243;][et_pb_image src=&#8221;https:\/\/lab.fortuno.hr\/pekar\/wp-content\/uploads\/2019\/01\/005.png&#8221; _builder_version=&#8221;3.19.4&#8243; max_width=&#8221;65%&#8221; module_alignment=&#8221;center&#8221;]<\/p>\n<p>[\/et_pb_image][\/et_pb_column][\/et_pb_row][\/et_pb_section][et_pb_section bb_built=&#8221;1&#8243; prev_background_color=&#8221;#ffffff&#8221; next_background_color=&#8221;rgba(0,0,0,0)&#8221; _builder_version=&#8221;3.22.5&#8243; background_image=&#8221;https:\/\/lab.fortuno.hr\/pekar\/wp-content\/uploads\/2019\/01\/PAPIRUS2.png&#8221; top_divider_style=&#8221;waves2&#8243; top_divider_height=&#8221;6px&#8221; top_divider_repeat=&#8221;17x&#8221; bottom_divider_style=&#8221;waves2&#8243; bottom_divider_height=&#8221;6px&#8221; bottom_divider_repeat=&#8221;17x&#8221; custom_css_main_element=&#8221;z-index: 999;&#8221; inner_width_tablet=&#8221;50px&#8221; inner_max_width_tablet=&#8221;50px&#8221; z_index_tablet=&#8221;500&#8243;][et_pb_row use_custom_width=&#8221;on&#8221; width_unit=&#8221;off&#8221; custom_width_percent=&#8221;90%&#8221; _builder_version=&#8221;3.19.4&#8243; width=&#8221;90%&#8221; max_width=&#8221;90%&#8221;][et_pb_column type=&#8221;1_2&#8243;][et_pb_image src=&#8221;https:\/\/lab.fortuno.hr\/pekar\/wp-content\/uploads\/2019\/01\/006.png&#8221; _builder_version=&#8221;3.19.4&#8243; max_width=&#8221;65%&#8221; module_alignment=&#8221;center&#8221;]<\/p>\n<p>[\/et_pb_image][\/et_pb_column][et_pb_column type=&#8221;1_2&#8243;][et_pb_blurb title=&#8221;DISTRIBUCIJA&#8221; image=&#8221;https:\/\/lab.fortuno.hr\/pekar\/wp-content\/uploads\/2019\/01\/pekar-logo-okrugli2.svg&#8221; icon_placement=&#8221;left&#8221; content_max_width=&#8221;1100px&#8221; _builder_version=&#8221;3.19.4&#8243; header_font=&#8221;Meltow San 300 Rust||||||||&#8221; header_text_color=&#8221;#000000&#8243; body_font=&#8221;||||||||&#8221; body_text_color=&#8221;#000000&#8243; custom_css_blurb_image=&#8221;width:100px;&#8221; custom_css_blurb_title=&#8221;font-size:60px;||padding:20px 0;&#8221;]<\/p>\n<p>Uvijek izazov, ali mi volimo izazove. Distribuciju nam uvelike olak\u0161ava vlastito skladi\u0161te smrznutih proizvoda za vi\u0161e od 1200 paleta, a uz to su tu i distributivna sredi\u0161ta \u0161irom regije. Posjedujemo 30 vlastitih vozila koja dnevno dostavljaju svje\u017ee proizvode na vi\u0161e od 500 lokacija na\u0161ih partnera. Uz navedeno, godi\u0161nje distribuiramo vi\u0161e od 35 000 paleta smrznutih proizvoda, a dnevno, minimalno jedan kamion smrznutih proizvoda isporu\u010dimo u EU i ostale europske zemlje.<\/p>\n<p>[\/et_pb_blurb][\/et_pb_column][\/et_pb_row][\/et_pb_section][et_pb_section bb_built=&#8221;1&#8243; _builder_version=&#8221;3.19.4&#8243; background_color=&#8221;rgba(0,0,0,0)&#8221; background_image=&#8221;https:\/\/lab.fortuno.hr\/pekar\/wp-content\/uploads\/2019\/01\/Asset-24.png&#8221; background_size=&#8221;initial&#8221; background_position=&#8221;bottom_right&#8221; module_alignment=&#8221;right&#8221; custom_margin=&#8221;0px||0px&#8221; custom_padding=&#8221;0px||0px&#8221; saved_tabs=&#8221;all&#8221; prev_background_color=&#8221;#ffffff&#8221; inner_width=&#8221;auto&#8221; inner_max_width=&#8221;none&#8221; global_module=&#8221;74&#8243;][et_pb_row global_parent=&#8221;74&#8243; custom_padding=&#8221;0px|0px|0px|&#8221; custom_margin=&#8221;50px||0px|40px&#8221; module_class=&#8221;img-inline&#8221; _builder_version=&#8221;3.22.5&#8243; background_color=&#8221;rgba(0,0,0,0)&#8221; width=&#8221;auto&#8221; max_width=&#8221;100%&#8221; custom_css_main_element=&#8221;z-index: 1000;&#8221; use_custom_width=&#8221;on&#8221; width_unit=&#8221;off&#8221; custom_width_percent=&#8221;27%&#8221; z_index_tablet=&#8221;500&#8243; width_phone=&#8221;80%&#8221; make_equal=&#8221;on&#8221; custom_css_main_1=&#8221;width: auto!important;||margin-right: 40px!important;&#8221; custom_css_main_2=&#8221;width: auto!important;||margin-right: 40px!important;&#8221; custom_css_main_3=&#8221;width: auto!important;&#8221;][et_pb_column type=&#8221;1_3&#8243;][et_pb_image global_parent=&#8221;74&#8243; src=&#8221;https:\/\/lab.fortuno.hr\/pekar\/wp-content\/uploads\/2020\/07\/PEKAR-znak-30-godina-h-130-bez-kruga.png&#8221; _builder_version=&#8221;3.22.5&#8243; z_index_tablet=&#8221;500&#8243; \/][\/et_pb_column][et_pb_column type=&#8221;1_3&#8243;][et_pb_image global_parent=&#8221;74&#8243; src=&#8221;https:\/\/lab.fortuno.hr\/pekar\/wp-content\/uploads\/2020\/07\/Halal-logotip-h130.png&#8221; _builder_version=&#8221;3.22.5&#8243; z_index_tablet=&#8221;500&#8243; \/][\/et_pb_column][et_pb_column type=&#8221;1_3&#8243;][et_pb_image global_parent=&#8221;74&#8243; src=&#8221;https:\/\/lab.fortuno.hr\/pekar\/wp-content\/uploads\/2020\/07\/ifs-food-h130.png&#8221; _builder_version=&#8221;3.22.5&#8243; custom_margin=&#8221;0px|||&#8221; custom_margin_last_edited=&#8221;on|desktop&#8221; z_index_tablet=&#8221;500&#8243; \/][\/et_pb_column][\/et_pb_row][et_pb_row global_parent=&#8221;74&#8243; custom_margin=&#8221;0px||&#8221; custom_css_main_3=&#8221;display: none;&#8221; _builder_version=&#8221;3.22.5&#8243; border_radii=&#8221;||||&#8221; border_color_right=&#8221;#000000&#8243; width=&#8221;100%&#8221; max_width=&#8221;100%&#8221; use_custom_width=&#8221;on&#8221; width_unit=&#8221;off&#8221; custom_width_percent=&#8221;100%&#8221;][et_pb_column type=&#8221;1_4&#8243;][et_pb_text global_parent=&#8221;74&#8243; _builder_version=&#8221;3.22.5&#8243; text_font=&#8221;Meltow San 300 Rust||||||||&#8221; text_text_color=&#8221;#000000&#8243; text_font_size=&#8221;22px&#8221; custom_margin=&#8221;50px||20px|40px&#8221; custom_padding=&#8221;||0px&#8221; z_index_tablet=&#8221;500&#8243;]<\/p>\n<p>KONTAKTIRAJTE NAS<\/p>\n<p>[\/et_pb_text][et_pb_text global_parent=&#8221;74&#8243; _builder_version=&#8221;3.19.4&#8243; text_font=&#8221;||||||||&#8221; text_text_color=&#8221;#000000&#8243; text_font_size=&#8221;15px&#8221; text_line_height=&#8221;1em&#8221; custom_margin=&#8221;0px||50px|40px&#8221; custom_margin_phone=&#8221;0px||0px|40px&#8221; custom_margin_last_edited=&#8221;on|desktop&#8221; custom_padding=&#8221;0px||&#8221;]<\/p>\n<p>Obrtni\u010dka <g class=\"gr_ gr_4 gr-alert gr_spell gr_inline_cards gr_run_anim ContextualSpelling\" id=\"4\" data-gr-id=\"4\">ulica<\/g>\u00a05<\/p>\n<p>32 100 Vinkovci<\/p>\n<p><a href=\"mailto:info@pekar.hr\">info@pekar.hr<\/a><\/p>\n<p><span>0800 44 33 22<\/span><\/p>\n<p>[\/et_pb_text][\/et_pb_column][et_pb_column type=&#8221;1_4&#8243;][et_pb_text global_parent=&#8221;74&#8243; _builder_version=&#8221;3.22.5&#8243; text_font=&#8221;Meltow San 300 Rust||||||||&#8221; text_text_color=&#8221;#000000&#8243; text_font_size=&#8221;22px&#8221; custom_margin=&#8221;50px||20px|40px&#8221; custom_padding=&#8221;||0px&#8221; \/][\/et_pb_column][et_pb_column type=&#8221;1_4&#8243;][et_pb_text global_parent=&#8221;74&#8243; _builder_version=&#8221;3.19.4&#8243; text_font=&#8221;Meltow San 300 Rust||||||||&#8221; text_text_color=&#8221;#000000&#8243; text_font_size=&#8221;22px&#8221; custom_margin=&#8221;50px||20px|40px&#8221; custom_padding=&#8221;||0px&#8221;]<\/p>\n<p>PRATITE NAS<\/p>\n<p>[\/et_pb_text][et_pb_text global_parent=&#8221;74&#8243; _builder_version=&#8221;3.19.4&#8243; text_font=&#8221;||||||||&#8221; text_text_color=&#8221;#000000&#8243; text_font_size=&#8221;21px&#8221; text_letter_spacing=&#8221;25px&#8221; text_line_height=&#8221;1em&#8221; custom_margin=&#8221;0px|||40px&#8221; custom_padding=&#8221;0px||&#8221;]<\/p>\n<p><i class=\"fab fa-google-plus-g\"><\/i><i class=\"fab fa-facebook\"><\/i><i class=\"fab fa-twitter\"><\/i><i class=\"fab fa-instagram\"><\/i><i class=\"fab fa-linkedin-in\"><\/i><\/p>\n<p>[\/et_pb_text][\/et_pb_column][et_pb_column type=&#8221;1_4&#8243;][\/et_pb_column][\/et_pb_row][et_pb_row global_parent=&#8221;74&#8243; custom_padding_phone=&#8221;||270px&#8221; custom_margin=&#8221;|||40px&#8221; custom_padding_last_edited=&#8221;on|phone&#8221; _builder_version=&#8221;3.22.3&#8243; width=&#8221;100%&#8221; max_width=&#8221;100%&#8221; use_custom_width=&#8221;on&#8221; width_unit=&#8221;off&#8221; custom_width_percent=&#8221;100%&#8221;][et_pb_column type=&#8221;4_4&#8243;][et_pb_text global_parent=&#8221;74&#8243; _builder_version=&#8221;3.22.5&#8243; text_font=&#8221;|700|||||||&#8221; text_text_color=&#8221;#000000&#8243; text_font_size_phone=&#8221;12px&#8221; text_font_size_last_edited=&#8221;on|phone&#8221; z_index_tablet=&#8221;500&#8243;]<\/p>\n<p>2019.\u00a9 <span style=\"text-decoration: underline;\"><a href=\"https:\/\/lab.fortuno.hr\/pekar\/\">PEKAR D.O.O.<\/a><\/span> | SVA PRAVA PRIDR\u017dANA.<\/p>\n<p>[\/et_pb_text][\/et_pb_column][\/et_pb_row][\/et_pb_section]<\/p>\n","protected":false},"excerpt":{"rendered":"<p>[et_pb_section bb_built=&#8221;1&#8243; next_background_color=&#8221;#ffffff&#8221; _builder_version=&#8221;3.19.4&#8243; use_background_color_gradient=&#8221;on&#8221; background_color_gradient_start=&#8221;rgba(0,0,0,0.61)&#8221; background_color_gradient_end=&#8221;rgba(255,255,255,0)&#8221; background_color_gradient_overlays_image=&#8221;on&#8221; background_image=&#8221;https:\/\/lab.fortuno.hr\/pekar\/wp-content\/uploads\/2019\/01\/kako-mi-radimo.jpg&#8221; bottom_divider_style=&#8221;slant&#8221; inner_width=&#8221;auto&#8221; inner_max_width=&#8221;none&#8221;][et_pb_row _builder_version=&#8221;3.19.4&#8243; width=&#8221;80%&#8221; max_width=&#8221;1080px&#8221;][et_pb_column type=&#8221;4_4&#8243;][et_pb_divider color=&#8221;#ec1d25&#8243; divider_weight=&#8221;5px&#8221; _builder_version=&#8221;3.19.4&#8243; max_width=&#8221;41%&#8221; max_width_tablet=&#8221;73%&#8221; max_width_phone=&#8221;59%&#8221; max_width_last_edited=&#8221;on|tablet&#8221; module_alignment=&#8221;center&#8221; custom_margin=&#8221;50px||10px&#8221;] [\/et_pb_divider][et_pb_text _builder_version=&#8221;3.19.4&#8243; text_font=&#8221;Meltow San 300 Rust||||||||&#8221; text_text_color=&#8221;#ffffff&#8221; text_font_size=&#8221;58px&#8221; text_line_height_tablet=&#8221;1em&#8221; text_line_height_phone=&#8221;1em&#8221; text_line_height_last_edited=&#8221;on|tablet&#8221; custom_margin=&#8221;0px||150px&#8221;] KAKO MI RADIMO [\/et_pb_text][\/et_pb_column][\/et_pb_row][\/et_pb_section][et_pb_section bb_built=&#8221;1&#8243; _builder_version=&#8221;3.19.4&#8243; inner_width=&#8221;auto&#8221; inner_max_width=&#8221;none&#8221; prev_background_color=&#8221;#000000&#8243; next_background_color=&#8221;#000000&#8243;][et_pb_row use_custom_width=&#8221;on&#8221; width_unit=&#8221;off&#8221; custom_width_percent=&#8221;90%&#8221; _builder_version=&#8221;3.19.4&#8243; width=&#8221;90%&#8221; max_width=&#8221;90%&#8221;][et_pb_column type=&#8221;1_2&#8243;][et_pb_blurb title=&#8221;Proizvodnja&#8221; [&hellip;]<\/p>\n","protected":false},"author":1,"featured_media":0,"parent":0,"menu_order":0,"comment_status":"closed","ping_status":"closed","template":"","meta":{"_et_pb_use_builder":"on","_et_pb_old_content":"","_et_gb_content_width":""},"_links":{"self":[{"href":"https:\/\/lab.fortuno.hr\/pekar\/wp-json\/wp\/v2\/pages\/209"}],"collection":[{"href":"https:\/\/lab.fortuno.hr\/pekar\/wp-json\/wp\/v2\/pages"}],"about":[{"href":"https:\/\/lab.fortuno.hr\/pekar\/wp-json\/wp\/v2\/types\/page"}],"author":[{"embeddable":true,"href":"https:\/\/lab.fortuno.hr\/pekar\/wp-json\/wp\/v2\/users\/1"}],"replies":[{"embeddable":true,"href":"https:\/\/lab.fortuno.hr\/pekar\/wp-json\/wp\/v2\/comments?post=209"}],"version-history":[{"count":37,"href":"https:\/\/lab.fortuno.hr\/pekar\/wp-json\/wp\/v2\/pages\/209\/revisions"}],"predecessor-version":[{"id":977,"href":"https:\/\/lab.fortuno.hr\/pekar\/wp-json\/wp\/v2\/pages\/209\/revisions\/977"}],"wp:attachment":[{"href":"https:\/\/lab.fortuno.hr\/pekar\/wp-json\/wp\/v2\/media?parent=209"}],"curies":[{"name":"wp","href":"https:\/\/api.w.org\/{rel}","templated":true}]}}