{"id":84,"date":"2019-05-15T09:23:38","date_gmt":"2019-05-15T09:23:38","guid":{"rendered":"https:\/\/lab.fortuno.hr\/gradisan\/?page_id=84"},"modified":"2019-05-15T11:31:00","modified_gmt":"2019-05-15T11:31:00","slug":"ulaganje-u-digitalnu-prisutnost-tvrtke-gradisan","status":"publish","type":"page","link":"https:\/\/lab.fortuno.hr\/gradisan\/en\/ulaganje-u-digitalnu-prisutnost-tvrtke-gradisan\/","title":{"rendered":"Ulaganje u digitalnu prisutnost tvrtke Gradisan"},"content":{"rendered":"<p>[et_pb_section fb_built=&#8221;1&#8243; _builder_version=&#8221;3.22.7&#8243;][et_pb_row make_equal=&#8221;on&#8221; _builder_version=&#8221;3.22.7&#8243;][et_pb_column type=&#8221;1_3&#8243; _builder_version=&#8221;3.22.7&#8243;][et_pb_image src=&#8221;https:\/\/lab.fortuno.hr\/gradisan\/wp-content\/uploads\/2019\/05\/ESI-logotip_boja_manji.png&#8221; align=&#8221;right&#8221; _builder_version=&#8221;3.22.7&#8243; custom_margin=&#8221;25px||&#8221;][\/et_pb_image][\/et_pb_column][et_pb_column type=&#8221;1_3&#8243; _builder_version=&#8221;3.22.7&#8243;][et_pb_image src=&#8221;https:\/\/lab.fortuno.hr\/gradisan\/wp-content\/uploads\/2019\/05\/eulogo.png&#8221; align=&#8221;center&#8221; _builder_version=&#8221;3.22.7&#8243;][\/et_pb_image][\/et_pb_column][et_pb_column type=&#8221;1_3&#8243; _builder_version=&#8221;3.22.7&#8243;][et_pb_image src=&#8221;https:\/\/lab.fortuno.hr\/gradisan\/wp-content\/uploads\/2019\/05\/OPKK_boja_bez-pozadine_manji.png&#8221; _builder_version=&#8221;3.22.7&#8243; custom_margin=&#8221;25px||&#8221;][\/et_pb_image][\/et_pb_column][\/et_pb_row][et_pb_row _builder_version=&#8221;3.22.7&#8243;][et_pb_column type=&#8221;4_4&#8243; _builder_version=&#8221;3.22.7&#8243;][et_pb_text _builder_version=&#8221;3.22.7&#8243; text_font=&#8221;||||||||&#8221; text_text_color=&#8221;#000000&#8243;]<\/p>\n<p>Kvalitetu tvrtke Gradisan j.d.o.o. prepoznale su institucije Europske unije koje podupiru na\u0161 projekt pod nazivom:<\/p>\n<p>&nbsp;<\/p>\n<h3 style=\"text-align: center;\">\u201eUlaganje u digitalnu prisutnost tvrtke Gradisan\u201c<\/h3>\n<p>&nbsp;<\/p>\n<p>Projekt je sufinancirala Europska unija iz Europskih strukturnih i investicijskih fondova u financijskom razdoblju 2014-2020, konkretno, iz Europskog fonda za regionalni razvoj kroz natje\u010daj \u201e<em>WWW VAU\u010cERI ZA MSP-ove<\/em>\u201c.<\/p>\n<p>Projekt je odobren u smislu unapre\u0111enja poslovanja i pobolj\u0161anja tr\u017ei\u0161ne pozicije tvrtke Gradisan kroz izradu web stranice, a sve kako bi se ostvarili definirani ciljevi. Konkretno, predmetnom investicijom tvrtka je ulo\u017eila u izradu web stranice. Cilj iste je bio pove\u0107ati vlastitu konkurentnost primjenom mre\u017enih marketin\u0161kih rje\u0161enja \u010dime su se stvorili preduvjeti za rast fizi\u010dkog obujma posla \u0161to generira potrebu za zadr\u017eavanje postoje\u0107ih i otvaranje novih radnih mjesta, uz rast prihoda. Konkretno, uspje\u0161nom provedbom predmetnog ulaganja do\u0161lo je do (izme\u0111u ostalog):<\/p>\n<ul>\n<li>Pove\u0107anja prihoda od prodaje i ostvarenja prihoda od izvoza.<\/li>\n<li>O\u010duvanja postoje\u0107ih i otvaranja novih radnih mjesta.<\/li>\n<li>Pove\u0107anja produktivnosti za 20%.<\/li>\n<li>Smanjenja operativnih tro\u0161kova za marketing (15%) boljom analitikom stranice.<\/li>\n<li>Bolje iskoristivosti i lak\u0161e navigacije izradom funkcionalne web stranice (s kvalitetnim i dostupnim informacijama).<\/li>\n<li>Stvaranja responzivne web stranice koja je doprinijela pove\u0107anju broja posjetitelja.<\/li>\n<li>Jasne i sustavne briga o osiguranju sigurnosti podataka i redovitom servisiranju stranice.<\/li>\n<li>Poveznicama na profile tvrtke na dru\u0161tvenim mre\u017eama, stvorila se mogu\u0107nost zahva\u0107anja vi\u0161e klijenata i sklapanja vi\u0161e poslova.<\/li>\n<\/ul>\n<p>Ukupna vrijednost projekta iznosi 183.100,00 kuna od kojih je 100.000,00 kn bespovratno.<br \/>Razdoblje provedbe projekta je od 10.10.2018.-10.10.2019.<\/p>\n<p>Korisnik: Gradisan j.d.o.o.<br \/>Adresa: Stjepana Ladi\u0161e 2, 10 000 Zagreb<br \/>Kontakt osoba:<\/p>\n<ul>\n<li>Alen Bari\u0161i\u0107, direktor<\/li>\n<li>Broj telefona osobe za kontakt: +385 91 612 7925<\/li>\n<li>Adresa elektronske po\u0161te osobe za kontakt: <a href=\"mailto:abarisic@gradisan.hr\">abarisic@gradisan.hr<\/a><\/li>\n<\/ul>\n<p>&nbsp;<\/p>\n<p>Kontakt relevantnih institucija:<\/p>\n<ul>\n<li>Europski strukturni investicijski fondovi &#8211; <span>https:\/\/strukturnifondovi.hr\/<\/span><\/li>\n<li>Europski fond za regionalni razvoj &#8211; <a href=\"https:\/\/strukturnifondovi.hr\/eu-fondovi\/\">https:\/\/strukturnifondovi.hr\/eu-fondovi\/<\/a><\/li>\n<li>Operativni program konkurentnost i kohezija &#8211; <a href=\"https:\/\/www.mingo.hr\/public\/investicije\/OPKK_2014_2020_31316.pdf\">https:\/\/www.mingo.hr\/public\/investicije\/OPKK_2014_2020_31316.pdf<\/a><\/li>\n<\/ul>\n<p>&nbsp;<\/p>\n<p>Sadr\u017eaj ove publikacije isklju\u010diva je odgovornost <strong>Gradisan j.d.o.o<\/strong>.<\/p>\n<p>[\/et_pb_text][\/et_pb_column][\/et_pb_row][\/et_pb_section][et_pb_section fb_built=&#8221;1&#8243; module_id=&#8221;contact&#8221; _builder_version=&#8221;3.22.7&#8243; background_color=&#8221;#000000&#8243; global_module=&#8221;86&#8243;][et_pb_row _builder_version=&#8221;3.22.7&#8243;][et_pb_column type=&#8221;1_3&#8243; _builder_version=&#8221;3.22.7&#8243;][et_pb_text _builder_version=&#8221;3.22.7&#8243; text_font=&#8221;|700||on|||||&#8221; text_text_color=&#8221;#ffffff&#8221; text_font_size=&#8221;28px&#8221; text_orientation=&#8221;center&#8221;]<\/p>\n<p>CONTACT US<\/p>\n<p>[\/et_pb_text][et_pb_contact_form captcha=&#8221;off&#8221; _builder_version=&#8221;3.22.7&#8243; custom_button=&#8221;on&#8221; button_text_color=&#8221;#ffffff&#8221; button_bg_color=&#8221;#4263c0&#8243; button_font=&#8221;||||||||&#8221; button_use_icon=&#8221;off&#8221; custom_css_contact_button=&#8221;padding: 20px 119px 20px 119px !important;&#8221; button_bg_color__hover_enabled=&#8221;on&#8221; button_bg_color__hover=&#8221;#000000&#8243;][et_pb_contact_field field_id=&#8221;Name&#8221; field_title=&#8221;Name&#8221; fullwidth_field=&#8221;on&#8221; _builder_version=&#8221;3.22.7&#8243; border_radii=&#8221;on||||&#8221; button_text_size__hover_enabled=&#8221;off&#8221; button_one_text_size__hover_enabled=&#8221;off&#8221; button_two_text_size__hover_enabled=&#8221;off&#8221; button_text_color__hover_enabled=&#8221;off&#8221; button_one_text_color__hover_enabled=&#8221;off&#8221; button_two_text_color__hover_enabled=&#8221;off&#8221; button_border_width__hover_enabled=&#8221;off&#8221; button_one_border_width__hover_enabled=&#8221;off&#8221; button_two_border_width__hover_enabled=&#8221;off&#8221; button_border_color__hover_enabled=&#8221;off&#8221; button_one_border_color__hover_enabled=&#8221;off&#8221; button_two_border_color__hover_enabled=&#8221;off&#8221; button_border_radius__hover_enabled=&#8221;off&#8221; button_one_border_radius__hover_enabled=&#8221;off&#8221; button_two_border_radius__hover_enabled=&#8221;off&#8221; button_letter_spacing__hover_enabled=&#8221;off&#8221; button_one_letter_spacing__hover_enabled=&#8221;off&#8221; button_two_letter_spacing__hover_enabled=&#8221;off&#8221; button_bg_color__hover_enabled=&#8221;off&#8221; button_one_bg_color__hover_enabled=&#8221;off&#8221; button_two_bg_color__hover_enabled=&#8221;off&#8221;][\/et_pb_contact_field][et_pb_contact_field field_id=&#8221;Email&#8221; field_title=&#8221;Email Address&#8221; field_type=&#8221;email&#8221; fullwidth_field=&#8221;on&#8221; _builder_version=&#8221;3.22.7&#8243; border_radii=&#8221;on||||&#8221; button_text_size__hover_enabled=&#8221;off&#8221; button_one_text_size__hover_enabled=&#8221;off&#8221; button_two_text_size__hover_enabled=&#8221;off&#8221; button_text_color__hover_enabled=&#8221;off&#8221; button_one_text_color__hover_enabled=&#8221;off&#8221; button_two_text_color__hover_enabled=&#8221;off&#8221; button_border_width__hover_enabled=&#8221;off&#8221; button_one_border_width__hover_enabled=&#8221;off&#8221; button_two_border_width__hover_enabled=&#8221;off&#8221; button_border_color__hover_enabled=&#8221;off&#8221; button_one_border_color__hover_enabled=&#8221;off&#8221; button_two_border_color__hover_enabled=&#8221;off&#8221; button_border_radius__hover_enabled=&#8221;off&#8221; button_one_border_radius__hover_enabled=&#8221;off&#8221; button_two_border_radius__hover_enabled=&#8221;off&#8221; button_letter_spacing__hover_enabled=&#8221;off&#8221; button_one_letter_spacing__hover_enabled=&#8221;off&#8221; button_two_letter_spacing__hover_enabled=&#8221;off&#8221; button_bg_color__hover_enabled=&#8221;off&#8221; button_one_bg_color__hover_enabled=&#8221;off&#8221; button_two_bg_color__hover_enabled=&#8221;off&#8221;][\/et_pb_contact_field][et_pb_contact_field field_id=&#8221;Message&#8221; field_title=&#8221;Message&#8221; field_type=&#8221;text&#8221; fullwidth_field=&#8221;on&#8221; _builder_version=&#8221;3.16&#8243; border_radii=&#8221;on||||&#8221; button_text_size__hover_enabled=&#8221;off&#8221; button_one_text_size__hover_enabled=&#8221;off&#8221; button_two_text_size__hover_enabled=&#8221;off&#8221; button_text_color__hover_enabled=&#8221;off&#8221; button_one_text_color__hover_enabled=&#8221;off&#8221; button_two_text_color__hover_enabled=&#8221;off&#8221; button_border_width__hover_enabled=&#8221;off&#8221; button_one_border_width__hover_enabled=&#8221;off&#8221; button_two_border_width__hover_enabled=&#8221;off&#8221; button_border_color__hover_enabled=&#8221;off&#8221; button_one_border_color__hover_enabled=&#8221;off&#8221; button_two_border_color__hover_enabled=&#8221;off&#8221; button_border_radius__hover_enabled=&#8221;off&#8221; button_one_border_radius__hover_enabled=&#8221;off&#8221; button_two_border_radius__hover_enabled=&#8221;off&#8221; button_letter_spacing__hover_enabled=&#8221;off&#8221; button_one_letter_spacing__hover_enabled=&#8221;off&#8221; button_two_letter_spacing__hover_enabled=&#8221;off&#8221; button_bg_color__hover_enabled=&#8221;off&#8221; button_one_bg_color__hover_enabled=&#8221;off&#8221; button_two_bg_color__hover_enabled=&#8221;off&#8221;][\/et_pb_contact_field][\/et_pb_contact_form][\/et_pb_column][et_pb_column type=&#8221;1_3&#8243; _builder_version=&#8221;3.22.7&#8243;][et_pb_text _builder_version=&#8221;3.22.7&#8243; text_font=&#8221;|700||on|||||&#8221; text_text_color=&#8221;#ffffff&#8221; text_font_size=&#8221;28px&#8221; text_orientation=&#8221;center&#8221;]<\/p>\n<p>info<\/p>\n<p>[\/et_pb_text][et_pb_text _builder_version=&#8221;3.22.7&#8243; text_font=&#8221;||||||||&#8221; text_text_color=&#8221;#ffffff&#8221; text_font_size=&#8221;20px&#8221;]<\/p>\n<p><i class=\"fas fa-home\"><\/i> Goranska 24, 100190 Zagreb<\/p>\n<p><i class=\"fas fa-mobile-alt\"><\/i> +385 26 46 551<\/p>\n<p><i class=\"fas fa-fax\"><\/i> +385 26 46 551<\/p>\n<p><i class=\"fas fa-envelope\"><\/i> info@gradisan.hr<\/p>\n<p>[\/et_pb_text][\/et_pb_column][et_pb_column type=&#8221;1_3&#8243; _builder_version=&#8221;3.22.7&#8243;][et_pb_text _builder_version=&#8221;3.22.7&#8243; text_font=&#8221;|700||on|||||&#8221; text_text_color=&#8221;#ffffff&#8221; text_font_size=&#8221;28px&#8221; text_orientation=&#8221;center&#8221;]<\/p>\n<p>legal info<\/p>\n<p>[\/et_pb_text][et_pb_text _builder_version=&#8221;3.22.7&#8243; text_font=&#8221;||||||||&#8221; text_text_color=&#8221;#ffffff&#8221;]<\/p>\n<p><strong>OIB:<\/strong>\u00a052225152809 <strong>Registration number:<\/strong>\u00a0081066891 <strong>Court:\u00a0<\/strong>Trgova\u010dki sud, Zagreb <strong>Share capital: <\/strong>20.000 HRK pain in full <strong>IBAN:<\/strong>\u00a0HR4724840081135017261 Raiffeisenbank Austria d.d. Zagreb<strong>\u00a0Member of the board of directors: <\/strong>Alen Bari\u0161i\u0107<\/p>\n<p>[\/et_pb_text][\/et_pb_column][\/et_pb_row][\/et_pb_section]<\/p>\n","protected":false},"excerpt":{"rendered":"<p>[et_pb_section fb_built=&#8221;1&#8243; _builder_version=&#8221;3.22.7&#8243;][et_pb_row make_equal=&#8221;on&#8221; _builder_version=&#8221;3.22.7&#8243;][et_pb_column type=&#8221;1_3&#8243; _builder_version=&#8221;3.22.7&#8243;][et_pb_image src=&#8221;https:\/\/lab.fortuno.hr\/gradisan\/wp-content\/uploads\/2019\/05\/ESI-logotip_boja_manji.png&#8221; align=&#8221;right&#8221; _builder_version=&#8221;3.22.7&#8243; custom_margin=&#8221;25px||&#8221;][\/et_pb_image][\/et_pb_column][et_pb_column type=&#8221;1_3&#8243; _builder_version=&#8221;3.22.7&#8243;][et_pb_image src=&#8221;https:\/\/lab.fortuno.hr\/gradisan\/wp-content\/uploads\/2019\/05\/eulogo.png&#8221; align=&#8221;center&#8221; _builder_version=&#8221;3.22.7&#8243;][\/et_pb_image][\/et_pb_column][et_pb_column type=&#8221;1_3&#8243; _builder_version=&#8221;3.22.7&#8243;][et_pb_image src=&#8221;https:\/\/lab.fortuno.hr\/gradisan\/wp-content\/uploads\/2019\/05\/OPKK_boja_bez-pozadine_manji.png&#8221; _builder_version=&#8221;3.22.7&#8243; custom_margin=&#8221;25px||&#8221;][\/et_pb_image][\/et_pb_column][\/et_pb_row][et_pb_row _builder_version=&#8221;3.22.7&#8243;][et_pb_column type=&#8221;4_4&#8243; _builder_version=&#8221;3.22.7&#8243;][et_pb_text _builder_version=&#8221;3.22.7&#8243; text_font=&#8221;||||||||&#8221; text_text_color=&#8221;#000000&#8243;] Kvalitetu tvrtke Gradisan j.d.o.o. prepoznale su institucije Europske unije koje podupiru na\u0161 projekt pod nazivom: &nbsp; \u201eUlaganje u digitalnu prisutnost tvrtke Gradisan\u201c &nbsp; Projekt je sufinancirala Europska unija [&hellip;]<\/p>\n","protected":false},"author":1,"featured_media":0,"parent":0,"menu_order":0,"comment_status":"closed","ping_status":"closed","template":"","meta":{"_et_pb_use_builder":"on","_et_pb_old_content":"","_et_gb_content_width":""},"_links":{"self":[{"href":"https:\/\/lab.fortuno.hr\/gradisan\/wp-json\/wp\/v2\/pages\/84"}],"collection":[{"href":"https:\/\/lab.fortuno.hr\/gradisan\/wp-json\/wp\/v2\/pages"}],"about":[{"href":"https:\/\/lab.fortuno.hr\/gradisan\/wp-json\/wp\/v2\/types\/page"}],"author":[{"embeddable":true,"href":"https:\/\/lab.fortuno.hr\/gradisan\/wp-json\/wp\/v2\/users\/1"}],"replies":[{"embeddable":true,"href":"https:\/\/lab.fortuno.hr\/gradisan\/wp-json\/wp\/v2\/comments?post=84"}],"version-history":[{"count":3,"href":"https:\/\/lab.fortuno.hr\/gradisan\/wp-json\/wp\/v2\/pages\/84\/revisions"}],"predecessor-version":[{"id":96,"href":"https:\/\/lab.fortuno.hr\/gradisan\/wp-json\/wp\/v2\/pages\/84\/revisions\/96"}],"wp:attachment":[{"href":"https:\/\/lab.fortuno.hr\/gradisan\/wp-json\/wp\/v2\/media?parent=84"}],"curies":[{"name":"wp","href":"https:\/\/api.w.org\/{rel}","templated":true}]}}