{"id":201,"date":"2019-05-29T08:22:44","date_gmt":"2019-05-29T08:22:44","guid":{"rendered":"https:\/\/lab.fortuno.hr\/gradisan\/?page_id=201"},"modified":"2019-05-29T11:16:32","modified_gmt":"2019-05-29T11:16:32","slug":"ulaganje-u-certificiranje-tvrtke-gradisan","status":"publish","type":"page","link":"https:\/\/lab.fortuno.hr\/gradisan\/ulaganje-u-certificiranje-tvrtke-gradisan\/","title":{"rendered":"Ulaganje u certificiranje tvrtke Gradisan"},"content":{"rendered":"<p>[et_pb_section fb_built=&#8221;1&#8243; _builder_version=&#8221;3.22.7&#8243;][et_pb_row _builder_version=&#8221;3.22.7&#8243;][et_pb_column type=&#8221;1_3&#8243; _builder_version=&#8221;3.22.7&#8243;][et_pb_image src=&#8221;https:\/\/lab.fortuno.hr\/gradisan\/wp-content\/uploads\/2019\/05\/ESI-logotip_boja_manji.png&#8221; align=&#8221;right&#8221; _builder_version=&#8221;3.22.7&#8243; custom_margin=&#8221;25px||&#8221;][\/et_pb_image][\/et_pb_column][et_pb_column type=&#8221;1_3&#8243; _builder_version=&#8221;3.22.7&#8243;][et_pb_image src=&#8221;https:\/\/lab.fortuno.hr\/gradisan\/wp-content\/uploads\/2019\/05\/eulogo.png&#8221; align=&#8221;center&#8221; _builder_version=&#8221;3.22.7&#8243;][\/et_pb_image][\/et_pb_column][et_pb_column type=&#8221;1_3&#8243; _builder_version=&#8221;3.22.7&#8243;][et_pb_image src=&#8221;https:\/\/lab.fortuno.hr\/gradisan\/wp-content\/uploads\/2019\/05\/OPKK_boja_bez-pozadine_manji.png&#8221; _builder_version=&#8221;3.22.7&#8243; custom_margin=&#8221;25px||&#8221;][\/et_pb_image][\/et_pb_column][\/et_pb_row][et_pb_row _builder_version=&#8221;3.22.7&#8243;][et_pb_column type=&#8221;4_4&#8243; _builder_version=&#8221;3.22.7&#8243;][et_pb_text _builder_version=&#8221;3.22.7&#8243; text_font=&#8221;||||||||&#8221; text_text_color=&#8221;#000000&#8243;]<\/p>\n<p>Kvalitetu tvrtke Gradisan d.o.o. prepoznale su institucije Europske unije koje podupiru projekt:<\/p>\n<p>&nbsp;<\/p>\n<h3 style=\"text-align: center;\">&#8220;Ulaganje u certificiranje tvrtke Gradisan&#8221;<\/h3>\n<p>&nbsp;<\/p>\n<p>Projekt sufinancira Europska unija iz Europskih strukturnih i investicijskih fondova u financijskom razdoblju 2014-2020, konkretno, iz Europskog fonda za regionalni razvoj kroz natje\u010daj \u201e<em>Uvo\u0111enje sustava upravljanja poslovnim procesima i kvalitetom (ISO i sli\u010dne norme)<\/em>\u201c.<\/p>\n<p>Projekt je odobren u smislu unapre\u0111enja poslovanja i osna\u017eivanja kapaciteta tvrtke Gradisan kroz uvo\u0111enje me\u0111unarodno priznatih normi, a sve kako bi se ostvarili definirani ciljevi. Konkretno, predmetnom investicijom tvrtka Gradisan je ulo\u017eila u uvo\u0111enje normi ISO 9001, ISO 14001 i ISO 45001. Cilj istog je pove\u0107ati vlastitu konkurentnost \u010dime \u0107e se stvoriti preduvjeti za rast fizi\u010dkog obujma posla \u0161to \u0107e generirati potrebu za zadr\u017eavanje postoje\u0107ih i otvaranje novih radnih mjesta, uz rast prihoda. Konkretno, uspje\u0161na provedba predmetnog ulaganja dovela je do (izme\u0111u ostalog):<\/p>\n<ul>\n<li>Pove\u0107anja prihoda od prodaje.<\/li>\n<li>O\u010duvanja postoje\u0107ih i otvaranja novih radnih mjesta.<\/li>\n<li>Optimizacije 9 poslovnih procesa i pove\u0107anja produktivnosti.<\/li>\n<li>Upravljanje i vo\u0111enje dokumentacije je transparentno i kvalitetno \u010dime se smanjuju operativni tro\u0161kovi te se osigurava plan sukcesije.<\/li>\n<li>Primjenom korektivnih radnji i pra\u0107enjem nesukladnosti osigurava se eksternalizacija (samo) usluga vrhunske kvalitete \u010dime se preveniraju nesukladnosti.<\/li>\n<li>Tvrtka kontrolira sve otpadne materijale iz \u201eproizvodnog\u201c procesa, osigurava njihovo zbrinjavanje pri \u010demu se proizvodnja papirnatog otpada smanjila.<\/li>\n<li>Opasnost od ozljeda se svela na minimum te su se smanjili tro\u0161kovi bolovanja.<\/li>\n<\/ul>\n<p>Ukupna vrijednost projekta iznosi 410.250,00 HRK od kojih je 233.706,50 HRK bespovratno.<br \/>Razdoblje provedbe projekta je od 02.01.2019.-02.01.2020. godine.<\/p>\n<p>Korisnik: Gradisan d.o.o.<br \/>Adresa: Goranska 24, 10 000 Zagreb<br \/>Kontakt osoba:<\/p>\n<ul>\n<li>Alen Bari\u0161i\u0107, direktor<\/li>\n<li>Broj telefona osobe za kontakt: +385 91 612 7925<\/li>\n<li>Adresa elektronske po\u0161te osobe za kontakt: <a href=\"mailto:abarisic@gradisan.hr\">abarisic@gradisan.hr<\/a><\/li>\n<\/ul>\n<p>&nbsp;<\/p>\n<p>Kontakt relevantnih institucija:<\/p>\n<ul>\n<li>Europski strukturni investicijski fondovi &#8211; <span>https:\/\/strukturnifondovi.hr\/<\/span><\/li>\n<li>Europski fond za regionalni razvoj &#8211; <a href=\"https:\/\/strukturnifondovi.hr\/eu-fondovi\/\">https:\/\/strukturnifondovi.hr\/eu-fondovi\/<\/a><\/li>\n<li>Operativni program konkurentnost i kohezija &#8211; <a href=\"https:\/\/www.mingo.hr\/public\/investicije\/OPKK_2014_2020_31316.pdf\">https:\/\/www.mingo.hr\/public\/investicije\/OPKK_2014_2020_31316.pdf<\/a><\/li>\n<\/ul>\n<p>&nbsp;<\/p>\n<p>Sadr\u017eaj ove publikacije isklju\u010diva je odgovornost <strong>Gradisan d.o.o<\/strong>.<\/p>\n<p>[\/et_pb_text][\/et_pb_column][\/et_pb_row][\/et_pb_section][et_pb_section fb_built=&#8221;1&#8243; module_id=&#8221;contact&#8221; _builder_version=&#8221;3.22.7&#8243; background_color=&#8221;#000000&#8243; saved_tabs=&#8221;all&#8221; global_module=&#8221;86&#8243;][et_pb_row _builder_version=&#8221;3.22.7&#8243;][et_pb_column type=&#8221;1_3&#8243; _builder_version=&#8221;3.0.47&#8243;][et_pb_text _builder_version=&#8221;3.22.7&#8243; text_font=&#8221;|700||on|||||&#8221; text_text_color=&#8221;#ffffff&#8221; text_font_size=&#8221;28px&#8221; text_orientation=&#8221;center&#8221;]<\/p>\n<p>CONTACT US<\/p>\n<p>[\/et_pb_text][et_pb_contact_form captcha=&#8221;off&#8221; _builder_version=&#8221;3.22.7&#8243; custom_button=&#8221;on&#8221; button_text_color=&#8221;#ffffff&#8221; button_bg_color=&#8221;#4263c0&#8243; button_font=&#8221;||||||||&#8221; button_use_icon=&#8221;off&#8221; custom_css_contact_button=&#8221;padding: 20px 119px 20px 119px !important;&#8221; button_bg_color__hover_enabled=&#8221;on&#8221; button_bg_color__hover=&#8221;#000000&#8243;][et_pb_contact_field field_id=&#8221;Name&#8221; field_title=&#8221;Name&#8221; fullwidth_field=&#8221;on&#8221; _builder_version=&#8221;3.22.7&#8243; border_radii=&#8221;on||||&#8221; button_text_size__hover_enabled=&#8221;off&#8221; button_one_text_size__hover_enabled=&#8221;off&#8221; button_two_text_size__hover_enabled=&#8221;off&#8221; button_text_color__hover_enabled=&#8221;off&#8221; button_one_text_color__hover_enabled=&#8221;off&#8221; button_two_text_color__hover_enabled=&#8221;off&#8221; button_border_width__hover_enabled=&#8221;off&#8221; button_one_border_width__hover_enabled=&#8221;off&#8221; button_two_border_width__hover_enabled=&#8221;off&#8221; button_border_color__hover_enabled=&#8221;off&#8221; button_one_border_color__hover_enabled=&#8221;off&#8221; button_two_border_color__hover_enabled=&#8221;off&#8221; button_border_radius__hover_enabled=&#8221;off&#8221; button_one_border_radius__hover_enabled=&#8221;off&#8221; button_two_border_radius__hover_enabled=&#8221;off&#8221; button_letter_spacing__hover_enabled=&#8221;off&#8221; button_one_letter_spacing__hover_enabled=&#8221;off&#8221; button_two_letter_spacing__hover_enabled=&#8221;off&#8221; button_bg_color__hover_enabled=&#8221;off&#8221; button_one_bg_color__hover_enabled=&#8221;off&#8221; button_two_bg_color__hover_enabled=&#8221;off&#8221;][\/et_pb_contact_field][et_pb_contact_field field_id=&#8221;Email&#8221; field_title=&#8221;Email Address&#8221; field_type=&#8221;email&#8221; fullwidth_field=&#8221;on&#8221; _builder_version=&#8221;3.22.7&#8243; border_radii=&#8221;on||||&#8221; button_text_size__hover_enabled=&#8221;off&#8221; button_one_text_size__hover_enabled=&#8221;off&#8221; button_two_text_size__hover_enabled=&#8221;off&#8221; button_text_color__hover_enabled=&#8221;off&#8221; button_one_text_color__hover_enabled=&#8221;off&#8221; button_two_text_color__hover_enabled=&#8221;off&#8221; button_border_width__hover_enabled=&#8221;off&#8221; button_one_border_width__hover_enabled=&#8221;off&#8221; button_two_border_width__hover_enabled=&#8221;off&#8221; button_border_color__hover_enabled=&#8221;off&#8221; button_one_border_color__hover_enabled=&#8221;off&#8221; button_two_border_color__hover_enabled=&#8221;off&#8221; button_border_radius__hover_enabled=&#8221;off&#8221; button_one_border_radius__hover_enabled=&#8221;off&#8221; button_two_border_radius__hover_enabled=&#8221;off&#8221; button_letter_spacing__hover_enabled=&#8221;off&#8221; button_one_letter_spacing__hover_enabled=&#8221;off&#8221; button_two_letter_spacing__hover_enabled=&#8221;off&#8221; button_bg_color__hover_enabled=&#8221;off&#8221; button_one_bg_color__hover_enabled=&#8221;off&#8221; button_two_bg_color__hover_enabled=&#8221;off&#8221;][\/et_pb_contact_field][et_pb_contact_field field_id=&#8221;Message&#8221; field_title=&#8221;Message&#8221; field_type=&#8221;text&#8221; fullwidth_field=&#8221;on&#8221; _builder_version=&#8221;3.16&#8243; border_radii=&#8221;on||||&#8221; button_text_size__hover_enabled=&#8221;off&#8221; button_one_text_size__hover_enabled=&#8221;off&#8221; button_two_text_size__hover_enabled=&#8221;off&#8221; button_text_color__hover_enabled=&#8221;off&#8221; button_one_text_color__hover_enabled=&#8221;off&#8221; button_two_text_color__hover_enabled=&#8221;off&#8221; button_border_width__hover_enabled=&#8221;off&#8221; button_one_border_width__hover_enabled=&#8221;off&#8221; button_two_border_width__hover_enabled=&#8221;off&#8221; button_border_color__hover_enabled=&#8221;off&#8221; button_one_border_color__hover_enabled=&#8221;off&#8221; button_two_border_color__hover_enabled=&#8221;off&#8221; button_border_radius__hover_enabled=&#8221;off&#8221; button_one_border_radius__hover_enabled=&#8221;off&#8221; button_two_border_radius__hover_enabled=&#8221;off&#8221; button_letter_spacing__hover_enabled=&#8221;off&#8221; button_one_letter_spacing__hover_enabled=&#8221;off&#8221; button_two_letter_spacing__hover_enabled=&#8221;off&#8221; button_bg_color__hover_enabled=&#8221;off&#8221; button_one_bg_color__hover_enabled=&#8221;off&#8221; button_two_bg_color__hover_enabled=&#8221;off&#8221;][\/et_pb_contact_field][\/et_pb_contact_form][\/et_pb_column][et_pb_column type=&#8221;1_3&#8243; _builder_version=&#8221;3.0.47&#8243;][et_pb_text _builder_version=&#8221;3.22.7&#8243; text_font=&#8221;|700||on|||||&#8221; text_text_color=&#8221;#ffffff&#8221; text_font_size=&#8221;28px&#8221; text_orientation=&#8221;center&#8221;]<\/p>\n<p>info<\/p>\n<p>[\/et_pb_text][et_pb_text _builder_version=&#8221;3.22.7&#8243; text_font=&#8221;||||||||&#8221; text_text_color=&#8221;#ffffff&#8221; text_font_size=&#8221;20px&#8221;]<i class=\"fas fa-home\"><\/i> Goranska 24, 10010 Zagreb<\/p>\n<p><i class=\"fas fa-mobile-alt\"><\/i> +385 91 6127 925<\/p>\n<p><i class=\"fas fa-envelope\"><\/i> info@gradisan.hr[\/et_pb_text][et_pb_text _builder_version=&#8221;3.22.7&#8243; text_font=&#8221;|700||on|||||&#8221; text_text_color=&#8221;#ffffff&#8221; text_font_size=&#8221;28px&#8221; text_orientation=&#8221;center&#8221; custom_margin=&#8221;50px||&#8221;]<\/p>\n<p>principle of business<\/p>\n<p>[\/et_pb_text][et_pb_text _builder_version=&#8221;3.22.7&#8243;]<\/p>\n<p><a href=\"https:\/\/lab.fortuno.hr\/gradisan\/wp-content\/uploads\/2019\/05\/Gradisan-Smjernice-dru\u0161tvene-odgovornosti.pdf\">Smjernice dru\u0161tvene odgovornosti<\/a><\/p>\n<p><a href=\"https:\/\/lab.fortuno.hr\/gradisan\/wp-content\/uploads\/2019\/05\/Gradisan-Edukacija-o-jednakim-mogu\u0107nostima-i-nediskriminaciji.pdf\">Edukacija o jednakim mogu\u0107nostima i nediskriminaciji<\/a><\/p>\n<p><a href=\"https:\/\/lab.fortuno.hr\/gradisan\/wp-content\/uploads\/2019\/05\/Gradisan-5S-metoda.pdf\">5S metoda<\/a><\/p>\n<p>&nbsp;<\/p>\n<p>[\/et_pb_text][\/et_pb_column][et_pb_column type=&#8221;1_3&#8243; _builder_version=&#8221;3.0.47&#8243;][et_pb_text _builder_version=&#8221;3.22.7&#8243; text_font=&#8221;|700||on|||||&#8221; text_text_color=&#8221;#ffffff&#8221; text_font_size=&#8221;28px&#8221; text_orientation=&#8221;center&#8221;]<\/p>\n<p>legal info<\/p>\n<p>[\/et_pb_text][et_pb_text _builder_version=&#8221;3.22.7&#8243; text_font=&#8221;||||||||&#8221; text_text_color=&#8221;#ffffff&#8221;]<\/p>\n<p><strong>OIB:<\/strong>\u00a052225152809 <strong>Registration number:<\/strong>\u00a0081066891 <strong>Court:\u00a0<\/strong>Trgova\u010dki sud, Zagreb <strong>Share capital: <\/strong>20.000 HRK pain in full <strong>IBAN:<\/strong>\u00a0HR4724840081135017261 Raiffeisenbank Austria d.d. Zagreb<strong>\u00a0Member of the board of directors: <\/strong>Alen Bari\u0161i\u0107<\/p>\n<p>[\/et_pb_text][\/et_pb_column][\/et_pb_row][\/et_pb_section]<\/p>\n","protected":false},"excerpt":{"rendered":"<p>[et_pb_section fb_built=&#8221;1&#8243; _builder_version=&#8221;3.22.7&#8243;][et_pb_row _builder_version=&#8221;3.22.7&#8243;][et_pb_column type=&#8221;1_3&#8243; _builder_version=&#8221;3.22.7&#8243;][et_pb_image src=&#8221;https:\/\/lab.fortuno.hr\/gradisan\/wp-content\/uploads\/2019\/05\/ESI-logotip_boja_manji.png&#8221; align=&#8221;right&#8221; _builder_version=&#8221;3.22.7&#8243; custom_margin=&#8221;25px||&#8221;][\/et_pb_image][\/et_pb_column][et_pb_column type=&#8221;1_3&#8243; _builder_version=&#8221;3.22.7&#8243;][et_pb_image src=&#8221;https:\/\/lab.fortuno.hr\/gradisan\/wp-content\/uploads\/2019\/05\/eulogo.png&#8221; align=&#8221;center&#8221; _builder_version=&#8221;3.22.7&#8243;][\/et_pb_image][\/et_pb_column][et_pb_column type=&#8221;1_3&#8243; _builder_version=&#8221;3.22.7&#8243;][et_pb_image src=&#8221;https:\/\/lab.fortuno.hr\/gradisan\/wp-content\/uploads\/2019\/05\/OPKK_boja_bez-pozadine_manji.png&#8221; _builder_version=&#8221;3.22.7&#8243; custom_margin=&#8221;25px||&#8221;][\/et_pb_image][\/et_pb_column][\/et_pb_row][et_pb_row _builder_version=&#8221;3.22.7&#8243;][et_pb_column type=&#8221;4_4&#8243; _builder_version=&#8221;3.22.7&#8243;][et_pb_text _builder_version=&#8221;3.22.7&#8243; text_font=&#8221;||||||||&#8221; text_text_color=&#8221;#000000&#8243;] Kvalitetu tvrtke Gradisan d.o.o. prepoznale su institucije Europske unije koje podupiru projekt: &nbsp; &#8220;Ulaganje u certificiranje tvrtke Gradisan&#8221; &nbsp; Projekt sufinancira Europska unija iz Europskih strukturnih i investicijskih fondova [&hellip;]<\/p>\n","protected":false},"author":1,"featured_media":0,"parent":0,"menu_order":0,"comment_status":"closed","ping_status":"closed","template":"","meta":{"_et_pb_use_builder":"on","_et_pb_old_content":"","_et_gb_content_width":""},"_links":{"self":[{"href":"https:\/\/lab.fortuno.hr\/gradisan\/wp-json\/wp\/v2\/pages\/201"}],"collection":[{"href":"https:\/\/lab.fortuno.hr\/gradisan\/wp-json\/wp\/v2\/pages"}],"about":[{"href":"https:\/\/lab.fortuno.hr\/gradisan\/wp-json\/wp\/v2\/types\/page"}],"author":[{"embeddable":true,"href":"https:\/\/lab.fortuno.hr\/gradisan\/wp-json\/wp\/v2\/users\/1"}],"replies":[{"embeddable":true,"href":"https:\/\/lab.fortuno.hr\/gradisan\/wp-json\/wp\/v2\/comments?post=201"}],"version-history":[{"count":4,"href":"https:\/\/lab.fortuno.hr\/gradisan\/wp-json\/wp\/v2\/pages\/201\/revisions"}],"predecessor-version":[{"id":215,"href":"https:\/\/lab.fortuno.hr\/gradisan\/wp-json\/wp\/v2\/pages\/201\/revisions\/215"}],"wp:attachment":[{"href":"https:\/\/lab.fortuno.hr\/gradisan\/wp-json\/wp\/v2\/media?parent=201"}],"curies":[{"name":"wp","href":"https:\/\/api.w.org\/{rel}","templated":true}]}}