{"id":11,"date":"2021-06-14T10:35:16","date_gmt":"2021-06-14T10:35:16","guid":{"rendered":"https:\/\/lab.fortuno.hr\/eurotenda\/?page_id=11"},"modified":"2021-06-24T11:58:00","modified_gmt":"2021-06-24T09:58:00","slug":"pocetna","status":"publish","type":"page","link":"https:\/\/lab.fortuno.hr\/eurotenda\/","title":{"rendered":"Po\u010detna"},"content":{"rendered":"<section class=\"l-section wpb_row height_auto width_full\"><div class=\"l-section-h i-cf\"><div class=\"g-cols vc_row type_default valign_middle\"><div class=\"vc_col-sm-12 wpb_column vc_column_container\"><div class=\"vc_column-inner\"><div class=\"wpb_wrapper\"><div id=\"ult-carousel-272610627169e1da426dac3\" class=\"ult-carousel-wrapper  vc_custom_1624526911035 hero-slider ult_full_width\" data-gutter=\"24\" data-rtl=\"false\" ><div class=\"ult-carousel-303636791369e1da426d18e \" ><div class=\"ult-item-wrap\" data-animation=\"animated no-animation\"><div class=\"g-cols wpb_row  us_custom_155200c8 type_default valign_middle vc_inner\"><div class=\"ult-item-wrap\" data-animation=\"animated no-animation\"><div class=\"vc_col-sm-12 wpb_column vc_column_container\"><div class=\"vc_column-inner\"><div class=\"wpb_wrapper\"><div class=\"ult-item-wrap\" data-animation=\"animated no-animation\"><div class=\"wpb_text_column\" ><div class=\"wpb_wrapper\"><h2 style=\"text-align: center;\">Zainteresirani ste?<\/h2>\n<p style=\"text-align: center;\">Prona\u0111ite nas na karti, po\u0161aljite e-mail putem kontakt forme ili<br \/>\nnas jednostavno nazovite. Tu smo za Vas!<\/p>\n<\/div><\/div><\/div><div class=\"ult-item-wrap\" data-animation=\"animated no-animation\"><div class=\"w-btn-wrapper width_auto align_center\"><a class=\"w-btn us-btn-style_3 us_custom_d2199d32\" title=\"Kontakt\" href=\"https:\/\/lab.fortuno.hr\/eurotenda\/kontakt\/\"><span class=\"w-btn-label\">Kontakt<\/span><\/a><\/div><\/div><\/div><\/div><\/div><\/div><\/div><\/div><div class=\"ult-item-wrap\" data-animation=\"animated no-animation\"><div class=\"g-cols wpb_row  us_custom_e856a120 type_default valign_middle vc_inner\"><div class=\"ult-item-wrap\" data-animation=\"animated no-animation\"><div class=\"vc_col-sm-12 wpb_column vc_column_container\"><div class=\"vc_column-inner\"><div class=\"wpb_wrapper\"><div class=\"ult-item-wrap\" data-animation=\"animated no-animation\"><div class=\"wpb_text_column\" ><div class=\"wpb_wrapper\"><h2 style=\"text-align: center;\">Zainteresirani ste?<\/h2>\n<p style=\"text-align: center;\">Prona\u0111ite nas na karti, po\u0161aljite e-mail putem kontakt forme ili<br \/>\nnas jednostavno nazovite. Tu smo za Vas!<\/p>\n<\/div><\/div><\/div><div class=\"ult-item-wrap\" data-animation=\"animated no-animation\"><div class=\"w-btn-wrapper width_auto align_center\"><a class=\"w-btn us-btn-style_3 us_custom_d2199d32\" title=\"Kontakt\" href=\"https:\/\/lab.fortuno.hr\/eurotenda\/kontakt\/\"><span class=\"w-btn-label\">Kontakt<\/span><\/a><\/div><\/div><\/div><\/div><\/div><\/div><\/div><\/div><\/div><\/div>\t\t\t<script type=\"text\/javascript\">\r\n\t\t\t\tjQuery(document).ready(function ($) {\r\n\t\t\t\t\tif( typeof jQuery('.ult-carousel-303636791369e1da426d18e').slick == \"function\"){\r\n\t\t\t\t\t\t$('.ult-carousel-303636791369e1da426d18e').slick({dots: true,autoplay: true,autoplaySpeed: 4000,speed: 300,infinite: true,arrows: false,slidesToScroll:1,slidesToShow:1,swipe: true,draggable: true,touchMove: true,pauseOnHover: true,pauseOnFocus: false,responsive: [\r\n\t\t\t\t\t\t\t{\r\n\t\t\t\t\t\t\t  breakpoint: 1026,\r\n\t\t\t\t\t\t\t  settings: {\r\n\t\t\t\t\t\t\t\tslidesToShow: 1,\r\n\t\t\t\t\t\t\t\tslidesToScroll: 1,  \r\n\t\t\t\t\t\t\t  }\r\n\t\t\t\t\t\t\t},\r\n\t\t\t\t\t\t\t{\r\n\t\t\t\t\t\t\t  breakpoint: 1025,\r\n\t\t\t\t\t\t\t  settings: {\r\n\t\t\t\t\t\t\t\tslidesToShow: 1,\r\n\t\t\t\t\t\t\t\tslidesToScroll: 1\r\n\t\t\t\t\t\t\t  }\r\n\t\t\t\t\t\t\t},\r\n\t\t\t\t\t\t\t{\r\n\t\t\t\t\t\t\t  breakpoint: 760,\r\n\t\t\t\t\t\t\t  settings: {\r\n\t\t\t\t\t\t\t\tslidesToShow: 1,\r\n\t\t\t\t\t\t\t\tslidesToScroll: 1\r\n\t\t\t\t\t\t\t  }\r\n\t\t\t\t\t\t\t}\r\n\t\t\t\t\t\t],pauseOnDotsHover: true,customPaging: function(slider, i) {\r\n                   return '<i type=\"button\" style= \"color:#ffffff;\" class=\"ultsl-checkbox-partial\" data-role=\"none\"><\/i>';\r\n                },});\r\n\t\t\t\t\t}\r\n\t\t\t\t});\r\n\t\t\t<\/script>\r\n\t\t\t<\/div><\/div><\/div><\/div><\/div><\/section><section class=\"l-section wpb_row height_medium\"><div class=\"l-section-h i-cf\"><div class=\"g-cols vc_row type_default valign_top\"><div class=\"vc_col-sm-6 wpb_column vc_column_container\"><div class=\"vc_column-inner\"><div class=\"wpb_wrapper\"><div id=\"ultimate-heading-607269e1da4271ee5\" class=\"uvc-heading ult-adjust-bottom-margin ultimate-heading-607269e1da4271ee5 uvc-6352 \" data-hspacer=\"no_spacer\"  data-halign=\"center\" style=\"text-align:center\"><div class=\"uvc-heading-spacer no_spacer\" style=\"top\"><\/div><div class=\"uvc-main-heading ult-responsive\"  data-ultimate-target='.uvc-heading.ultimate-heading-607269e1da4271ee5 h3'  data-responsive-json-new='{\"font-size\":\"\",\"line-height\":\"\"}' ><h3 style=\"font-weight:normal;margin-bottom:30px;\">O nama<\/h3><\/div><\/div><div class=\"wpb_text_column\" ><div class=\"wpb_wrapper\"><p>Eurotenda d.o.o. kao porodi\u010dno zasnovana tvrtka uspje\u0161no posluje punih 25 godina.<\/p>\n<p>Bit i razliku \u010dini pristup radu i svakom pojedinom kupcu na obiteljski na\u010din; kako unutar firme u radnim timovima u proizvodnji i monta\u017eama, tako i u koordinaciji svih naizgled odvojenih procesa proizvodnje u formiranju najkvalitetnijeg proizvoda, pristup kupcu kao dobrodo\u0161lom i dragom gostu koji zaslu\u017euje i dobiva ono najbolje \u0161to mo\u017eemo ponuditi.<br \/>\nKao Slavonci, i ne znamo druga\u010dije!<\/p>\n<\/div><\/div><\/div><\/div><\/div><div class=\"vc_col-sm-6 wpb_column vc_column_container\"><div class=\"vc_column-inner\"><div class=\"wpb_wrapper\"><div id=\"ultimate-heading-833269e1da4272592\" class=\"uvc-heading ult-adjust-bottom-margin ultimate-heading-833269e1da4272592 uvc-3768 \" data-hspacer=\"no_spacer\"  data-halign=\"center\" style=\"text-align:center\"><div class=\"uvc-heading-spacer no_spacer\" style=\"top\"><\/div><div class=\"uvc-main-heading ult-responsive\"  data-ultimate-target='.uvc-heading.ultimate-heading-833269e1da4272592 h3'  data-responsive-json-new='{\"font-size\":\"\",\"line-height\":\"\"}' ><h3 style=\"font-weight:normal;margin-bottom:30px;\">Galerija<\/h3><\/div><\/div><div class=\"w-grid i-gallery type_grid layout_218 cols_3 no_gap\" id=\"us_grid_1\" data-filterable=\"true\"><style id=\"us_grid_1_css\">@media (max-width:899px){#us_grid_1 .w-grid-item{width:50.0000%}}@media (max-width:599px){#us_grid_1 .w-grid-item{width:100.0000%}}<\/style><style>.layout_218 .w-grid-item-h{}<\/style><div class=\"w-grid-list\" >\t<article class=\"w-grid-item post-193 attachment type-attachment status-inherit hentry\" data-id=\"193\">\r\n\t\t<div class=\"w-grid-item-h\">\r\n\t\t\t\t\t\t<div class=\"w-post-elm post_image usg_post_image_1 stretched\"><a href=\"https:\/\/lab.fortuno.hr\/eurotenda\/proizvodi\/\" aria-label=\"SAX &#8211; Crikvenica 3\"><img loading=\"lazy\" decoding=\"async\" width=\"1600\" height=\"1200\" src=\"https:\/\/lab.fortuno.hr\/eurotenda\/wp-content\/uploads\/2021\/06\/SAX-Crikvenica-3.jpg\" class=\"attachment- size-\" alt=\"\" srcset=\"https:\/\/lab.fortuno.hr\/eurotenda\/wp-content\/uploads\/2021\/06\/SAX-Crikvenica-3.jpg 1600w, https:\/\/lab.fortuno.hr\/eurotenda\/wp-content\/uploads\/2021\/06\/SAX-Crikvenica-3-300x225.jpg 300w, https:\/\/lab.fortuno.hr\/eurotenda\/wp-content\/uploads\/2021\/06\/SAX-Crikvenica-3-1024x768.jpg 1024w\" sizes=\"auto, (max-width: 1600px) 100vw, 1600px\" \/><\/a><\/div>\t\t<\/div>\r\n\t<\/article>\r\n\t<article class=\"w-grid-item post-191 attachment type-attachment status-inherit hentry\" data-id=\"191\">\r\n\t\t<div class=\"w-grid-item-h\">\r\n\t\t\t\t\t\t<div class=\"w-post-elm post_image usg_post_image_1 stretched\"><a href=\"https:\/\/lab.fortuno.hr\/eurotenda\/proizvodi\/\" aria-label=\"RICO Vodice 2\"><img loading=\"lazy\" decoding=\"async\" width=\"2560\" height=\"1920\" src=\"https:\/\/lab.fortuno.hr\/eurotenda\/wp-content\/uploads\/2021\/06\/RICO-Vodice-2-scaled.jpg\" class=\"attachment- size-\" alt=\"\" srcset=\"https:\/\/lab.fortuno.hr\/eurotenda\/wp-content\/uploads\/2021\/06\/RICO-Vodice-2-scaled.jpg 2560w, https:\/\/lab.fortuno.hr\/eurotenda\/wp-content\/uploads\/2021\/06\/RICO-Vodice-2-300x225.jpg 300w, https:\/\/lab.fortuno.hr\/eurotenda\/wp-content\/uploads\/2021\/06\/RICO-Vodice-2-1024x768.jpg 1024w\" sizes=\"auto, (max-width: 2560px) 100vw, 2560px\" \/><\/a><\/div>\t\t<\/div>\r\n\t<\/article>\r\n\t<article class=\"w-grid-item post-181 attachment type-attachment status-inherit hentry\" data-id=\"181\">\r\n\t\t<div class=\"w-grid-item-h\">\r\n\t\t\t\t\t\t<div class=\"w-post-elm post_image usg_post_image_1 stretched\"><a href=\"https:\/\/lab.fortuno.hr\/eurotenda\/proizvodi\/\" aria-label=\"IMG-61c1bfa3b698d08748e06ad9c4809039-V\"><img loading=\"lazy\" decoding=\"async\" width=\"1200\" height=\"1600\" src=\"https:\/\/lab.fortuno.hr\/eurotenda\/wp-content\/uploads\/2021\/06\/IMG-61c1bfa3b698d08748e06ad9c4809039-V.jpg\" class=\"attachment- size-\" alt=\"\" srcset=\"https:\/\/lab.fortuno.hr\/eurotenda\/wp-content\/uploads\/2021\/06\/IMG-61c1bfa3b698d08748e06ad9c4809039-V.jpg 1200w, https:\/\/lab.fortuno.hr\/eurotenda\/wp-content\/uploads\/2021\/06\/IMG-61c1bfa3b698d08748e06ad9c4809039-V-225x300.jpg 225w, https:\/\/lab.fortuno.hr\/eurotenda\/wp-content\/uploads\/2021\/06\/IMG-61c1bfa3b698d08748e06ad9c4809039-V-768x1024.jpg 768w\" sizes=\"auto, (max-width: 1200px) 100vw, 1200px\" \/><\/a><\/div>\t\t<\/div>\r\n\t<\/article>\r\n\t<article class=\"w-grid-item post-164 attachment type-attachment status-inherit hentry\" data-id=\"164\">\r\n\t\t<div class=\"w-grid-item-h\">\r\n\t\t\t\t\t\t<div class=\"w-post-elm post_image usg_post_image_1 stretched\"><a href=\"https:\/\/lab.fortuno.hr\/eurotenda\/proizvodi\/\" aria-label=\"IMG_1796 (2)\"><img loading=\"lazy\" decoding=\"async\" width=\"2560\" height=\"1920\" src=\"https:\/\/lab.fortuno.hr\/eurotenda\/wp-content\/uploads\/2021\/06\/IMG_1796-2-scaled.jpg\" class=\"attachment- size-\" alt=\"\" srcset=\"https:\/\/lab.fortuno.hr\/eurotenda\/wp-content\/uploads\/2021\/06\/IMG_1796-2-scaled.jpg 2560w, https:\/\/lab.fortuno.hr\/eurotenda\/wp-content\/uploads\/2021\/06\/IMG_1796-2-300x225.jpg 300w, https:\/\/lab.fortuno.hr\/eurotenda\/wp-content\/uploads\/2021\/06\/IMG_1796-2-1024x768.jpg 1024w\" sizes=\"auto, (max-width: 2560px) 100vw, 2560px\" \/><\/a><\/div>\t\t<\/div>\r\n\t<\/article>\r\n\t<article class=\"w-grid-item post-155 attachment type-attachment status-inherit hentry\" data-id=\"155\">\r\n\t\t<div class=\"w-grid-item-h\">\r\n\t\t\t\t\t\t<div class=\"w-post-elm post_image usg_post_image_1 stretched\"><a href=\"https:\/\/lab.fortuno.hr\/eurotenda\/proizvodi\/\" aria-label=\"IMG_1015\"><img loading=\"lazy\" decoding=\"async\" width=\"2560\" height=\"1920\" src=\"https:\/\/lab.fortuno.hr\/eurotenda\/wp-content\/uploads\/2021\/06\/IMG_1015-scaled.jpg\" class=\"attachment- size-\" alt=\"\" srcset=\"https:\/\/lab.fortuno.hr\/eurotenda\/wp-content\/uploads\/2021\/06\/IMG_1015-scaled.jpg 2560w, https:\/\/lab.fortuno.hr\/eurotenda\/wp-content\/uploads\/2021\/06\/IMG_1015-300x225.jpg 300w, https:\/\/lab.fortuno.hr\/eurotenda\/wp-content\/uploads\/2021\/06\/IMG_1015-1024x768.jpg 1024w\" sizes=\"auto, (max-width: 2560px) 100vw, 2560px\" \/><\/a><\/div>\t\t<\/div>\r\n\t<\/article>\r\n\t<article class=\"w-grid-item post-124 attachment type-attachment status-inherit hentry\" data-id=\"124\">\r\n\t\t<div class=\"w-grid-item-h\">\r\n\t\t\t\t\t\t<div class=\"w-post-elm post_image usg_post_image_1 stretched\"><a href=\"https:\/\/lab.fortuno.hr\/eurotenda\/proizvodi\/\" aria-label=\"677\"><img loading=\"lazy\" decoding=\"async\" width=\"1500\" height=\"994\" src=\"https:\/\/lab.fortuno.hr\/eurotenda\/wp-content\/uploads\/2021\/06\/677.jpg\" class=\"attachment- size-\" alt=\"\" srcset=\"https:\/\/lab.fortuno.hr\/eurotenda\/wp-content\/uploads\/2021\/06\/677.jpg 1500w, https:\/\/lab.fortuno.hr\/eurotenda\/wp-content\/uploads\/2021\/06\/677-300x199.jpg 300w, https:\/\/lab.fortuno.hr\/eurotenda\/wp-content\/uploads\/2021\/06\/677-1024x679.jpg 1024w\" sizes=\"auto, (max-width: 1500px) 100vw, 1500px\" \/><\/a><\/div>\t\t<\/div>\r\n\t<\/article>\r\n<\/div><div class=\"w-grid-preloader\"><div class=\"g-preloader type_1\">\r\n\t<div><\/div>\r\n<\/div>\r\n<\/div>\t<div class=\"w-grid-json hidden\" onclick='return {&quot;action&quot;:&quot;us_ajax_grid&quot;,&quot;ajax_url&quot;:&quot;https:\\\/\\\/lab.fortuno.hr\\\/eurotenda\\\/wp-admin\\\/admin-ajax.php&quot;,&quot;infinite_scroll&quot;:0,&quot;max_num_pages&quot;:1,&quot;pagination&quot;:&quot;none&quot;,&quot;permalink_url&quot;:&quot;https:\\\/\\\/lab.fortuno.hr\\\/eurotenda\\\/wp-json\\\/wp\\\/v2\\\/pages\\\/11&quot;,&quot;template_vars&quot;:{&quot;columns&quot;:&quot;3&quot;,&quot;exclude_items&quot;:&quot;none&quot;,&quot;img_size&quot;:&quot;default&quot;,&quot;ignore_items_size&quot;:false,&quot;items_layout&quot;:&quot;218&quot;,&quot;items_offset&quot;:&quot;1&quot;,&quot;load_animation&quot;:&quot;none&quot;,&quot;overriding_link&quot;:&quot;none&quot;,&quot;post_id&quot;:11,&quot;query_args&quot;:{&quot;post_type&quot;:[&quot;attachment&quot;],&quot;post__in&quot;:[&quot;191&quot;,&quot;181&quot;,&quot;164&quot;,&quot;155&quot;,&quot;193&quot;,&quot;124&quot;],&quot;post_status&quot;:&quot;inherit&quot;,&quot;post_mime_type&quot;:&quot;image&quot;,&quot;posts_per_page&quot;:&quot;6&quot;},&quot;orderby_query_args&quot;:{&quot;orderby&quot;:{&quot;date&quot;:&quot;DESC&quot;}},&quot;type&quot;:&quot;grid&quot;,&quot;us_grid_ajax_index&quot;:1,&quot;us_grid_filter_params&quot;:null,&quot;us_grid_index&quot;:1,&quot;_us_grid_post_type&quot;:&quot;attachment&quot;}}'><\/div>\r\n\t<\/div><\/div><\/div><\/div><\/div><\/div><\/section>\n","protected":false},"excerpt":{"rendered":"","protected":false},"author":1,"featured_media":0,"parent":0,"menu_order":0,"comment_status":"closed","ping_status":"closed","template":"","meta":{"footnotes":""},"class_list":["post-11","page","type-page","status-publish","hentry"],"_links":{"self":[{"href":"https:\/\/lab.fortuno.hr\/eurotenda\/wp-json\/wp\/v2\/pages\/11","targetHints":{"allow":["GET"]}}],"collection":[{"href":"https:\/\/lab.fortuno.hr\/eurotenda\/wp-json\/wp\/v2\/pages"}],"about":[{"href":"https:\/\/lab.fortuno.hr\/eurotenda\/wp-json\/wp\/v2\/types\/page"}],"author":[{"embeddable":true,"href":"https:\/\/lab.fortuno.hr\/eurotenda\/wp-json\/wp\/v2\/users\/1"}],"replies":[{"embeddable":true,"href":"https:\/\/lab.fortuno.hr\/eurotenda\/wp-json\/wp\/v2\/comments?post=11"}],"version-history":[{"count":57,"href":"https:\/\/lab.fortuno.hr\/eurotenda\/wp-json\/wp\/v2\/pages\/11\/revisions"}],"predecessor-version":[{"id":225,"href":"https:\/\/lab.fortuno.hr\/eurotenda\/wp-json\/wp\/v2\/pages\/11\/revisions\/225"}],"wp:attachment":[{"href":"https:\/\/lab.fortuno.hr\/eurotenda\/wp-json\/wp\/v2\/media?parent=11"}],"curies":[{"name":"wp","href":"https:\/\/api.w.org\/{rel}","templated":true}]}}